{"id":1026,"date":"2017-04-04T12:37:04","date_gmt":"2017-04-04T12:37:04","guid":{"rendered":"https:\/\/educacionbilingue.eu\/?page_id=1026"},"modified":"2018-03-18T14:39:42","modified_gmt":"2018-03-18T14:39:42","slug":"dr-elena-orduna-nocito","status":"publish","type":"page","link":"https:\/\/educacionbilingue.eu\/en\/dr-elena-orduna-nocito\/","title":{"rendered":"Dr. Elena Orduna Nocito"},"content":{"rendered":"<p>[vc_row css_animation=&#8221;&#8221; row_type=&#8221;row&#8221; use_row_as_full_screen_section=&#8221;no&#8221; type=&#8221;full_width&#8221; angled_section=&#8221;no&#8221; text_align=&#8221;left&#8221; background_image_as_pattern=&#8221;without_pattern&#8221; el_class=&#8221;fondo-teja&#8221; css=&#8221;.vc_custom_1490630823443{margin-right: 5% !important;margin-left: 5% !important;padding-top: 75px !important;}&#8221;][vc_column][vc_column_text css=&#8221;.vc_custom_1493291208041{padding-bottom: 50px !important;}&#8221;]<\/p>\n<h1 style=\"text-align: center;\">Educators group<\/h1>\n<p>[\/vc_column_text][vc_single_image image=&#8221;1020&#8243; img_size=&#8221;full&#8221; alignment=&#8221;center&#8221; qode_css_animation=&#8221;&#8221; css=&#8221;.vc_custom_1491308803007{padding-bottom: 50px !important;}&#8221;][vc_column_text css=&#8221;.vc_custom_1491293958222{padding-bottom: 50px !important;}&#8221;]<\/p>\n<p style=\"text-align: center;\"><span style=\"font-size: 32pt; color: #808080;\">Dr. Elena Orduna Nocito<\/span><\/p>\n<p>[\/vc_column_text][vc_column_text]<\/p>\n<p style=\"text-align: center;\"><span style=\"color: #a71f00;\">Biodata<\/span><\/p>\n<p>&nbsp;<\/p>\n<p style=\"text-align: justify;\">Elena Orduna holds a PhD in English linguistics from Complutense University (UCM) . She is currently the Language Policy Director at the Universidad Francisco de Vitoria, responsible for the implementation of bilingual teaching and EMI methodology at the institution. She is also associate professor at the UCM where she teaches subjects in the area of second language learning and bilingual teaching.<br \/>\nHer research is mainly carried out in the field of english linguistics applied to teaching and second language teaching methology in Higher Education. She has participated in several research proyects such as AICLE (Assessment and evaluation in CLIL), VESPA (Varieties of English for Specific Academic Purposes)\u00a0and EDICC (European Diploma for Intercultural Competence). Most of her publications are derived from these. Furthermore, she is part of the Executive Committee of ACLES (Asociaci\u00f3n Espa\u00f1ola de Centros de Lenguas de Ense\u00f1anza superior).<\/p>\n<p>[\/vc_column_text][vc_empty_space][vc_column_text]<\/p>\n<p style=\"text-align: center;\"><span style=\"color: #a71f00;\">A bird eye\u2019s view of bilingual education in ehea: a change of paradigm in the spanish university<\/span><\/p>\n<p>&nbsp;<\/p>\n<p style=\"text-align: justify;\">In the last decade Bilingual Programmes and English as a Medium of Instruction (EMI) in Higher Education has thrived as a teaching aproach throughout Europe. Spanish Tertiary education has experienced a rapid growth in the number of academic content subjects taught in English (SEPIE, 2016), fact which has lead to a complete change of paradigm in language and internationalization policies as well as in academic globalization.<br \/>\nIn tertiary institutions the main teaching focus is not so much on Content and Language Learning (CLIL) -as in secondary education-, but rather on EMI due to the bid for &#8220;internationalization&#8221; which has a double aim: first, allowing national students to experience internationalization at home (Teekens 2013) and, second, integrating national and international students in one same teaching context by using a lingua franca which is not necessarily the mother tongue of lecturers or students. This new approach in tertuary education has generated debate among higher education professionals on the similarities and differences between EMI and CLIL at University (Wilkinson &amp; Zagers 2008, Dalton &amp; Puffer 2011, Gierlinger 2012, Dafouz &amp; Smith 2014).<br \/>\nThe transition from teaching through Spanish to English goes beyond linguistic development. It implies major changes in language policy, in the traditional roles of EMI lecturers and English Language teachers, in the threshold language levels set for participants, in teaching approaches, methodologies and pedagogies (planning, timing, didactic materials, assessment, etc.)<br \/>\nThere are still some relevant issues to address which currently seem to hinder the gradual implementation of EMI at Spanish universities. First, the English language competence of the university community, second the lack of trainning and instituional support and, finally, the general assumption that EMI lecturers are by no means language teachers. In Spain there is an heterogeneous situation regarding all these issues.However, some general recommendations have been recently set (CRUE 2016, Hallbach &amp; L\u00e1zaro 2015).<\/p>\n<p>[\/vc_column_text][vc_empty_space][\/vc_column][\/vc_row]<\/p>\n","protected":false},"excerpt":{"rendered":"<p>[vc_row css_animation=&#8221;&#8221; row_type=&#8221;row&#8221; use_row_as_full_screen_section=&#8221;no&#8221; type=&#8221;full_width&#8221; angled_section=&#8221;no&#8221; text_align=&#8221;left&#8221; background_image_as_pattern=&#8221;without_pattern&#8221; el_class=&#8221;fondo-teja&#8221; css=&#8221;.vc_custom_1490630823443{margin-right: 5% !important;margin-left: 5% !important;padding-top: 75px !important;}&#8221;][vc_column][vc_column_text css=&#8221;.vc_custom_1493291208041{padding-bottom: 50px !important;}&#8221;] Educators group [\/vc_column_text][vc_single_image image=&#8221;1020&#8243; img_size=&#8221;full&#8221; alignment=&#8221;center&#8221; qode_css_animation=&#8221;&#8221; css=&#8221;.vc_custom_1491308803007{padding-bottom: 50px !important;}&#8221;][vc_column_text css=&#8221;.vc_custom_1491293958222{padding-bottom: 50px !important;}&#8221;] Dr. Elena Orduna Nocito [\/vc_column_text][vc_column_text] Biodata &nbsp; Elena Orduna holds a PhD in&#8230;<\/p>\n","protected":false},"author":2,"featured_media":0,"parent":0,"menu_order":0,"comment_status":"closed","ping_status":"closed","template":"tema-magister_2017.php","meta":{"footnotes":""},"class_list":["post-1026","page","type-page","status-publish","hentry"],"yoast_head":"<!-- This site is optimized with the Yoast SEO plugin v20.1 - https:\/\/yoast.com\/wordpress\/plugins\/seo\/ -->\n<title>Dr. Elena Orduna Nocito - V Blended Conference for Professionals in Bilingual and International Education<\/title>\n<meta name=\"robots\" content=\"index, follow, max-snippet:-1, max-image-preview:large, max-video-preview:-1\" \/>\n<link rel=\"canonical\" href=\"https:\/\/educacionbilingue.eu\/dr-elena-orduna-nocito\/\" \/>\n<meta property=\"og:locale\" content=\"en_US\" \/>\n<meta property=\"og:type\" content=\"article\" \/>\n<meta property=\"og:title\" content=\"Dr. Elena Orduna Nocito - V Blended Conference for Professionals in Bilingual and International Education\" \/>\n<meta property=\"og:description\" content=\"[vc_row css_animation=&#8221;&#8221; row_type=&#8221;row&#8221; use_row_as_full_screen_section=&#8221;no&#8221; type=&#8221;full_width&#8221; angled_section=&#8221;no&#8221; text_align=&#8221;left&#8221; background_image_as_pattern=&#8221;without_pattern&#8221; el_class=&#8221;fondo-teja&#8221; css=&#8221;.vc_custom_1490630823443{margin-right: 5% !important;margin-left: 5% !important;padding-top: 75px !important;}&#8221;][vc_column][vc_column_text css=&#8221;.vc_custom_1493291208041{padding-bottom: 50px !important;}&#8221;] Educators group [\/vc_column_text][vc_single_image image=&#8221;1020&#8243; img_size=&#8221;full&#8221; alignment=&#8221;center&#8221; qode_css_animation=&#8221;&#8221; css=&#8221;.vc_custom_1491308803007{padding-bottom: 50px !important;}&#8221;][vc_column_text css=&#8221;.vc_custom_1491293958222{padding-bottom: 50px !important;}&#8221;] Dr. Elena Orduna Nocito [\/vc_column_text][vc_column_text] Biodata &nbsp; Elena Orduna holds a PhD in...\" \/>\n<meta property=\"og:url\" content=\"https:\/\/educacionbilingue.eu\/dr-elena-orduna-nocito\/\" \/>\n<meta property=\"og:site_name\" content=\"V Blended Conference for Professionals in Bilingual and International Education\" \/>\n<meta property=\"article:modified_time\" content=\"2018-03-18T14:39:42+00:00\" \/>\n<meta property=\"og:image\" content=\"https:\/\/educacionbilingue.eu\/wp-content\/uploads\/2017\/04\/cropped-logo-web.png\" \/>\n\t<meta property=\"og:image:width\" content=\"512\" \/>\n\t<meta property=\"og:image:height\" content=\"512\" \/>\n\t<meta property=\"og:image:type\" content=\"image\/png\" \/>\n<meta name=\"twitter:card\" content=\"summary_large_image\" \/>\n<meta name=\"twitter:label1\" content=\"Est. reading time\" \/>\n\t<meta name=\"twitter:data1\" content=\"3 minutes\" \/>\n<script type=\"application\/ld+json\" class=\"yoast-schema-graph\">{\"@context\":\"https:\/\/schema.org\",\"@graph\":[{\"@type\":\"WebPage\",\"@id\":\"https:\/\/educacionbilingue.eu\/dr-elena-orduna-nocito\/\",\"url\":\"https:\/\/educacionbilingue.eu\/dr-elena-orduna-nocito\/\",\"name\":\"Dr. Elena Orduna Nocito - V Blended Conference for Professionals in Bilingual and International Education\",\"isPartOf\":{\"@id\":\"https:\/\/educacionbilingue.eu\/#website\"},\"datePublished\":\"2017-04-04T12:37:04+00:00\",\"dateModified\":\"2018-03-18T14:39:42+00:00\",\"breadcrumb\":{\"@id\":\"https:\/\/educacionbilingue.eu\/dr-elena-orduna-nocito\/#breadcrumb\"},\"inLanguage\":\"en-EN\",\"potentialAction\":[{\"@type\":\"ReadAction\",\"target\":[\"https:\/\/educacionbilingue.eu\/dr-elena-orduna-nocito\/\"]}]},{\"@type\":\"BreadcrumbList\",\"@id\":\"https:\/\/educacionbilingue.eu\/dr-elena-orduna-nocito\/#breadcrumb\",\"itemListElement\":[{\"@type\":\"ListItem\",\"position\":1,\"name\":\"V Congreso Semipresencial para Profesionales de la Educaci\u00f3n Biling\u00fce e Internacional\",\"item\":\"https:\/\/educacionbilingue.eu\/\"},{\"@type\":\"ListItem\",\"position\":2,\"name\":\"Dr. Elena Orduna Nocito\"}]},{\"@type\":\"WebSite\",\"@id\":\"https:\/\/educacionbilingue.eu\/#website\",\"url\":\"https:\/\/educacionbilingue.eu\/\",\"name\":\"V Blended Conference for Professionals in Bilingual and International Education\",\"description\":\"\",\"publisher\":{\"@id\":\"https:\/\/educacionbilingue.eu\/#organization\"},\"potentialAction\":[{\"@type\":\"SearchAction\",\"target\":{\"@type\":\"EntryPoint\",\"urlTemplate\":\"https:\/\/educacionbilingue.eu\/?s={search_term_string}\"},\"query-input\":\"required name=search_term_string\"}],\"inLanguage\":\"en-EN\"},{\"@type\":\"Organization\",\"@id\":\"https:\/\/educacionbilingue.eu\/#organization\",\"name\":\"Congreso de Educaci\u00f3n Biling\u00fce\",\"url\":\"https:\/\/educacionbilingue.eu\/\",\"logo\":{\"@type\":\"ImageObject\",\"inLanguage\":\"en-EN\",\"@id\":\"https:\/\/educacionbilingue.eu\/#\/schema\/logo\/image\/\",\"url\":\"https:\/\/educacionbilingue.eu\/wp-content\/uploads\/2018\/03\/400dpiLogoCropped.png\",\"contentUrl\":\"https:\/\/educacionbilingue.eu\/wp-content\/uploads\/2018\/03\/400dpiLogoCropped.png\",\"width\":800,\"height\":1167,\"caption\":\"Congreso de Educaci\u00f3n Biling\u00fce\"},\"image\":{\"@id\":\"https:\/\/educacionbilingue.eu\/#\/schema\/logo\/image\/\"}}]}<\/script>\n<!-- \/ Yoast SEO plugin. -->","yoast_head_json":{"title":"Dr. Elena Orduna Nocito - V Blended Conference for Professionals in Bilingual and International Education","robots":{"index":"index","follow":"follow","max-snippet":"max-snippet:-1","max-image-preview":"max-image-preview:large","max-video-preview":"max-video-preview:-1"},"canonical":"https:\/\/educacionbilingue.eu\/dr-elena-orduna-nocito\/","og_locale":"en_US","og_type":"article","og_title":"Dr. Elena Orduna Nocito - V Blended Conference for Professionals in Bilingual and International Education","og_description":"[vc_row css_animation=&#8221;&#8221; row_type=&#8221;row&#8221; use_row_as_full_screen_section=&#8221;no&#8221; type=&#8221;full_width&#8221; angled_section=&#8221;no&#8221; text_align=&#8221;left&#8221; background_image_as_pattern=&#8221;without_pattern&#8221; el_class=&#8221;fondo-teja&#8221; css=&#8221;.vc_custom_1490630823443{margin-right: 5% !important;margin-left: 5% !important;padding-top: 75px !important;}&#8221;][vc_column][vc_column_text css=&#8221;.vc_custom_1493291208041{padding-bottom: 50px !important;}&#8221;] Educators group [\/vc_column_text][vc_single_image image=&#8221;1020&#8243; img_size=&#8221;full&#8221; alignment=&#8221;center&#8221; qode_css_animation=&#8221;&#8221; css=&#8221;.vc_custom_1491308803007{padding-bottom: 50px !important;}&#8221;][vc_column_text css=&#8221;.vc_custom_1491293958222{padding-bottom: 50px !important;}&#8221;] Dr. Elena Orduna Nocito [\/vc_column_text][vc_column_text] Biodata &nbsp; Elena Orduna holds a PhD in...","og_url":"https:\/\/educacionbilingue.eu\/dr-elena-orduna-nocito\/","og_site_name":"V Blended Conference for Professionals in Bilingual and International Education","article_modified_time":"2018-03-18T14:39:42+00:00","og_image":[{"width":512,"height":512,"url":"https:\/\/educacionbilingue.eu\/wp-content\/uploads\/2017\/04\/cropped-logo-web.png","type":"image\/png"}],"twitter_card":"summary_large_image","twitter_misc":{"Est. reading time":"3 minutes"},"schema":{"@context":"https:\/\/schema.org","@graph":[{"@type":"WebPage","@id":"https:\/\/educacionbilingue.eu\/dr-elena-orduna-nocito\/","url":"https:\/\/educacionbilingue.eu\/dr-elena-orduna-nocito\/","name":"Dr. Elena Orduna Nocito - V Blended Conference for Professionals in Bilingual and International Education","isPartOf":{"@id":"https:\/\/educacionbilingue.eu\/#website"},"datePublished":"2017-04-04T12:37:04+00:00","dateModified":"2018-03-18T14:39:42+00:00","breadcrumb":{"@id":"https:\/\/educacionbilingue.eu\/dr-elena-orduna-nocito\/#breadcrumb"},"inLanguage":"en-EN","potentialAction":[{"@type":"ReadAction","target":["https:\/\/educacionbilingue.eu\/dr-elena-orduna-nocito\/"]}]},{"@type":"BreadcrumbList","@id":"https:\/\/educacionbilingue.eu\/dr-elena-orduna-nocito\/#breadcrumb","itemListElement":[{"@type":"ListItem","position":1,"name":"V Congreso Semipresencial para Profesionales de la Educaci\u00f3n Biling\u00fce e Internacional","item":"https:\/\/educacionbilingue.eu\/"},{"@type":"ListItem","position":2,"name":"Dr. Elena Orduna Nocito"}]},{"@type":"WebSite","@id":"https:\/\/educacionbilingue.eu\/#website","url":"https:\/\/educacionbilingue.eu\/","name":"V Blended Conference for Professionals in Bilingual and International Education","description":"","publisher":{"@id":"https:\/\/educacionbilingue.eu\/#organization"},"potentialAction":[{"@type":"SearchAction","target":{"@type":"EntryPoint","urlTemplate":"https:\/\/educacionbilingue.eu\/?s={search_term_string}"},"query-input":"required name=search_term_string"}],"inLanguage":"en-EN"},{"@type":"Organization","@id":"https:\/\/educacionbilingue.eu\/#organization","name":"Congreso de Educaci\u00f3n Biling\u00fce","url":"https:\/\/educacionbilingue.eu\/","logo":{"@type":"ImageObject","inLanguage":"en-EN","@id":"https:\/\/educacionbilingue.eu\/#\/schema\/logo\/image\/","url":"https:\/\/educacionbilingue.eu\/wp-content\/uploads\/2018\/03\/400dpiLogoCropped.png","contentUrl":"https:\/\/educacionbilingue.eu\/wp-content\/uploads\/2018\/03\/400dpiLogoCropped.png","width":800,"height":1167,"caption":"Congreso de Educaci\u00f3n Biling\u00fce"},"image":{"@id":"https:\/\/educacionbilingue.eu\/#\/schema\/logo\/image\/"}}]}},"_links":{"self":[{"href":"https:\/\/educacionbilingue.eu\/en\/wp-json\/wp\/v2\/pages\/1026","targetHints":{"allow":["GET"]}}],"collection":[{"href":"https:\/\/educacionbilingue.eu\/en\/wp-json\/wp\/v2\/pages"}],"about":[{"href":"https:\/\/educacionbilingue.eu\/en\/wp-json\/wp\/v2\/types\/page"}],"author":[{"embeddable":true,"href":"https:\/\/educacionbilingue.eu\/en\/wp-json\/wp\/v2\/users\/2"}],"replies":[{"embeddable":true,"href":"https:\/\/educacionbilingue.eu\/en\/wp-json\/wp\/v2\/comments?post=1026"}],"version-history":[{"count":5,"href":"https:\/\/educacionbilingue.eu\/en\/wp-json\/wp\/v2\/pages\/1026\/revisions"}],"predecessor-version":[{"id":1376,"href":"https:\/\/educacionbilingue.eu\/en\/wp-json\/wp\/v2\/pages\/1026\/revisions\/1376"}],"wp:attachment":[{"href":"https:\/\/educacionbilingue.eu\/en\/wp-json\/wp\/v2\/media?parent=1026"}],"curies":[{"name":"wp","href":"https:\/\/api.w.org\/{rel}","templated":true}]}}