{"id":1701,"date":"2018-03-12T16:13:35","date_gmt":"2018-03-12T16:13:35","guid":{"rendered":"https:\/\/educacionbilingue.eu\/?page_id=1701"},"modified":"2018-03-19T17:45:32","modified_gmt":"2018-03-19T17:45:32","slug":"fernanda-pacheco","status":"publish","type":"page","link":"https:\/\/educacionbilingue.eu\/en\/fernanda-pacheco\/","title":{"rendered":"D\u00aa. Fernanda Pacheco"},"content":{"rendered":"<p>[vc_row css_animation=&#8221;&#8221; row_type=&#8221;row&#8221; use_row_as_full_screen_section=&#8221;no&#8221; type=&#8221;full_width&#8221; angled_section=&#8221;no&#8221; text_align=&#8221;left&#8221; background_image_as_pattern=&#8221;without_pattern&#8221; el_class=&#8221;fondo-teja&#8221; css=&#8221;.vc_custom_1490630823443{margin-right: 5% !important;margin-left: 5% !important;padding-top: 75px !important;}&#8221;][vc_column][vc_single_image image=&#8221;1699&#8243; img_size=&#8221;full&#8221; alignment=&#8221;center&#8221; qode_css_animation=&#8221;&#8221; css=&#8221;.vc_custom_1520871330703{padding-bottom: 50px !important;}&#8221;][vc_column_text css=&#8221;.vc_custom_1520871241034{padding-bottom: 50px !important;}&#8221;]<\/p>\n<p style=\"text-align: center;\"><span style=\"font-size: 32pt; color: #808080;\">D\u00aa\u00a0Fernanda Pacheco<\/span><\/p>\n<p>[\/vc_column_text][vc_column_text]<\/p>\n<p style=\"text-align: center;\"><span style=\"color: #a71f00;\">Biodata<\/span><\/p>\n<p>&nbsp;<\/p>\n<p>Researcher and PhD student in Cognitive Science and language in the Faculty of Psychology at University of Barcelona. After getting a Master in Communication at University of Palermo (Argentina), she worked as a lecturer, researcher and editor of scientific-academic articles at several universities in Argentina and Ecuador from 2005 until 2014. Moreover, she was the Academic Director in the Degree of Advertising and Management at UTE in Ecuador. She worked as a specialist and editor in Educational Research Management at INEVAL of Ministry of Education (Ecuador), focusing on the development of socio-educational researches. She is currently a PhD researcher in Autism spectrum disorder, Bilingualism and Technology, of the Research group GRECIL at Universitat de Barcelona and Universitat Oberta de Catalunya (Spain). She also collaborates as a researcher in the Project \u201c\u201cEl aprendizaje impl\u00edcito en ni\u00f1os con Trastorno Especifico del Lenguaje mediante el registro de movimientos oculares\u201d R721E_EDU2016-75368-P. She is a member of the group RecerTEL, dedicated to the transference of research to the society, giving advice and training to parents and professionals about the Specific Language Impairment. In 2017, she did a research stay in FILIUS Institute at University of Puerto Rico, which is specialized in Autism spectrum disorder.[\/vc_column_text][vc_empty_space][vc_column_text]<\/p>\n<p style=\"text-align: center;\"><span style=\"color: #a71f00;\">Uso y preferencia de lengua en ni\u00f1os (entre 6 y 12 a\u00f1os) biling\u00fces con Trastorno del Espectro Autista<\/span><\/p>\n<p>&nbsp;<\/p>\n<p>Children with Autism spectrum disorder (ASD) have problems to process complex information in the language [1]. Bilingual children with ASD prefer the use of a second language (L2) instead of their mother tongue (L1) in daily activities [2]. The objective of this work is to analyse the use and preference of the L1 (Spanish) and L2 (English) in bilingual children with ASD through a task of naming words with different levels of difficulty. The sample was composed by children between 6 and 12 years old diagnosed with mild ASD (n=14) and a control group with children of typical development (n=14), paired by age, gender and language exposition. The results showed that when there is more difficulty, ASD children make more mistakes than the control groups; regarding preference of language, control groups have greater preference for L1.[\/vc_column_text][vc_empty_space][\/vc_column][\/vc_row]<\/p>\n","protected":false},"excerpt":{"rendered":"<p>[vc_row css_animation=&#8221;&#8221; row_type=&#8221;row&#8221; use_row_as_full_screen_section=&#8221;no&#8221; type=&#8221;full_width&#8221; angled_section=&#8221;no&#8221; text_align=&#8221;left&#8221; background_image_as_pattern=&#8221;without_pattern&#8221; el_class=&#8221;fondo-teja&#8221; css=&#8221;.vc_custom_1490630823443{margin-right: 5% !important;margin-left: 5% !important;padding-top: 75px !important;}&#8221;][vc_column][vc_single_image image=&#8221;1699&#8243; img_size=&#8221;full&#8221; alignment=&#8221;center&#8221; qode_css_animation=&#8221;&#8221; css=&#8221;.vc_custom_1520871330703{padding-bottom: 50px !important;}&#8221;][vc_column_text css=&#8221;.vc_custom_1520871241034{padding-bottom: 50px !important;}&#8221;] D\u00aa\u00a0Fernanda Pacheco [\/vc_column_text][vc_column_text] Biodata &nbsp; Researcher and PhD student in Cognitive Science and language in the Faculty of Psychology&#8230;<\/p>\n","protected":false},"author":2,"featured_media":0,"parent":0,"menu_order":0,"comment_status":"closed","ping_status":"closed","template":"tema-magister.php","meta":{"footnotes":""},"class_list":["post-1701","page","type-page","status-publish","hentry"],"yoast_head":"<!-- This site is optimized with the Yoast SEO plugin v20.1 - https:\/\/yoast.com\/wordpress\/plugins\/seo\/ -->\n<title>D\u00aa. Fernanda Pacheco - V Blended Conference for Professionals in Bilingual and International Education<\/title>\n<meta name=\"robots\" content=\"index, follow, max-snippet:-1, max-image-preview:large, max-video-preview:-1\" \/>\n<link rel=\"canonical\" href=\"https:\/\/educacionbilingue.eu\/fernanda-pacheco\/\" \/>\n<meta property=\"og:locale\" content=\"en_US\" \/>\n<meta property=\"og:type\" content=\"article\" \/>\n<meta property=\"og:title\" content=\"D\u00aa. Fernanda Pacheco - V Blended Conference for Professionals in Bilingual and International Education\" \/>\n<meta property=\"og:description\" content=\"[vc_row css_animation=&#8221;&#8221; row_type=&#8221;row&#8221; use_row_as_full_screen_section=&#8221;no&#8221; type=&#8221;full_width&#8221; angled_section=&#8221;no&#8221; text_align=&#8221;left&#8221; background_image_as_pattern=&#8221;without_pattern&#8221; el_class=&#8221;fondo-teja&#8221; css=&#8221;.vc_custom_1490630823443{margin-right: 5% !important;margin-left: 5% !important;padding-top: 75px !important;}&#8221;][vc_column][vc_single_image image=&#8221;1699&#8243; img_size=&#8221;full&#8221; alignment=&#8221;center&#8221; qode_css_animation=&#8221;&#8221; css=&#8221;.vc_custom_1520871330703{padding-bottom: 50px !important;}&#8221;][vc_column_text css=&#8221;.vc_custom_1520871241034{padding-bottom: 50px !important;}&#8221;] D\u00aa\u00a0Fernanda Pacheco [\/vc_column_text][vc_column_text] Biodata &nbsp; Researcher and PhD student in Cognitive Science and language in the Faculty of Psychology...\" \/>\n<meta property=\"og:url\" content=\"https:\/\/educacionbilingue.eu\/fernanda-pacheco\/\" \/>\n<meta property=\"og:site_name\" content=\"V Blended Conference for Professionals in Bilingual and International Education\" \/>\n<meta property=\"article:modified_time\" content=\"2018-03-19T17:45:32+00:00\" \/>\n<meta property=\"og:image\" content=\"https:\/\/educacionbilingue.eu\/wp-content\/uploads\/2017\/04\/cropped-logo-web.png\" \/>\n\t<meta property=\"og:image:width\" content=\"512\" \/>\n\t<meta property=\"og:image:height\" content=\"512\" \/>\n\t<meta property=\"og:image:type\" content=\"image\/png\" \/>\n<meta name=\"twitter:card\" content=\"summary_large_image\" \/>\n<meta name=\"twitter:label1\" content=\"Est. reading time\" \/>\n\t<meta name=\"twitter:data1\" content=\"2 minutes\" \/>\n<script type=\"application\/ld+json\" class=\"yoast-schema-graph\">{\"@context\":\"https:\/\/schema.org\",\"@graph\":[{\"@type\":\"WebPage\",\"@id\":\"https:\/\/educacionbilingue.eu\/fernanda-pacheco\/\",\"url\":\"https:\/\/educacionbilingue.eu\/fernanda-pacheco\/\",\"name\":\"D\u00aa. Fernanda Pacheco - V Blended Conference for Professionals in Bilingual and International Education\",\"isPartOf\":{\"@id\":\"https:\/\/educacionbilingue.eu\/#website\"},\"datePublished\":\"2018-03-12T16:13:35+00:00\",\"dateModified\":\"2018-03-19T17:45:32+00:00\",\"breadcrumb\":{\"@id\":\"https:\/\/educacionbilingue.eu\/fernanda-pacheco\/#breadcrumb\"},\"inLanguage\":\"en-EN\",\"potentialAction\":[{\"@type\":\"ReadAction\",\"target\":[\"https:\/\/educacionbilingue.eu\/fernanda-pacheco\/\"]}]},{\"@type\":\"BreadcrumbList\",\"@id\":\"https:\/\/educacionbilingue.eu\/fernanda-pacheco\/#breadcrumb\",\"itemListElement\":[{\"@type\":\"ListItem\",\"position\":1,\"name\":\"V Congreso Semipresencial para Profesionales de la Educaci\u00f3n Biling\u00fce e Internacional\",\"item\":\"https:\/\/educacionbilingue.eu\/\"},{\"@type\":\"ListItem\",\"position\":2,\"name\":\"D\u00aa. Fernanda Pacheco\"}]},{\"@type\":\"WebSite\",\"@id\":\"https:\/\/educacionbilingue.eu\/#website\",\"url\":\"https:\/\/educacionbilingue.eu\/\",\"name\":\"V Blended Conference for Professionals in Bilingual and International Education\",\"description\":\"\",\"publisher\":{\"@id\":\"https:\/\/educacionbilingue.eu\/#organization\"},\"potentialAction\":[{\"@type\":\"SearchAction\",\"target\":{\"@type\":\"EntryPoint\",\"urlTemplate\":\"https:\/\/educacionbilingue.eu\/?s={search_term_string}\"},\"query-input\":\"required name=search_term_string\"}],\"inLanguage\":\"en-EN\"},{\"@type\":\"Organization\",\"@id\":\"https:\/\/educacionbilingue.eu\/#organization\",\"name\":\"Congreso de Educaci\u00f3n Biling\u00fce\",\"url\":\"https:\/\/educacionbilingue.eu\/\",\"logo\":{\"@type\":\"ImageObject\",\"inLanguage\":\"en-EN\",\"@id\":\"https:\/\/educacionbilingue.eu\/#\/schema\/logo\/image\/\",\"url\":\"https:\/\/educacionbilingue.eu\/wp-content\/uploads\/2018\/03\/400dpiLogoCropped.png\",\"contentUrl\":\"https:\/\/educacionbilingue.eu\/wp-content\/uploads\/2018\/03\/400dpiLogoCropped.png\",\"width\":800,\"height\":1167,\"caption\":\"Congreso de Educaci\u00f3n Biling\u00fce\"},\"image\":{\"@id\":\"https:\/\/educacionbilingue.eu\/#\/schema\/logo\/image\/\"}}]}<\/script>\n<!-- \/ Yoast SEO plugin. -->","yoast_head_json":{"title":"D\u00aa. Fernanda Pacheco - V Blended Conference for Professionals in Bilingual and International Education","robots":{"index":"index","follow":"follow","max-snippet":"max-snippet:-1","max-image-preview":"max-image-preview:large","max-video-preview":"max-video-preview:-1"},"canonical":"https:\/\/educacionbilingue.eu\/fernanda-pacheco\/","og_locale":"en_US","og_type":"article","og_title":"D\u00aa. Fernanda Pacheco - V Blended Conference for Professionals in Bilingual and International Education","og_description":"[vc_row css_animation=&#8221;&#8221; row_type=&#8221;row&#8221; use_row_as_full_screen_section=&#8221;no&#8221; type=&#8221;full_width&#8221; angled_section=&#8221;no&#8221; text_align=&#8221;left&#8221; background_image_as_pattern=&#8221;without_pattern&#8221; el_class=&#8221;fondo-teja&#8221; css=&#8221;.vc_custom_1490630823443{margin-right: 5% !important;margin-left: 5% !important;padding-top: 75px !important;}&#8221;][vc_column][vc_single_image image=&#8221;1699&#8243; img_size=&#8221;full&#8221; alignment=&#8221;center&#8221; qode_css_animation=&#8221;&#8221; css=&#8221;.vc_custom_1520871330703{padding-bottom: 50px !important;}&#8221;][vc_column_text css=&#8221;.vc_custom_1520871241034{padding-bottom: 50px !important;}&#8221;] D\u00aa\u00a0Fernanda Pacheco [\/vc_column_text][vc_column_text] Biodata &nbsp; Researcher and PhD student in Cognitive Science and language in the Faculty of Psychology...","og_url":"https:\/\/educacionbilingue.eu\/fernanda-pacheco\/","og_site_name":"V Blended Conference for Professionals in Bilingual and International Education","article_modified_time":"2018-03-19T17:45:32+00:00","og_image":[{"width":512,"height":512,"url":"https:\/\/educacionbilingue.eu\/wp-content\/uploads\/2017\/04\/cropped-logo-web.png","type":"image\/png"}],"twitter_card":"summary_large_image","twitter_misc":{"Est. reading time":"2 minutes"},"schema":{"@context":"https:\/\/schema.org","@graph":[{"@type":"WebPage","@id":"https:\/\/educacionbilingue.eu\/fernanda-pacheco\/","url":"https:\/\/educacionbilingue.eu\/fernanda-pacheco\/","name":"D\u00aa. Fernanda Pacheco - V Blended Conference for Professionals in Bilingual and International Education","isPartOf":{"@id":"https:\/\/educacionbilingue.eu\/#website"},"datePublished":"2018-03-12T16:13:35+00:00","dateModified":"2018-03-19T17:45:32+00:00","breadcrumb":{"@id":"https:\/\/educacionbilingue.eu\/fernanda-pacheco\/#breadcrumb"},"inLanguage":"en-EN","potentialAction":[{"@type":"ReadAction","target":["https:\/\/educacionbilingue.eu\/fernanda-pacheco\/"]}]},{"@type":"BreadcrumbList","@id":"https:\/\/educacionbilingue.eu\/fernanda-pacheco\/#breadcrumb","itemListElement":[{"@type":"ListItem","position":1,"name":"V Congreso Semipresencial para Profesionales de la Educaci\u00f3n Biling\u00fce e Internacional","item":"https:\/\/educacionbilingue.eu\/"},{"@type":"ListItem","position":2,"name":"D\u00aa. Fernanda Pacheco"}]},{"@type":"WebSite","@id":"https:\/\/educacionbilingue.eu\/#website","url":"https:\/\/educacionbilingue.eu\/","name":"V Blended Conference for Professionals in Bilingual and International Education","description":"","publisher":{"@id":"https:\/\/educacionbilingue.eu\/#organization"},"potentialAction":[{"@type":"SearchAction","target":{"@type":"EntryPoint","urlTemplate":"https:\/\/educacionbilingue.eu\/?s={search_term_string}"},"query-input":"required name=search_term_string"}],"inLanguage":"en-EN"},{"@type":"Organization","@id":"https:\/\/educacionbilingue.eu\/#organization","name":"Congreso de Educaci\u00f3n Biling\u00fce","url":"https:\/\/educacionbilingue.eu\/","logo":{"@type":"ImageObject","inLanguage":"en-EN","@id":"https:\/\/educacionbilingue.eu\/#\/schema\/logo\/image\/","url":"https:\/\/educacionbilingue.eu\/wp-content\/uploads\/2018\/03\/400dpiLogoCropped.png","contentUrl":"https:\/\/educacionbilingue.eu\/wp-content\/uploads\/2018\/03\/400dpiLogoCropped.png","width":800,"height":1167,"caption":"Congreso de Educaci\u00f3n Biling\u00fce"},"image":{"@id":"https:\/\/educacionbilingue.eu\/#\/schema\/logo\/image\/"}}]}},"_links":{"self":[{"href":"https:\/\/educacionbilingue.eu\/en\/wp-json\/wp\/v2\/pages\/1701","targetHints":{"allow":["GET"]}}],"collection":[{"href":"https:\/\/educacionbilingue.eu\/en\/wp-json\/wp\/v2\/pages"}],"about":[{"href":"https:\/\/educacionbilingue.eu\/en\/wp-json\/wp\/v2\/types\/page"}],"author":[{"embeddable":true,"href":"https:\/\/educacionbilingue.eu\/en\/wp-json\/wp\/v2\/users\/2"}],"replies":[{"embeddable":true,"href":"https:\/\/educacionbilingue.eu\/en\/wp-json\/wp\/v2\/comments?post=1701"}],"version-history":[{"count":8,"href":"https:\/\/educacionbilingue.eu\/en\/wp-json\/wp\/v2\/pages\/1701\/revisions"}],"predecessor-version":[{"id":1993,"href":"https:\/\/educacionbilingue.eu\/en\/wp-json\/wp\/v2\/pages\/1701\/revisions\/1993"}],"wp:attachment":[{"href":"https:\/\/educacionbilingue.eu\/en\/wp-json\/wp\/v2\/media?parent=1701"}],"curies":[{"name":"wp","href":"https:\/\/api.w.org\/{rel}","templated":true}]}}