{"id":1758,"date":"2018-03-12T17:37:43","date_gmt":"2018-03-12T17:37:43","guid":{"rendered":"https:\/\/educacionbilingue.eu\/?page_id=1758"},"modified":"2018-03-20T17:54:32","modified_gmt":"2018-03-20T17:54:32","slug":"dr-jose-luis-estrada","status":"publish","type":"page","link":"https:\/\/educacionbilingue.eu\/en\/dr-jose-luis-estrada\/","title":{"rendered":"(Espa\u00f1ol) Dr. Jos\u00e9 Luis Estrada"},"content":{"rendered":"<p>[vc_row css_animation=&#8221;&#8221; row_type=&#8221;row&#8221; use_row_as_full_screen_section=&#8221;no&#8221; type=&#8221;full_width&#8221; angled_section=&#8221;no&#8221; text_align=&#8221;left&#8221; background_image_as_pattern=&#8221;without_pattern&#8221; el_class=&#8221;fondo-teja&#8221; css=&#8221;.vc_custom_1490630823443{margin-right: 5% !important;margin-left: 5% !important;padding-top: 75px !important;}&#8221;][vc_column][vc_single_image image=&#8221;1757&#8243; img_size=&#8221;full&#8221; alignment=&#8221;center&#8221; qode_css_animation=&#8221;&#8221; css=&#8221;.vc_custom_1520876288267{padding-bottom: 50px !important;}&#8221;][vc_column_text css=&#8221;.vc_custom_1520876220272{padding-bottom: 50px !important;}&#8221;]<\/p>\n<p style=\"text-align: center;\"><span style=\"font-size: 32pt; color: #808080;\">Dr. Jos\u00e9 Luis Estrada<\/span><\/p>\n<p>[\/vc_column_text][vc_column_text]<\/p>\n<p style=\"text-align: center;\"><span style=\"color: #a71f00;\">Biodata<\/span><\/p>\n<p>&nbsp;<\/p>\n<p>PhD in Language Teaching. Director of the double Degree in Modern Languages and Translation at Nebrija University. Assistant Professor in the BA in Modern Languages and the BA in Education, as well as the MA in Bilingual Education also at Nebrija University. His main research interests are second and foreign language(s) acquisition\/learning and bilingual education and EMI practices. Current member of the following research groups: HUM-485 <em>Ense\u00f1anza de lenguas extranjeras: Materiales para un nuevo dise\u00f1o curricular<\/em> (Cadiz University) and <em>Ling\u00fc\u00edstica aplicada a la ense\u00f1anza de lenguas extranjeras (LAELE)<\/em> (Nebrija University).[\/vc_column_text][vc_empty_space][vc_column_text]<\/p>\n<p style=\"text-align: center;\"><span style=\"color: #a71f00;\">How CLIL positively affects language teaching practices: A cognitive approach to error treatment.<\/span><\/p>\n<p>&nbsp;<\/p>\n<p>The rationale of CLIL as a bilingual education approach that integrates subject-matter content and additional language learning has led to reconsider practices that have conventionally been more applicable to language teaching (cf. Ellis, 2013). Among those practices, it is worth stressing error treatment, as errors have become gradually considered an inherent (i.e. natural) part of language acquisition (cf. Pawlak, 2014). Therefore, an alternative for error treatment is suggested, pointing to a non-corrective sort of intervention upon errors (Truscott, 1999), something apparently more common among CLIL teachers concerning at least error correction level(s) of implicitness (Milla and Garc\u00eda Mayo, 2014). The novelty lies then in the fact that this alternative error treatment could be extrapolated to language teaching in terms of oral interaction since correction (i.e. intervention) techniques do not always avoid errors from being committed\/repeated. Instead, it may depend on learners\u00b4 level(s) of cognitive development according to their interlanguage stage.[\/vc_column_text][vc_empty_space][\/vc_column][\/vc_row]<\/p>\n","protected":false},"excerpt":{"rendered":"<p>[vc_row css_animation=&#8221;&#8221; row_type=&#8221;row&#8221; use_row_as_full_screen_section=&#8221;no&#8221; type=&#8221;full_width&#8221; angled_section=&#8221;no&#8221; text_align=&#8221;left&#8221; background_image_as_pattern=&#8221;without_pattern&#8221; el_class=&#8221;fondo-teja&#8221; css=&#8221;.vc_custom_1490630823443{margin-right: 5% !important;margin-left: 5% !important;padding-top: 75px !important;}&#8221;][vc_column][vc_single_image image=&#8221;1757&#8243; img_size=&#8221;full&#8221; alignment=&#8221;center&#8221; qode_css_animation=&#8221;&#8221; css=&#8221;.vc_custom_1520876288267{padding-bottom: 50px !important;}&#8221;][vc_column_text css=&#8221;.vc_custom_1520876220272{padding-bottom: 50px !important;}&#8221;] Dr. Jos\u00e9 Luis Estrada [\/vc_column_text][vc_column_text] Biodata &nbsp; PhD in Language Teaching. Director of the double Degree in Modern Languages&#8230;<\/p>\n","protected":false},"author":2,"featured_media":0,"parent":0,"menu_order":0,"comment_status":"closed","ping_status":"closed","template":"tema-magister.php","meta":{"footnotes":""},"class_list":["post-1758","page","type-page","status-publish","hentry"],"yoast_head":"<!-- This site is optimized with the Yoast SEO plugin v20.1 - https:\/\/yoast.com\/wordpress\/plugins\/seo\/ -->\n<title>(Espa\u00f1ol) Dr. Jos\u00e9 Luis Estrada - V Blended Conference for Professionals in Bilingual and International Education<\/title>\n<meta name=\"robots\" content=\"index, follow, max-snippet:-1, max-image-preview:large, max-video-preview:-1\" \/>\n<link rel=\"canonical\" href=\"https:\/\/educacionbilingue.eu\/dr-jose-luis-estrada\/\" \/>\n<meta property=\"og:locale\" content=\"en_US\" \/>\n<meta property=\"og:type\" content=\"article\" \/>\n<meta property=\"og:title\" content=\"(Espa\u00f1ol) Dr. Jos\u00e9 Luis Estrada - V Blended Conference for Professionals in Bilingual and International Education\" \/>\n<meta property=\"og:description\" content=\"[vc_row css_animation=&#8221;&#8221; row_type=&#8221;row&#8221; use_row_as_full_screen_section=&#8221;no&#8221; type=&#8221;full_width&#8221; angled_section=&#8221;no&#8221; text_align=&#8221;left&#8221; background_image_as_pattern=&#8221;without_pattern&#8221; el_class=&#8221;fondo-teja&#8221; css=&#8221;.vc_custom_1490630823443{margin-right: 5% !important;margin-left: 5% !important;padding-top: 75px !important;}&#8221;][vc_column][vc_single_image image=&#8221;1757&#8243; img_size=&#8221;full&#8221; alignment=&#8221;center&#8221; qode_css_animation=&#8221;&#8221; css=&#8221;.vc_custom_1520876288267{padding-bottom: 50px !important;}&#8221;][vc_column_text css=&#8221;.vc_custom_1520876220272{padding-bottom: 50px !important;}&#8221;] Dr. Jos\u00e9 Luis Estrada [\/vc_column_text][vc_column_text] Biodata &nbsp; PhD in Language Teaching. Director of the double Degree in Modern Languages...\" \/>\n<meta property=\"og:url\" content=\"https:\/\/educacionbilingue.eu\/dr-jose-luis-estrada\/\" \/>\n<meta property=\"og:site_name\" content=\"V Blended Conference for Professionals in Bilingual and International Education\" \/>\n<meta property=\"article:modified_time\" content=\"2018-03-20T17:54:32+00:00\" \/>\n<meta property=\"og:image\" content=\"https:\/\/educacionbilingue.eu\/wp-content\/uploads\/2017\/04\/cropped-logo-web.png\" \/>\n\t<meta property=\"og:image:width\" content=\"512\" \/>\n\t<meta property=\"og:image:height\" content=\"512\" \/>\n\t<meta property=\"og:image:type\" content=\"image\/png\" \/>\n<meta name=\"twitter:card\" content=\"summary_large_image\" \/>\n<meta name=\"twitter:label1\" content=\"Est. reading time\" \/>\n\t<meta name=\"twitter:data1\" content=\"2 minutes\" \/>\n<script type=\"application\/ld+json\" class=\"yoast-schema-graph\">{\"@context\":\"https:\/\/schema.org\",\"@graph\":[{\"@type\":\"WebPage\",\"@id\":\"https:\/\/educacionbilingue.eu\/dr-jose-luis-estrada\/\",\"url\":\"https:\/\/educacionbilingue.eu\/dr-jose-luis-estrada\/\",\"name\":\"(Espa\u00f1ol) Dr. Jos\u00e9 Luis Estrada - V Blended Conference for Professionals in Bilingual and International Education\",\"isPartOf\":{\"@id\":\"https:\/\/educacionbilingue.eu\/#website\"},\"datePublished\":\"2018-03-12T17:37:43+00:00\",\"dateModified\":\"2018-03-20T17:54:32+00:00\",\"breadcrumb\":{\"@id\":\"https:\/\/educacionbilingue.eu\/dr-jose-luis-estrada\/#breadcrumb\"},\"inLanguage\":\"en-EN\",\"potentialAction\":[{\"@type\":\"ReadAction\",\"target\":[\"https:\/\/educacionbilingue.eu\/dr-jose-luis-estrada\/\"]}]},{\"@type\":\"BreadcrumbList\",\"@id\":\"https:\/\/educacionbilingue.eu\/dr-jose-luis-estrada\/#breadcrumb\",\"itemListElement\":[{\"@type\":\"ListItem\",\"position\":1,\"name\":\"V Congreso Semipresencial para Profesionales de la Educaci\u00f3n Biling\u00fce e Internacional\",\"item\":\"https:\/\/educacionbilingue.eu\/\"},{\"@type\":\"ListItem\",\"position\":2,\"name\":\"Dr. Jos\u00e9 Luis Estrada\"}]},{\"@type\":\"WebSite\",\"@id\":\"https:\/\/educacionbilingue.eu\/#website\",\"url\":\"https:\/\/educacionbilingue.eu\/\",\"name\":\"V Blended Conference for Professionals in Bilingual and International Education\",\"description\":\"\",\"publisher\":{\"@id\":\"https:\/\/educacionbilingue.eu\/#organization\"},\"potentialAction\":[{\"@type\":\"SearchAction\",\"target\":{\"@type\":\"EntryPoint\",\"urlTemplate\":\"https:\/\/educacionbilingue.eu\/?s={search_term_string}\"},\"query-input\":\"required name=search_term_string\"}],\"inLanguage\":\"en-EN\"},{\"@type\":\"Organization\",\"@id\":\"https:\/\/educacionbilingue.eu\/#organization\",\"name\":\"Congreso de Educaci\u00f3n Biling\u00fce\",\"url\":\"https:\/\/educacionbilingue.eu\/\",\"logo\":{\"@type\":\"ImageObject\",\"inLanguage\":\"en-EN\",\"@id\":\"https:\/\/educacionbilingue.eu\/#\/schema\/logo\/image\/\",\"url\":\"https:\/\/educacionbilingue.eu\/wp-content\/uploads\/2018\/03\/400dpiLogoCropped.png\",\"contentUrl\":\"https:\/\/educacionbilingue.eu\/wp-content\/uploads\/2018\/03\/400dpiLogoCropped.png\",\"width\":800,\"height\":1167,\"caption\":\"Congreso de Educaci\u00f3n Biling\u00fce\"},\"image\":{\"@id\":\"https:\/\/educacionbilingue.eu\/#\/schema\/logo\/image\/\"}}]}<\/script>\n<!-- \/ Yoast SEO plugin. -->","yoast_head_json":{"title":"(Espa\u00f1ol) Dr. Jos\u00e9 Luis Estrada - V Blended Conference for Professionals in Bilingual and International Education","robots":{"index":"index","follow":"follow","max-snippet":"max-snippet:-1","max-image-preview":"max-image-preview:large","max-video-preview":"max-video-preview:-1"},"canonical":"https:\/\/educacionbilingue.eu\/dr-jose-luis-estrada\/","og_locale":"en_US","og_type":"article","og_title":"(Espa\u00f1ol) Dr. Jos\u00e9 Luis Estrada - V Blended Conference for Professionals in Bilingual and International Education","og_description":"[vc_row css_animation=&#8221;&#8221; row_type=&#8221;row&#8221; use_row_as_full_screen_section=&#8221;no&#8221; type=&#8221;full_width&#8221; angled_section=&#8221;no&#8221; text_align=&#8221;left&#8221; background_image_as_pattern=&#8221;without_pattern&#8221; el_class=&#8221;fondo-teja&#8221; css=&#8221;.vc_custom_1490630823443{margin-right: 5% !important;margin-left: 5% !important;padding-top: 75px !important;}&#8221;][vc_column][vc_single_image image=&#8221;1757&#8243; img_size=&#8221;full&#8221; alignment=&#8221;center&#8221; qode_css_animation=&#8221;&#8221; css=&#8221;.vc_custom_1520876288267{padding-bottom: 50px !important;}&#8221;][vc_column_text css=&#8221;.vc_custom_1520876220272{padding-bottom: 50px !important;}&#8221;] Dr. Jos\u00e9 Luis Estrada [\/vc_column_text][vc_column_text] Biodata &nbsp; PhD in Language Teaching. Director of the double Degree in Modern Languages...","og_url":"https:\/\/educacionbilingue.eu\/dr-jose-luis-estrada\/","og_site_name":"V Blended Conference for Professionals in Bilingual and International Education","article_modified_time":"2018-03-20T17:54:32+00:00","og_image":[{"width":512,"height":512,"url":"https:\/\/educacionbilingue.eu\/wp-content\/uploads\/2017\/04\/cropped-logo-web.png","type":"image\/png"}],"twitter_card":"summary_large_image","twitter_misc":{"Est. reading time":"2 minutes"},"schema":{"@context":"https:\/\/schema.org","@graph":[{"@type":"WebPage","@id":"https:\/\/educacionbilingue.eu\/dr-jose-luis-estrada\/","url":"https:\/\/educacionbilingue.eu\/dr-jose-luis-estrada\/","name":"(Espa\u00f1ol) Dr. Jos\u00e9 Luis Estrada - V Blended Conference for Professionals in Bilingual and International Education","isPartOf":{"@id":"https:\/\/educacionbilingue.eu\/#website"},"datePublished":"2018-03-12T17:37:43+00:00","dateModified":"2018-03-20T17:54:32+00:00","breadcrumb":{"@id":"https:\/\/educacionbilingue.eu\/dr-jose-luis-estrada\/#breadcrumb"},"inLanguage":"en-EN","potentialAction":[{"@type":"ReadAction","target":["https:\/\/educacionbilingue.eu\/dr-jose-luis-estrada\/"]}]},{"@type":"BreadcrumbList","@id":"https:\/\/educacionbilingue.eu\/dr-jose-luis-estrada\/#breadcrumb","itemListElement":[{"@type":"ListItem","position":1,"name":"V Congreso Semipresencial para Profesionales de la Educaci\u00f3n Biling\u00fce e Internacional","item":"https:\/\/educacionbilingue.eu\/"},{"@type":"ListItem","position":2,"name":"Dr. Jos\u00e9 Luis Estrada"}]},{"@type":"WebSite","@id":"https:\/\/educacionbilingue.eu\/#website","url":"https:\/\/educacionbilingue.eu\/","name":"V Blended Conference for Professionals in Bilingual and International Education","description":"","publisher":{"@id":"https:\/\/educacionbilingue.eu\/#organization"},"potentialAction":[{"@type":"SearchAction","target":{"@type":"EntryPoint","urlTemplate":"https:\/\/educacionbilingue.eu\/?s={search_term_string}"},"query-input":"required name=search_term_string"}],"inLanguage":"en-EN"},{"@type":"Organization","@id":"https:\/\/educacionbilingue.eu\/#organization","name":"Congreso de Educaci\u00f3n Biling\u00fce","url":"https:\/\/educacionbilingue.eu\/","logo":{"@type":"ImageObject","inLanguage":"en-EN","@id":"https:\/\/educacionbilingue.eu\/#\/schema\/logo\/image\/","url":"https:\/\/educacionbilingue.eu\/wp-content\/uploads\/2018\/03\/400dpiLogoCropped.png","contentUrl":"https:\/\/educacionbilingue.eu\/wp-content\/uploads\/2018\/03\/400dpiLogoCropped.png","width":800,"height":1167,"caption":"Congreso de Educaci\u00f3n Biling\u00fce"},"image":{"@id":"https:\/\/educacionbilingue.eu\/#\/schema\/logo\/image\/"}}]}},"_links":{"self":[{"href":"https:\/\/educacionbilingue.eu\/en\/wp-json\/wp\/v2\/pages\/1758","targetHints":{"allow":["GET"]}}],"collection":[{"href":"https:\/\/educacionbilingue.eu\/en\/wp-json\/wp\/v2\/pages"}],"about":[{"href":"https:\/\/educacionbilingue.eu\/en\/wp-json\/wp\/v2\/types\/page"}],"author":[{"embeddable":true,"href":"https:\/\/educacionbilingue.eu\/en\/wp-json\/wp\/v2\/users\/2"}],"replies":[{"embeddable":true,"href":"https:\/\/educacionbilingue.eu\/en\/wp-json\/wp\/v2\/comments?post=1758"}],"version-history":[{"count":4,"href":"https:\/\/educacionbilingue.eu\/en\/wp-json\/wp\/v2\/pages\/1758\/revisions"}],"predecessor-version":[{"id":2056,"href":"https:\/\/educacionbilingue.eu\/en\/wp-json\/wp\/v2\/pages\/1758\/revisions\/2056"}],"wp:attachment":[{"href":"https:\/\/educacionbilingue.eu\/en\/wp-json\/wp\/v2\/media?parent=1758"}],"curies":[{"name":"wp","href":"https:\/\/api.w.org\/{rel}","templated":true}]}}