{"id":1826,"date":"2018-03-13T16:32:15","date_gmt":"2018-03-13T16:32:15","guid":{"rendered":"https:\/\/educacionbilingue.eu\/?page_id=1826"},"modified":"2019-05-06T10:18:32","modified_gmt":"2019-05-06T10:18:32","slug":"dr-nuria-polo","status":"publish","type":"page","link":"https:\/\/educacionbilingue.eu\/en\/dr-nuria-polo\/","title":{"rendered":"Dr. Nuria Polo"},"content":{"rendered":"<p>[vc_row css_animation=&#8221;&#8221; row_type=&#8221;row&#8221; use_row_as_full_screen_section=&#8221;no&#8221; type=&#8221;full_width&#8221; angled_section=&#8221;no&#8221; text_align=&#8221;left&#8221; background_image_as_pattern=&#8221;without_pattern&#8221; el_class=&#8221;fondo-teja&#8221; css=&#8221;.vc_custom_1490630823443{margin-right: 5% !important;margin-left: 5% !important;padding-top: 75px !important;}&#8221;][vc_column][vc_single_image image=&#8221;1829&#8243; img_size=&#8221;full&#8221; alignment=&#8221;center&#8221; qode_css_animation=&#8221;&#8221; css=&#8221;.vc_custom_1520958997108{padding-bottom: 50px !important;}&#8221;][vc_column_text css=&#8221;.vc_custom_1520958648570{padding-bottom: 50px !important;}&#8221;]<\/p>\n<p style=\"text-align: center;\"><span style=\"font-size: 32pt; color: #808080;\">Dr. Nuria Polo<\/span><\/p>\n<p>[\/vc_column_text][vc_column_text]<\/p>\n<p style=\"text-align: center;\"><span style=\"color: #a71f00;\">Biodata<\/span><\/p>\n<p>&nbsp;<\/p>\n<p>Nuria Polo es Contratada Doctora en el <a href=\"http:\/\/portal.uned.es\/portal\/page?_pageid=93,22557944&amp;_dad=portal&amp;_schema=PORTAL\">Departamento de Lengua Espa\u00f1ola y Ling\u00fc\u00edstica General<\/a>, de la Facultad de Filolog\u00eda de la UNED.\u00a0 Licenciada en Filolog\u00eda Hisp\u00e1nica (Universidad de Deusto), en Ling\u00fc\u00edstica General (UAM), M\u00e1ster en Fon\u00e9tica y Fonolog\u00eda, especialidad en ciencia vocal, (CSIC-UIMP) y doctora por la UCM (Doctorado Europeo y Premio Extraordinario). Sus \u00e1reas de investigaci\u00f3n son el desarrollo de la fonolog\u00eda del espa\u00f1ol como lengua materna, aunque tambi\u00e9n ha trabajado\u00a0 la adquisici\u00f3n en contexto biling\u00fce espa\u00f1ol-vasco y espa\u00f1ol-alem\u00e1n, y la ciencia vocal, especialmente el habla de las ni\u00f1as y las mujeres (Premio a la Igual, UNED 2017). Ha sido investigadora visitante en la Universidade de Coimbra (Portugal), <a href=\"http:\/\/www.ioe.ac.uk\/study\/57656.html\">Institute of Education<\/a>, UCL, UK, y la Universidad de Hamburgo. Ha publicado 5 cap\u00edtulos de libro, 18 art\u00edculos (en revistas peer-review) y seis rese\u00f1as. Ha formado parte del proyecto internacional <a href=\"https:\/\/www.uni-hamburg.de\/sfb538\/forschungsprogramm\/erwerb-mehrsprachigkeit\/prosodische-beschraenkungen.html\"><em>Prosodische Beschr\u00e4nkungen zur phonologischen und morphologi\u00adschen Entwicklung im bilingualen Spracherwerb<\/em><\/a> de la Universidad de Hamburgo y actualmente forma parte del proyecto <em>Trayectorias\u00a0de\u00a0desarrollo\u00a0en\u00a0beb\u00e9s\u00a0con\u00a0riesgo\u00a0de\u00a0presentar autismo. Procesos de especializaci\u00f3n neurocognitiva e interacci\u00f3n\u00a0temprana\u00ad<\/em> de la Universidad Aut\u00f3noma de Madrid. Es miembro fundador y forma parte de la junta directiva del Instituto Espa\u00f1ol de la Voz.[\/vc_column_text][vc_empty_space][vc_column_text]<\/p>\n<p style=\"text-align: center;\"><span style=\"color: #a71f00;\">El desarrollo fonol\u00f3gico en los beb\u00e9s: trayectorias monoling\u00fces y biling\u00fces<\/span><\/p>\n<p>&nbsp;<\/p>\n<p>Resulta muy interesante conocer el desarrollo biling\u00fce infantil (antes de los 3 a\u00f1os) o de una L2 (antes de los 5 a\u00f1os). En este sentido apenas se realiza investigaci\u00f3n con ni\u00f1os que no saben leer (menos del 5% de lo que se publica). Aprender a escribir tiene un impacto enorme sobre el proceso de adquisici\u00f3n de una lengua. Por eso, es fundamental conocer c\u00f3mo es el desarrollo ling\u00fc\u00edstico anterior a este hito en el desarrollo.<\/p>\n<p>Adem\u00e1s, el desarrollo biling\u00fce o la adquisici\u00f3n de una L2 es diferente en una comunidad de inmersi\u00f3n o no. La charla se centrar\u00e1 en el desarrollo de la fonolog\u00eda del espa\u00f1ol en contextos monoling\u00fces y biling\u00fces antes de los 3 a\u00f1os. En el caso de la lengua espa\u00f1ola en contextos biling\u00fces esta ha sido estudiada fundamentalmente en situaciones de contacto con ingl\u00e9s, alem\u00e1n y catal\u00e1n, pero muy poco en contextos biling\u00fces espa\u00f1ol-vasco y espa\u00f1ol-gallego.[\/vc_column_text][vc_empty_space][\/vc_column][\/vc_row]<\/p>\n","protected":false},"excerpt":{"rendered":"<p>[vc_row css_animation=&#8221;&#8221; row_type=&#8221;row&#8221; use_row_as_full_screen_section=&#8221;no&#8221; type=&#8221;full_width&#8221; angled_section=&#8221;no&#8221; text_align=&#8221;left&#8221; background_image_as_pattern=&#8221;without_pattern&#8221; el_class=&#8221;fondo-teja&#8221; css=&#8221;.vc_custom_1490630823443{margin-right: 5% !important;margin-left: 5% !important;padding-top: 75px !important;}&#8221;][vc_column][vc_single_image image=&#8221;1829&#8243; img_size=&#8221;full&#8221; alignment=&#8221;center&#8221; qode_css_animation=&#8221;&#8221; css=&#8221;.vc_custom_1520958997108{padding-bottom: 50px !important;}&#8221;][vc_column_text css=&#8221;.vc_custom_1520958648570{padding-bottom: 50px !important;}&#8221;] Dr. Nuria Polo [\/vc_column_text][vc_column_text] Biodata &nbsp; Nuria Polo es Contratada Doctora en el Departamento de Lengua Espa\u00f1ola y Ling\u00fc\u00edstica&#8230;<\/p>\n","protected":false},"author":2,"featured_media":0,"parent":0,"menu_order":0,"comment_status":"closed","ping_status":"closed","template":"tema-magister.php","meta":{"footnotes":""},"class_list":["post-1826","page","type-page","status-publish","hentry"],"yoast_head":"<!-- This site is optimized with the Yoast SEO plugin v20.1 - https:\/\/yoast.com\/wordpress\/plugins\/seo\/ -->\n<title>Dr. Nuria Polo - V Blended Conference for Professionals in Bilingual and International Education<\/title>\n<meta name=\"robots\" content=\"index, follow, max-snippet:-1, max-image-preview:large, max-video-preview:-1\" \/>\n<link rel=\"canonical\" href=\"https:\/\/educacionbilingue.eu\/dr-nuria-polo\/\" \/>\n<meta property=\"og:locale\" content=\"en_US\" \/>\n<meta property=\"og:type\" content=\"article\" \/>\n<meta property=\"og:title\" content=\"Dr. Nuria Polo - V Blended Conference for Professionals in Bilingual and International Education\" \/>\n<meta property=\"og:description\" content=\"[vc_row css_animation=&#8221;&#8221; row_type=&#8221;row&#8221; use_row_as_full_screen_section=&#8221;no&#8221; type=&#8221;full_width&#8221; angled_section=&#8221;no&#8221; text_align=&#8221;left&#8221; background_image_as_pattern=&#8221;without_pattern&#8221; el_class=&#8221;fondo-teja&#8221; css=&#8221;.vc_custom_1490630823443{margin-right: 5% !important;margin-left: 5% !important;padding-top: 75px !important;}&#8221;][vc_column][vc_single_image image=&#8221;1829&#8243; img_size=&#8221;full&#8221; alignment=&#8221;center&#8221; qode_css_animation=&#8221;&#8221; css=&#8221;.vc_custom_1520958997108{padding-bottom: 50px !important;}&#8221;][vc_column_text css=&#8221;.vc_custom_1520958648570{padding-bottom: 50px !important;}&#8221;] Dr. Nuria Polo [\/vc_column_text][vc_column_text] Biodata &nbsp; Nuria Polo es Contratada Doctora en el Departamento de Lengua Espa\u00f1ola y Ling\u00fc\u00edstica...\" \/>\n<meta property=\"og:url\" content=\"https:\/\/educacionbilingue.eu\/dr-nuria-polo\/\" \/>\n<meta property=\"og:site_name\" content=\"V Blended Conference for Professionals in Bilingual and International Education\" \/>\n<meta property=\"article:modified_time\" content=\"2019-05-06T10:18:32+00:00\" \/>\n<meta property=\"og:image\" content=\"https:\/\/educacionbilingue.eu\/wp-content\/uploads\/2017\/04\/cropped-logo-web.png\" \/>\n\t<meta property=\"og:image:width\" content=\"512\" \/>\n\t<meta property=\"og:image:height\" content=\"512\" \/>\n\t<meta property=\"og:image:type\" content=\"image\/png\" \/>\n<meta name=\"twitter:card\" content=\"summary_large_image\" \/>\n<meta name=\"twitter:label1\" content=\"Est. reading time\" \/>\n\t<meta name=\"twitter:data1\" content=\"3 minutes\" \/>\n<script type=\"application\/ld+json\" class=\"yoast-schema-graph\">{\"@context\":\"https:\/\/schema.org\",\"@graph\":[{\"@type\":\"WebPage\",\"@id\":\"https:\/\/educacionbilingue.eu\/dr-nuria-polo\/\",\"url\":\"https:\/\/educacionbilingue.eu\/dr-nuria-polo\/\",\"name\":\"Dr. Nuria Polo - V Blended Conference for Professionals in Bilingual and International Education\",\"isPartOf\":{\"@id\":\"https:\/\/educacionbilingue.eu\/#website\"},\"datePublished\":\"2018-03-13T16:32:15+00:00\",\"dateModified\":\"2019-05-06T10:18:32+00:00\",\"breadcrumb\":{\"@id\":\"https:\/\/educacionbilingue.eu\/dr-nuria-polo\/#breadcrumb\"},\"inLanguage\":\"en-EN\",\"potentialAction\":[{\"@type\":\"ReadAction\",\"target\":[\"https:\/\/educacionbilingue.eu\/dr-nuria-polo\/\"]}]},{\"@type\":\"BreadcrumbList\",\"@id\":\"https:\/\/educacionbilingue.eu\/dr-nuria-polo\/#breadcrumb\",\"itemListElement\":[{\"@type\":\"ListItem\",\"position\":1,\"name\":\"V Congreso Semipresencial para Profesionales de la Educaci\u00f3n Biling\u00fce e Internacional\",\"item\":\"https:\/\/educacionbilingue.eu\/\"},{\"@type\":\"ListItem\",\"position\":2,\"name\":\"Dr. Nuria Polo\"}]},{\"@type\":\"WebSite\",\"@id\":\"https:\/\/educacionbilingue.eu\/#website\",\"url\":\"https:\/\/educacionbilingue.eu\/\",\"name\":\"V Blended Conference for Professionals in Bilingual and International Education\",\"description\":\"\",\"publisher\":{\"@id\":\"https:\/\/educacionbilingue.eu\/#organization\"},\"potentialAction\":[{\"@type\":\"SearchAction\",\"target\":{\"@type\":\"EntryPoint\",\"urlTemplate\":\"https:\/\/educacionbilingue.eu\/?s={search_term_string}\"},\"query-input\":\"required name=search_term_string\"}],\"inLanguage\":\"en-EN\"},{\"@type\":\"Organization\",\"@id\":\"https:\/\/educacionbilingue.eu\/#organization\",\"name\":\"Congreso de Educaci\u00f3n Biling\u00fce\",\"url\":\"https:\/\/educacionbilingue.eu\/\",\"logo\":{\"@type\":\"ImageObject\",\"inLanguage\":\"en-EN\",\"@id\":\"https:\/\/educacionbilingue.eu\/#\/schema\/logo\/image\/\",\"url\":\"https:\/\/educacionbilingue.eu\/wp-content\/uploads\/2018\/03\/400dpiLogoCropped.png\",\"contentUrl\":\"https:\/\/educacionbilingue.eu\/wp-content\/uploads\/2018\/03\/400dpiLogoCropped.png\",\"width\":800,\"height\":1167,\"caption\":\"Congreso de Educaci\u00f3n Biling\u00fce\"},\"image\":{\"@id\":\"https:\/\/educacionbilingue.eu\/#\/schema\/logo\/image\/\"}}]}<\/script>\n<!-- \/ Yoast SEO plugin. -->","yoast_head_json":{"title":"Dr. Nuria Polo - V Blended Conference for Professionals in Bilingual and International Education","robots":{"index":"index","follow":"follow","max-snippet":"max-snippet:-1","max-image-preview":"max-image-preview:large","max-video-preview":"max-video-preview:-1"},"canonical":"https:\/\/educacionbilingue.eu\/dr-nuria-polo\/","og_locale":"en_US","og_type":"article","og_title":"Dr. Nuria Polo - V Blended Conference for Professionals in Bilingual and International Education","og_description":"[vc_row css_animation=&#8221;&#8221; row_type=&#8221;row&#8221; use_row_as_full_screen_section=&#8221;no&#8221; type=&#8221;full_width&#8221; angled_section=&#8221;no&#8221; text_align=&#8221;left&#8221; background_image_as_pattern=&#8221;without_pattern&#8221; el_class=&#8221;fondo-teja&#8221; css=&#8221;.vc_custom_1490630823443{margin-right: 5% !important;margin-left: 5% !important;padding-top: 75px !important;}&#8221;][vc_column][vc_single_image image=&#8221;1829&#8243; img_size=&#8221;full&#8221; alignment=&#8221;center&#8221; qode_css_animation=&#8221;&#8221; css=&#8221;.vc_custom_1520958997108{padding-bottom: 50px !important;}&#8221;][vc_column_text css=&#8221;.vc_custom_1520958648570{padding-bottom: 50px !important;}&#8221;] Dr. Nuria Polo [\/vc_column_text][vc_column_text] Biodata &nbsp; Nuria Polo es Contratada Doctora en el Departamento de Lengua Espa\u00f1ola y Ling\u00fc\u00edstica...","og_url":"https:\/\/educacionbilingue.eu\/dr-nuria-polo\/","og_site_name":"V Blended Conference for Professionals in Bilingual and International Education","article_modified_time":"2019-05-06T10:18:32+00:00","og_image":[{"width":512,"height":512,"url":"https:\/\/educacionbilingue.eu\/wp-content\/uploads\/2017\/04\/cropped-logo-web.png","type":"image\/png"}],"twitter_card":"summary_large_image","twitter_misc":{"Est. reading time":"3 minutes"},"schema":{"@context":"https:\/\/schema.org","@graph":[{"@type":"WebPage","@id":"https:\/\/educacionbilingue.eu\/dr-nuria-polo\/","url":"https:\/\/educacionbilingue.eu\/dr-nuria-polo\/","name":"Dr. Nuria Polo - V Blended Conference for Professionals in Bilingual and International Education","isPartOf":{"@id":"https:\/\/educacionbilingue.eu\/#website"},"datePublished":"2018-03-13T16:32:15+00:00","dateModified":"2019-05-06T10:18:32+00:00","breadcrumb":{"@id":"https:\/\/educacionbilingue.eu\/dr-nuria-polo\/#breadcrumb"},"inLanguage":"en-EN","potentialAction":[{"@type":"ReadAction","target":["https:\/\/educacionbilingue.eu\/dr-nuria-polo\/"]}]},{"@type":"BreadcrumbList","@id":"https:\/\/educacionbilingue.eu\/dr-nuria-polo\/#breadcrumb","itemListElement":[{"@type":"ListItem","position":1,"name":"V Congreso Semipresencial para Profesionales de la Educaci\u00f3n Biling\u00fce e Internacional","item":"https:\/\/educacionbilingue.eu\/"},{"@type":"ListItem","position":2,"name":"Dr. Nuria Polo"}]},{"@type":"WebSite","@id":"https:\/\/educacionbilingue.eu\/#website","url":"https:\/\/educacionbilingue.eu\/","name":"V Blended Conference for Professionals in Bilingual and International Education","description":"","publisher":{"@id":"https:\/\/educacionbilingue.eu\/#organization"},"potentialAction":[{"@type":"SearchAction","target":{"@type":"EntryPoint","urlTemplate":"https:\/\/educacionbilingue.eu\/?s={search_term_string}"},"query-input":"required name=search_term_string"}],"inLanguage":"en-EN"},{"@type":"Organization","@id":"https:\/\/educacionbilingue.eu\/#organization","name":"Congreso de Educaci\u00f3n Biling\u00fce","url":"https:\/\/educacionbilingue.eu\/","logo":{"@type":"ImageObject","inLanguage":"en-EN","@id":"https:\/\/educacionbilingue.eu\/#\/schema\/logo\/image\/","url":"https:\/\/educacionbilingue.eu\/wp-content\/uploads\/2018\/03\/400dpiLogoCropped.png","contentUrl":"https:\/\/educacionbilingue.eu\/wp-content\/uploads\/2018\/03\/400dpiLogoCropped.png","width":800,"height":1167,"caption":"Congreso de Educaci\u00f3n Biling\u00fce"},"image":{"@id":"https:\/\/educacionbilingue.eu\/#\/schema\/logo\/image\/"}}]}},"_links":{"self":[{"href":"https:\/\/educacionbilingue.eu\/en\/wp-json\/wp\/v2\/pages\/1826","targetHints":{"allow":["GET"]}}],"collection":[{"href":"https:\/\/educacionbilingue.eu\/en\/wp-json\/wp\/v2\/pages"}],"about":[{"href":"https:\/\/educacionbilingue.eu\/en\/wp-json\/wp\/v2\/types\/page"}],"author":[{"embeddable":true,"href":"https:\/\/educacionbilingue.eu\/en\/wp-json\/wp\/v2\/users\/2"}],"replies":[{"embeddable":true,"href":"https:\/\/educacionbilingue.eu\/en\/wp-json\/wp\/v2\/comments?post=1826"}],"version-history":[{"count":4,"href":"https:\/\/educacionbilingue.eu\/en\/wp-json\/wp\/v2\/pages\/1826\/revisions"}],"predecessor-version":[{"id":2782,"href":"https:\/\/educacionbilingue.eu\/en\/wp-json\/wp\/v2\/pages\/1826\/revisions\/2782"}],"wp:attachment":[{"href":"https:\/\/educacionbilingue.eu\/en\/wp-json\/wp\/v2\/media?parent=1826"}],"curies":[{"name":"wp","href":"https:\/\/api.w.org\/{rel}","templated":true}]}}