{"id":2303,"date":"2019-02-26T18:06:22","date_gmt":"2019-02-26T18:06:22","guid":{"rendered":"https:\/\/educacionbilingue.eu\/?page_id=2303"},"modified":"2021-09-06T07:46:30","modified_gmt":"2021-09-06T07:46:30","slug":"comite-cientifico-2021-2","status":"publish","type":"page","link":"https:\/\/educacionbilingue.eu\/en\/comite-cientifico-2021-2\/","title":{"rendered":"Scientific Committee"},"content":{"rendered":"<p>[vc_row css_animation=&#8221;&#8221; row_type=&#8221;row&#8221; use_row_as_full_screen_section=&#8221;no&#8221; type=&#8221;full_width&#8221; angled_section=&#8221;no&#8221; text_align=&#8221;left&#8221; background_image_as_pattern=&#8221;without_pattern&#8221; el_class=&#8221;fondo-imagen&#8221; css=&#8221;.vc_custom_1490634583598{padding-top: 75px !important;}&#8221;][vc_column][vc_column_text css=&#8221;.vc_custom_1627377005376{padding-bottom: 50px !important;}&#8221;]<\/p>\n<h1 style=\"text-align: center;\"><strong><span style=\"font-size: 28pt;\">Scientific Committee<\/span><\/strong><\/h1>\n<p>[\/vc_column_text][vc_row_inner row_type=&#8221;row&#8221; type=&#8221;full_width&#8221; text_align=&#8221;left&#8221; css_animation=&#8221;&#8221; css=&#8221;.vc_custom_1490634685590{margin-right: 15% !important;margin-left: 15% !important;padding-top: 50px !important;}&#8221;][vc_column_inner width=&#8221;1\/3&#8243;][vc_single_image image=&#8221;3113&#8243; img_size=&#8221;full&#8221; alignment=&#8221;center&#8221; onclick=&#8221;custom_link&#8221; qode_css_animation=&#8221;&#8221; css=&#8221;.vc_custom_1627375863858{padding-bottom: 35px !important;}&#8221; link=&#8221;\/dra-laura-carrasco-2021\/&#8221;][vc_column_text]<\/p>\n<p style=\"text-align: center;\"><span style=\"font-size: 14pt;\"><a href=\"\/dra-laura-carrasco-2021\/\"><strong>PhD. Laura Carrasco Navarrete<\/strong><br \/>\n<\/a><a href=\"https:\/\/www.iltexas.org\/\"><span style=\"font-size: 12pt;\">International Leadership of Texas<\/span><\/a><a href=\"\/dra-laura-carrasco-2021\/\"><br \/>\n<\/a><\/span><\/p>\n<p>[\/vc_column_text][\/vc_column_inner][vc_column_inner width=&#8221;1\/3&#8243;][vc_single_image image=&#8221;3239&#8243; img_size=&#8221;full&#8221; alignment=&#8221;center&#8221; onclick=&#8221;custom_link&#8221; qode_css_animation=&#8221;&#8221; css=&#8221;.vc_custom_1627375906455{padding-bottom: 35px !important;}&#8221; link=&#8221;\/dr-ana-gonzalez-martin-2021\/&#8221;][vc_column_text]<\/p>\n<p style=\"text-align: center;\"><span style=\"font-size: 14pt;\"><a href=\"\/dr-ana-gonzalez-martin-2021\/\"><strong>PhD. Ana Gonz\u00e1lez Mart\u00edn<\/strong><br \/>\n<\/a><a href=\"https:\/\/www.universidadatlanticomedio.es\/\"><span style=\"font-size: 12pt;\">University of Atl\u00e1ntico Medio<br \/>\n<\/span><\/a><span style=\"font-size: 12pt; color: #a71f00;\">CHAIR<\/span><\/span><\/p>\n<p>[\/vc_column_text][\/vc_column_inner][vc_column_inner width=&#8221;1\/3&#8243;][vc_single_image image=&#8221;3225&#8243; img_size=&#8221;full&#8221; alignment=&#8221;center&#8221; onclick=&#8221;custom_link&#8221; qode_css_animation=&#8221;&#8221; css=&#8221;.vc_custom_1627375935773{padding-bottom: 35px !important;}&#8221; link=&#8221;\/dr-gigi-do-2021\/&#8221;][vc_column_text]<\/p>\n<p style=\"text-align: center;\"><a href=\"\/dr-gigi-do-2021\/\"><strong><span style=\"font-size: 14pt;\">PhD. Gigi Do<br \/>\n<\/span><\/strong><\/a><a href=\"https:\/\/www.uhcl.edu\/\"><span style=\"font-size: 12pt;\">University of Houston Clear Lake<\/span><\/a><strong><span style=\"font-size: 14pt;\"><a href=\"https:\/\/educacionbilingue.eu\/dr-gigi-do\/\"><br \/>\n<\/a><\/span><\/strong><\/p>\n<p>[\/vc_column_text][\/vc_column_inner][\/vc_row_inner][vc_row_inner row_type=&#8221;row&#8221; type=&#8221;full_width&#8221; text_align=&#8221;left&#8221; css_animation=&#8221;&#8221; css=&#8221;.vc_custom_1490634685590{margin-right: 15% !important;margin-left: 15% !important;padding-top: 50px !important;}&#8221;][vc_column_inner width=&#8221;1\/3&#8243;][vc_single_image image=&#8221;3234&#8243; img_size=&#8221;full&#8221; alignment=&#8221;center&#8221; onclick=&#8221;custom_link&#8221; qode_css_animation=&#8221;&#8221; css=&#8221;.vc_custom_1627375989683{padding-bottom: 35px !important;}&#8221; link=&#8221;\/da-eva-cano-fernandez-2021\/&#8221;][vc_column_text]<\/p>\n<p style=\"text-align: center;\"><span style=\"font-size: 14pt;\"><a href=\"\/da-eva-cano-fernandez-2021\/\"><strong>PhD. Eva Cano Fern\u00e1ndez<\/strong><br \/>\n<\/a><a href=\"https:\/\/www.ucjc.edu\/\"><span style=\"font-size: 12pt;\">University Camilo Jos\u00e9 Cela<\/span><\/a><\/span><\/p>\n<p>[\/vc_column_text][\/vc_column_inner][vc_column_inner width=&#8221;1\/3&#8243;][vc_single_image image=&#8221;3250&#8243; img_size=&#8221;full&#8221; alignment=&#8221;center&#8221; onclick=&#8221;custom_link&#8221; qode_css_animation=&#8221;&#8221; css=&#8221;.vc_custom_1627376022484{padding-bottom: 35px !important;}&#8221; link=&#8221;\/dr-jose-luis-estrada-2021\/&#8221;][vc_column_text]<\/p>\n<p style=\"text-align: center;\"><span style=\"font-size: 14pt;\"><a href=\"\/dr-jose-luis-estrada-2021\/\"><strong>PhD. Jos\u00e9 Luis Estrada<br \/>\n<\/strong><\/a><a href=\"https:\/\/www.uca.es\/\"><span style=\"font-size: 12pt;\">University of C\u00e1diz<\/span><\/a><\/span><\/p>\n<p>[\/vc_column_text][\/vc_column_inner][vc_column_inner width=&#8221;1\/3&#8243;][vc_single_image image=&#8221;3235&#8243; img_size=&#8221;full&#8221; alignment=&#8221;center&#8221; onclick=&#8221;custom_link&#8221; qode_css_animation=&#8221;&#8221; css=&#8221;.vc_custom_1627376086488{padding-bottom: 35px !important;}&#8221; link=&#8221;\/d-ruben-chacon-beltran-2021\/&#8221;][vc_column_text]<\/p>\n<p style=\"text-align: center;\"><span style=\"font-size: 14pt;\"><a href=\"\/d-ruben-chacon-beltran-2021\/\"><strong>PhD. Rub\u00e9n Chac\u00f3n Beltr\u00e1n<\/strong><br \/>\n<\/a><a href=\"https:\/\/www.uned.es\/universidad\/inicio.html\"><span style=\"font-size: 12pt;\">National University of Distance Education<\/span><\/a><\/span><\/p>\n<p>[\/vc_column_text][\/vc_column_inner][\/vc_row_inner][vc_row_inner row_type=&#8221;row&#8221; type=&#8221;full_width&#8221; text_align=&#8221;left&#8221; css_animation=&#8221;&#8221; css=&#8221;.vc_custom_1490634685590{margin-right: 15% !important;margin-left: 15% !important;padding-top: 50px !important;}&#8221;][vc_column_inner width=&#8221;1\/3&#8243;][vc_single_image image=&#8221;3188&#8243; img_size=&#8221;full&#8221; alignment=&#8221;center&#8221; onclick=&#8221;custom_link&#8221; qode_css_animation=&#8221;&#8221; css=&#8221;.vc_custom_1627376246071{padding-bottom: 35px !important;}&#8221; link=&#8221;\/equipo-interlica-2021\/&#8221;][vc_column_text]<\/p>\n<p style=\"text-align: center;\"><a href=\"\/equipo-interlica-2021\/\"><strong><span style=\"font-size: 14pt;\">PhD. Emma Dafouz Milne<br \/>\n<\/span><\/strong><\/a><a href=\"https:\/\/www.ucm.es\/\"><span style=\"font-size: 12pt;\">University Complutense of Madrid<\/span><\/a><\/p>\n<p>[\/vc_column_text][\/vc_column_inner][vc_column_inner width=&#8221;1\/3&#8243;][vc_single_image image=&#8221;3189&#8243; img_size=&#8221;full&#8221; alignment=&#8221;center&#8221; onclick=&#8221;custom_link&#8221; qode_css_animation=&#8221;&#8221; css=&#8221;.vc_custom_1627376288419{padding-bottom: 35px !important;}&#8221; link=&#8221;\/da-raquel-fernandez-fernandez-2021\/&#8221;][vc_column_text]<\/p>\n<p style=\"text-align: center;\"><span style=\"font-size: 14pt;\"><a href=\"\/da-raquel-fernandez-fernandez-2021\/\"><strong>PhD. Raquel F. Fern\u00e1ndez<\/strong><br \/>\n<\/a><a href=\"https:\/\/www.uah.es\/es\/\"><span style=\"font-size: 12pt;\">University of Alcal\u00e1<\/span><\/a><\/span><\/p>\n<p>[\/vc_column_text][\/vc_column_inner][vc_column_inner width=&#8221;1\/3&#8243;][vc_single_image image=&#8221;3190&#8243; img_size=&#8221;full&#8221; alignment=&#8221;center&#8221; onclick=&#8221;custom_link&#8221; qode_css_animation=&#8221;&#8221; css=&#8221;.vc_custom_1627376309651{padding-bottom: 35px !important;}&#8221; link=&#8221;\/dr-virginia-vinuesa-benitez-2021\/&#8221;][vc_column_text]<\/p>\n<p style=\"text-align: center;\"><span style=\"font-size: 14pt;\"><a href=\"\/dr-virginia-vinuesa-benitez-2021\/\"><strong>PhD. Virginia Vinuesa Benitez<\/strong><br \/>\n<\/a><a href=\"https:\/\/www.urjc.es\/\"><span style=\"font-size: 12pt;\">University Rey Juan Carlos<\/span><\/a><\/span><\/p>\n<p>[\/vc_column_text][\/vc_column_inner][\/vc_row_inner][vc_row_inner row_type=&#8221;row&#8221; type=&#8221;full_width&#8221; text_align=&#8221;left&#8221; css_animation=&#8221;&#8221; css=&#8221;.vc_custom_1490634685590{margin-right: 15% !important;margin-left: 15% !important;padding-top: 50px !important;}&#8221;][vc_column_inner width=&#8221;1\/3&#8243;][vc_single_image image=&#8221;3191&#8243; img_size=&#8221;full&#8221; alignment=&#8221;center&#8221; onclick=&#8221;custom_link&#8221; qode_css_animation=&#8221;&#8221; css=&#8221;.vc_custom_1627376332915{padding-bottom: 35px !important;}&#8221; link=&#8221;\/da-beatriz-lopez-medina-2021\/&#8221;][vc_column_text]<\/p>\n<p style=\"text-align: center;\"><span style=\"font-size: 14pt;\"><a href=\"\/da-beatriz-lopez-medina-2021\/\"><strong>PhD. Beatriz L\u00f3pez Medina<\/strong><br \/>\n<\/a><a href=\"https:\/\/www.ucm.es\/\"><span style=\"font-size: 12pt;\">University Complutense of Madrid<\/span><\/a><\/span><\/p>\n<p>[\/vc_column_text][\/vc_column_inner][vc_column_inner width=&#8221;1\/3&#8243;][vc_single_image image=&#8221;3247&#8243; img_size=&#8221;full&#8221; alignment=&#8221;center&#8221; onclick=&#8221;custom_link&#8221; qode_css_animation=&#8221;&#8221; css=&#8221;.vc_custom_1627376347042{padding-bottom: 35px !important;}&#8221; link=&#8221;\/da-ana-otto-canton-2021\/&#8221;][vc_column_text]<\/p>\n<p style=\"text-align: center;\"><span style=\"font-size: 14pt;\"><a href=\"\/da-ana-otto-canton-2021\/\"><strong>PhD. Ana Otto Cant\u00f3n<\/strong><br \/>\n<\/a><a href=\"https:\/\/estudiar.unir.net\/es\/es-gen-uni-gene-universidad-online\/?utm_source=google&amp;utm_medium=bus&amp;utm_content=texto&amp;utm_campaign=googleunireu_estextogenericogen_uni_bus&amp;wcmp=10141479738&amp;wmatch=b&amp;wkwd=%2Buniversidad%20a%20%2Bdistancia%20%2Bmadrid&amp;wad=437649192422&amp;wpos=&amp;wdt=c&amp;wdm=&amp;gclid=Cj0KCQjw-NaJBhDsARIsAAja6dNHjgssSai9T60u_q2uZC5Uba4YlGeFt74yvcfJfsqRzmQL2qDRpGIaAiZTEALw_wcB\"><span style=\"font-size: 12pt;\">University of Distancia de Madrid<\/span><\/a><\/span><\/p>\n<p>[\/vc_column_text][\/vc_column_inner][vc_column_inner width=&#8221;1\/3&#8243;][vc_single_image image=&#8221;3192&#8243; img_size=&#8221;full&#8221; alignment=&#8221;center&#8221; onclick=&#8221;custom_link&#8221; qode_css_animation=&#8221;&#8221; css=&#8221;.vc_custom_1627376362457{padding-bottom: 35px !important;}&#8221; link=&#8221;\/da-ana-llinares-garcia-2021\/&#8221;][vc_column_text]<\/p>\n<p style=\"text-align: center;\"><span style=\"font-size: 14pt;\"><a href=\"\/da-ana-llinares-garcia-2021\/\"><strong>PhD. Ana Llinares Garc\u00eda<\/strong><br \/>\n<\/a><a href=\"https:\/\/www.uam.es\/Ciencias\/Home.htm\"><span style=\"font-size: 12pt;\">University Aut\u00f3noma of Madrid<\/span><\/a><\/span><\/p>\n<p>[\/vc_column_text][\/vc_column_inner][\/vc_row_inner][vc_row_inner row_type=&#8221;row&#8221; type=&#8221;full_width&#8221; text_align=&#8221;left&#8221; css_animation=&#8221;&#8221; css=&#8221;.vc_custom_1490634685590{margin-right: 15% !important;margin-left: 15% !important;padding-top: 50px !important;}&#8221;][vc_column_inner width=&#8221;1\/3&#8243;][\/vc_column_inner][vc_column_inner width=&#8221;1\/3&#8243;][vc_single_image image=&#8221;3215&#8243; img_size=&#8221;full&#8221; alignment=&#8221;center&#8221; onclick=&#8221;custom_link&#8221; qode_css_animation=&#8221;&#8221; css=&#8221;.vc_custom_1627375697702{padding-bottom: 35px !important;}&#8221; link=&#8221;\/dra-daniela-cecic-2021\/&#8221;][vc_column_text]<\/p>\n<p style=\"text-align: center;\"><span style=\"font-size: 14pt;\"><a href=\"\/dra-daniela-cecic-2021\/\"><strong>PhD. Daniela Cecic Mladinic<\/strong><br \/>\n<\/a><a href=\"https:\/\/www.universidadatlanticomedio.es\/\"><span style=\"font-size: 12pt;\">University of Atl\u00e1ntico Medio<\/span><\/a><\/span><\/p>\n<p>[\/vc_column_text][\/vc_column_inner][vc_column_inner width=&#8221;1\/3&#8243;][\/vc_column_inner][\/vc_row_inner][vc_empty_space height=&#8221;300px&#8221;][\/vc_column][\/vc_row]<\/p>\n","protected":false},"excerpt":{"rendered":"<p>[vc_row css_animation=&#8221;&#8221; row_type=&#8221;row&#8221; use_row_as_full_screen_section=&#8221;no&#8221; type=&#8221;full_width&#8221; angled_section=&#8221;no&#8221; text_align=&#8221;left&#8221; background_image_as_pattern=&#8221;without_pattern&#8221; el_class=&#8221;fondo-imagen&#8221; css=&#8221;.vc_custom_1490634583598{padding-top: 75px !important;}&#8221;][vc_column][vc_column_text css=&#8221;.vc_custom_1627377005376{padding-bottom: 50px !important;}&#8221;] Scientific Committee [\/vc_column_text][vc_row_inner row_type=&#8221;row&#8221; type=&#8221;full_width&#8221; text_align=&#8221;left&#8221; css_animation=&#8221;&#8221; css=&#8221;.vc_custom_1490634685590{margin-right: 15% !important;margin-left: 15% !important;padding-top: 50px !important;}&#8221;][vc_column_inner width=&#8221;1\/3&#8243;][vc_single_image image=&#8221;3113&#8243; img_size=&#8221;full&#8221; alignment=&#8221;center&#8221; onclick=&#8221;custom_link&#8221; qode_css_animation=&#8221;&#8221; css=&#8221;.vc_custom_1627375863858{padding-bottom: 35px !important;}&#8221; link=&#8221;\/dra-laura-carrasco-2021\/&#8221;][vc_column_text] PhD. Laura Carrasco Navarrete International Leadership&#8230;<\/p>\n","protected":false},"author":2,"featured_media":0,"parent":0,"menu_order":0,"comment_status":"closed","ping_status":"closed","template":"tema-magister-2021.php","meta":{"footnotes":""},"class_list":["post-2303","page","type-page","status-publish","hentry"],"yoast_head":"<!-- This site is optimized with the Yoast SEO plugin v20.1 - https:\/\/yoast.com\/wordpress\/plugins\/seo\/ -->\n<title>Scientific Committee - V Blended Conference for Professionals in Bilingual and International Education<\/title>\n<meta name=\"robots\" content=\"index, follow, max-snippet:-1, max-image-preview:large, max-video-preview:-1\" \/>\n<link rel=\"canonical\" href=\"https:\/\/educacionbilingue.eu\/comite-cientifico-2021-2\/\" \/>\n<meta property=\"og:locale\" content=\"en_US\" \/>\n<meta property=\"og:type\" content=\"article\" \/>\n<meta property=\"og:title\" content=\"Scientific Committee - V Blended Conference for Professionals in Bilingual and International Education\" \/>\n<meta property=\"og:description\" content=\"[vc_row css_animation=&#8221;&#8221; row_type=&#8221;row&#8221; use_row_as_full_screen_section=&#8221;no&#8221; type=&#8221;full_width&#8221; angled_section=&#8221;no&#8221; text_align=&#8221;left&#8221; background_image_as_pattern=&#8221;without_pattern&#8221; el_class=&#8221;fondo-imagen&#8221; css=&#8221;.vc_custom_1490634583598{padding-top: 75px !important;}&#8221;][vc_column][vc_column_text css=&#8221;.vc_custom_1627377005376{padding-bottom: 50px !important;}&#8221;] Scientific Committee [\/vc_column_text][vc_row_inner row_type=&#8221;row&#8221; type=&#8221;full_width&#8221; text_align=&#8221;left&#8221; css_animation=&#8221;&#8221; css=&#8221;.vc_custom_1490634685590{margin-right: 15% !important;margin-left: 15% !important;padding-top: 50px !important;}&#8221;][vc_column_inner width=&#8221;1\/3&#8243;][vc_single_image image=&#8221;3113&#8243; img_size=&#8221;full&#8221; alignment=&#8221;center&#8221; onclick=&#8221;custom_link&#8221; qode_css_animation=&#8221;&#8221; css=&#8221;.vc_custom_1627375863858{padding-bottom: 35px !important;}&#8221; link=&#8221;\/dra-laura-carrasco-2021\/&#8221;][vc_column_text] PhD. Laura Carrasco Navarrete International Leadership...\" \/>\n<meta property=\"og:url\" content=\"https:\/\/educacionbilingue.eu\/comite-cientifico-2021-2\/\" \/>\n<meta property=\"og:site_name\" content=\"V Blended Conference for Professionals in Bilingual and International Education\" \/>\n<meta property=\"article:modified_time\" content=\"2021-09-06T07:46:30+00:00\" \/>\n<meta property=\"og:image\" content=\"https:\/\/educacionbilingue.eu\/wp-content\/uploads\/2017\/04\/cropped-logo-web.png\" \/>\n\t<meta property=\"og:image:width\" content=\"512\" \/>\n\t<meta property=\"og:image:height\" content=\"512\" \/>\n\t<meta property=\"og:image:type\" content=\"image\/png\" \/>\n<meta name=\"twitter:card\" content=\"summary_large_image\" \/>\n<meta name=\"twitter:label1\" content=\"Est. reading time\" \/>\n\t<meta name=\"twitter:data1\" content=\"4 minutes\" \/>\n<script type=\"application\/ld+json\" class=\"yoast-schema-graph\">{\"@context\":\"https:\/\/schema.org\",\"@graph\":[{\"@type\":\"WebPage\",\"@id\":\"https:\/\/educacionbilingue.eu\/comite-cientifico-2021-2\/\",\"url\":\"https:\/\/educacionbilingue.eu\/comite-cientifico-2021-2\/\",\"name\":\"Scientific Committee - V Blended Conference for Professionals in Bilingual and International Education\",\"isPartOf\":{\"@id\":\"https:\/\/educacionbilingue.eu\/#website\"},\"datePublished\":\"2019-02-26T18:06:22+00:00\",\"dateModified\":\"2021-09-06T07:46:30+00:00\",\"breadcrumb\":{\"@id\":\"https:\/\/educacionbilingue.eu\/comite-cientifico-2021-2\/#breadcrumb\"},\"inLanguage\":\"en-EN\",\"potentialAction\":[{\"@type\":\"ReadAction\",\"target\":[\"https:\/\/educacionbilingue.eu\/comite-cientifico-2021-2\/\"]}]},{\"@type\":\"BreadcrumbList\",\"@id\":\"https:\/\/educacionbilingue.eu\/comite-cientifico-2021-2\/#breadcrumb\",\"itemListElement\":[{\"@type\":\"ListItem\",\"position\":1,\"name\":\"V Congreso Semipresencial para Profesionales de la Educaci\u00f3n Biling\u00fce e Internacional\",\"item\":\"https:\/\/educacionbilingue.eu\/\"},{\"@type\":\"ListItem\",\"position\":2,\"name\":\"2021 &#8211; Comit\u00e9 Cient\u00edfico\"}]},{\"@type\":\"WebSite\",\"@id\":\"https:\/\/educacionbilingue.eu\/#website\",\"url\":\"https:\/\/educacionbilingue.eu\/\",\"name\":\"V Blended Conference for Professionals in Bilingual and International Education\",\"description\":\"\",\"publisher\":{\"@id\":\"https:\/\/educacionbilingue.eu\/#organization\"},\"potentialAction\":[{\"@type\":\"SearchAction\",\"target\":{\"@type\":\"EntryPoint\",\"urlTemplate\":\"https:\/\/educacionbilingue.eu\/?s={search_term_string}\"},\"query-input\":\"required name=search_term_string\"}],\"inLanguage\":\"en-EN\"},{\"@type\":\"Organization\",\"@id\":\"https:\/\/educacionbilingue.eu\/#organization\",\"name\":\"Congreso de Educaci\u00f3n Biling\u00fce\",\"url\":\"https:\/\/educacionbilingue.eu\/\",\"logo\":{\"@type\":\"ImageObject\",\"inLanguage\":\"en-EN\",\"@id\":\"https:\/\/educacionbilingue.eu\/#\/schema\/logo\/image\/\",\"url\":\"https:\/\/educacionbilingue.eu\/wp-content\/uploads\/2018\/03\/400dpiLogoCropped.png\",\"contentUrl\":\"https:\/\/educacionbilingue.eu\/wp-content\/uploads\/2018\/03\/400dpiLogoCropped.png\",\"width\":800,\"height\":1167,\"caption\":\"Congreso de Educaci\u00f3n Biling\u00fce\"},\"image\":{\"@id\":\"https:\/\/educacionbilingue.eu\/#\/schema\/logo\/image\/\"}}]}<\/script>\n<!-- \/ Yoast SEO plugin. -->","yoast_head_json":{"title":"Scientific Committee - V Blended Conference for Professionals in Bilingual and International Education","robots":{"index":"index","follow":"follow","max-snippet":"max-snippet:-1","max-image-preview":"max-image-preview:large","max-video-preview":"max-video-preview:-1"},"canonical":"https:\/\/educacionbilingue.eu\/comite-cientifico-2021-2\/","og_locale":"en_US","og_type":"article","og_title":"Scientific Committee - V Blended Conference for Professionals in Bilingual and International Education","og_description":"[vc_row css_animation=&#8221;&#8221; row_type=&#8221;row&#8221; use_row_as_full_screen_section=&#8221;no&#8221; type=&#8221;full_width&#8221; angled_section=&#8221;no&#8221; text_align=&#8221;left&#8221; background_image_as_pattern=&#8221;without_pattern&#8221; el_class=&#8221;fondo-imagen&#8221; css=&#8221;.vc_custom_1490634583598{padding-top: 75px !important;}&#8221;][vc_column][vc_column_text css=&#8221;.vc_custom_1627377005376{padding-bottom: 50px !important;}&#8221;] Scientific Committee [\/vc_column_text][vc_row_inner row_type=&#8221;row&#8221; type=&#8221;full_width&#8221; text_align=&#8221;left&#8221; css_animation=&#8221;&#8221; css=&#8221;.vc_custom_1490634685590{margin-right: 15% !important;margin-left: 15% !important;padding-top: 50px !important;}&#8221;][vc_column_inner width=&#8221;1\/3&#8243;][vc_single_image image=&#8221;3113&#8243; img_size=&#8221;full&#8221; alignment=&#8221;center&#8221; onclick=&#8221;custom_link&#8221; qode_css_animation=&#8221;&#8221; css=&#8221;.vc_custom_1627375863858{padding-bottom: 35px !important;}&#8221; link=&#8221;\/dra-laura-carrasco-2021\/&#8221;][vc_column_text] PhD. Laura Carrasco Navarrete International Leadership...","og_url":"https:\/\/educacionbilingue.eu\/comite-cientifico-2021-2\/","og_site_name":"V Blended Conference for Professionals in Bilingual and International Education","article_modified_time":"2021-09-06T07:46:30+00:00","og_image":[{"width":512,"height":512,"url":"https:\/\/educacionbilingue.eu\/wp-content\/uploads\/2017\/04\/cropped-logo-web.png","type":"image\/png"}],"twitter_card":"summary_large_image","twitter_misc":{"Est. reading time":"4 minutes"},"schema":{"@context":"https:\/\/schema.org","@graph":[{"@type":"WebPage","@id":"https:\/\/educacionbilingue.eu\/comite-cientifico-2021-2\/","url":"https:\/\/educacionbilingue.eu\/comite-cientifico-2021-2\/","name":"Scientific Committee - V Blended Conference for Professionals in Bilingual and International Education","isPartOf":{"@id":"https:\/\/educacionbilingue.eu\/#website"},"datePublished":"2019-02-26T18:06:22+00:00","dateModified":"2021-09-06T07:46:30+00:00","breadcrumb":{"@id":"https:\/\/educacionbilingue.eu\/comite-cientifico-2021-2\/#breadcrumb"},"inLanguage":"en-EN","potentialAction":[{"@type":"ReadAction","target":["https:\/\/educacionbilingue.eu\/comite-cientifico-2021-2\/"]}]},{"@type":"BreadcrumbList","@id":"https:\/\/educacionbilingue.eu\/comite-cientifico-2021-2\/#breadcrumb","itemListElement":[{"@type":"ListItem","position":1,"name":"V Congreso Semipresencial para Profesionales de la Educaci\u00f3n Biling\u00fce e Internacional","item":"https:\/\/educacionbilingue.eu\/"},{"@type":"ListItem","position":2,"name":"2021 &#8211; Comit\u00e9 Cient\u00edfico"}]},{"@type":"WebSite","@id":"https:\/\/educacionbilingue.eu\/#website","url":"https:\/\/educacionbilingue.eu\/","name":"V Blended Conference for Professionals in Bilingual and International Education","description":"","publisher":{"@id":"https:\/\/educacionbilingue.eu\/#organization"},"potentialAction":[{"@type":"SearchAction","target":{"@type":"EntryPoint","urlTemplate":"https:\/\/educacionbilingue.eu\/?s={search_term_string}"},"query-input":"required name=search_term_string"}],"inLanguage":"en-EN"},{"@type":"Organization","@id":"https:\/\/educacionbilingue.eu\/#organization","name":"Congreso de Educaci\u00f3n Biling\u00fce","url":"https:\/\/educacionbilingue.eu\/","logo":{"@type":"ImageObject","inLanguage":"en-EN","@id":"https:\/\/educacionbilingue.eu\/#\/schema\/logo\/image\/","url":"https:\/\/educacionbilingue.eu\/wp-content\/uploads\/2018\/03\/400dpiLogoCropped.png","contentUrl":"https:\/\/educacionbilingue.eu\/wp-content\/uploads\/2018\/03\/400dpiLogoCropped.png","width":800,"height":1167,"caption":"Congreso de Educaci\u00f3n Biling\u00fce"},"image":{"@id":"https:\/\/educacionbilingue.eu\/#\/schema\/logo\/image\/"}}]}},"_links":{"self":[{"href":"https:\/\/educacionbilingue.eu\/en\/wp-json\/wp\/v2\/pages\/2303","targetHints":{"allow":["GET"]}}],"collection":[{"href":"https:\/\/educacionbilingue.eu\/en\/wp-json\/wp\/v2\/pages"}],"about":[{"href":"https:\/\/educacionbilingue.eu\/en\/wp-json\/wp\/v2\/types\/page"}],"author":[{"embeddable":true,"href":"https:\/\/educacionbilingue.eu\/en\/wp-json\/wp\/v2\/users\/2"}],"replies":[{"embeddable":true,"href":"https:\/\/educacionbilingue.eu\/en\/wp-json\/wp\/v2\/comments?post=2303"}],"version-history":[{"count":61,"href":"https:\/\/educacionbilingue.eu\/en\/wp-json\/wp\/v2\/pages\/2303\/revisions"}],"predecessor-version":[{"id":3827,"href":"https:\/\/educacionbilingue.eu\/en\/wp-json\/wp\/v2\/pages\/2303\/revisions\/3827"}],"wp:attachment":[{"href":"https:\/\/educacionbilingue.eu\/en\/wp-json\/wp\/v2\/media?parent=2303"}],"curies":[{"name":"wp","href":"https:\/\/api.w.org\/{rel}","templated":true}]}}