{"id":2449,"date":"2019-04-01T11:22:15","date_gmt":"2019-04-01T11:22:15","guid":{"rendered":"https:\/\/educacionbilingue.eu\/?page_id=2449"},"modified":"2019-05-21T07:12:41","modified_gmt":"2019-05-21T07:12:41","slug":"d-mark-levy-2019","status":"publish","type":"page","link":"https:\/\/educacionbilingue.eu\/en\/d-mark-levy-2019\/","title":{"rendered":"D. Mark Levy"},"content":{"rendered":"<p>[vc_row css_animation=&#8221;&#8221; row_type=&#8221;row&#8221; use_row_as_full_screen_section=&#8221;no&#8221; type=&#8221;full_width&#8221; angled_section=&#8221;no&#8221; text_align=&#8221;left&#8221; background_image_as_pattern=&#8221;without_pattern&#8221; el_class=&#8221;fondo-teja&#8221; css=&#8221;.vc_custom_1490630823443{margin-right: 5% !important;margin-left: 5% !important;padding-top: 75px !important;}&#8221;][vc_column][vc_single_image image=&#8221;1149&#8243; img_size=&#8221;full&#8221; alignment=&#8221;center&#8221; qode_css_animation=&#8221;&#8221; css=&#8221;.vc_custom_1493134318694{padding-bottom: 50px !important;}&#8221;][vc_column_text css=&#8221;.vc_custom_1493293398354{padding-bottom: 50px !important;}&#8221;]<\/p>\n<p style=\"text-align: center;\"><span style=\"font-size: 32pt; color: #808080;\">D. Mark Levy<\/span><\/p>\n<p>[\/vc_column_text][vc_column_text]<\/p>\n<p style=\"text-align: center;\"><span style=\"color: #a71f00;\">Biodata<\/span><\/p>\n<p>&nbsp;<\/p>\n<p>Mark is Head of English Programmes for the British Council in Spain with responsibility for the British Council\u2019s initiatives in support of the teaching and learning of (and through) English across the country. In recent years the vast majority of this work has been focused on multilingual and bilingual education (and CLIL) and he manages the British Council\u2019s partnership with the Spanish Ministry of Education on the national Bilingual Education Programme as well as British Council collaboration with Regional Governments. He is also involved in developing British Council schools work in Europe especially in relation to bilingual education, and represents the British Council at conferences across Europe as well as in Spain. He was previously an English teacher and a teacher educator, working with Spanish teachers of English for many years. He has lived in Spain for much, much longer than the 6 months he had originally planned for! [\/vc_column_text][vc_empty_space height=&#8221;50px&#8221;][vc_column_text]<\/p>\n<p style=\"text-align: center;\"><span style=\"color: #a71f00;\">The Bilingual Effect: What\u2019s happening to English in Bilingual Education<\/span><\/p>\n<p>\u201c\u00bfPor qu\u00e9 pa\u00edses como Espa\u00f1a no consiguen que sus alumnos terminen la ense\u00f1anza obligatoria con un nivel de ingl\u00e9s aceptable?\u201d<\/p>\n<p>This opening question to David Marsh in a recent El Pa\u00eds interview (20\/10\/2018) is evidence if needed that 23 years after the start of the first national bilingual programme in Spain in 1996 and 15 years into the Madrid bilingual programme, there are still widespread doubts of the success of these and other programmes in terms of their most basic aim: raising levels of English.<\/p>\n<p>The British Council\u2019s English Impact study of English language capability amongst students in 4\u00ba de ESO in Madrid (2017) allows comparisons to be drawn between the language profiles of students in bilingual and non-bilingual schools, between females and males and between different socio-economic groups. It also provided researchers with evidence-based insights into student motivation and language learning in bilingual and non-bilingual programmes.<\/p>\n<p>In this presentation I will use data from this British Council English Impact study and other sources to look at what\u2019s happening to levels of English and consider the claim that \u201c\u00a1Ni siquiera aprenden ingl\u00e9s!\u201d (They don\u2019t even learn English!).[\/vc_column_text][vc_empty_space height=&#8221;50px&#8221;][\/vc_column][\/vc_row]<\/p>\n","protected":false},"excerpt":{"rendered":"<p>[vc_row css_animation=&#8221;&#8221; row_type=&#8221;row&#8221; use_row_as_full_screen_section=&#8221;no&#8221; type=&#8221;full_width&#8221; angled_section=&#8221;no&#8221; text_align=&#8221;left&#8221; background_image_as_pattern=&#8221;without_pattern&#8221; el_class=&#8221;fondo-teja&#8221; css=&#8221;.vc_custom_1490630823443{margin-right: 5% !important;margin-left: 5% !important;padding-top: 75px !important;}&#8221;][vc_column][vc_single_image image=&#8221;1149&#8243; img_size=&#8221;full&#8221; alignment=&#8221;center&#8221; qode_css_animation=&#8221;&#8221; css=&#8221;.vc_custom_1493134318694{padding-bottom: 50px !important;}&#8221;][vc_column_text css=&#8221;.vc_custom_1493293398354{padding-bottom: 50px !important;}&#8221;] D. Mark Levy [\/vc_column_text][vc_column_text] Biodata &nbsp; Mark is Head of English Programmes for the British Council in Spain with&#8230;<\/p>\n","protected":false},"author":2,"featured_media":0,"parent":0,"menu_order":0,"comment_status":"closed","ping_status":"closed","template":"tema-magister-2019.php","meta":{"footnotes":""},"class_list":["post-2449","page","type-page","status-publish","hentry"],"yoast_head":"<!-- This site is optimized with the Yoast SEO plugin v20.1 - https:\/\/yoast.com\/wordpress\/plugins\/seo\/ -->\n<title>D. Mark Levy - V Blended Conference for Professionals in Bilingual and International Education<\/title>\n<meta name=\"robots\" content=\"index, follow, max-snippet:-1, max-image-preview:large, max-video-preview:-1\" \/>\n<link rel=\"canonical\" href=\"https:\/\/educacionbilingue.eu\/d-mark-levy-2019\/\" \/>\n<meta property=\"og:locale\" content=\"en_US\" \/>\n<meta property=\"og:type\" content=\"article\" \/>\n<meta property=\"og:title\" content=\"D. Mark Levy - V Blended Conference for Professionals in Bilingual and International Education\" \/>\n<meta property=\"og:description\" content=\"[vc_row css_animation=&#8221;&#8221; row_type=&#8221;row&#8221; use_row_as_full_screen_section=&#8221;no&#8221; type=&#8221;full_width&#8221; angled_section=&#8221;no&#8221; text_align=&#8221;left&#8221; background_image_as_pattern=&#8221;without_pattern&#8221; el_class=&#8221;fondo-teja&#8221; css=&#8221;.vc_custom_1490630823443{margin-right: 5% !important;margin-left: 5% !important;padding-top: 75px !important;}&#8221;][vc_column][vc_single_image image=&#8221;1149&#8243; img_size=&#8221;full&#8221; alignment=&#8221;center&#8221; qode_css_animation=&#8221;&#8221; css=&#8221;.vc_custom_1493134318694{padding-bottom: 50px !important;}&#8221;][vc_column_text css=&#8221;.vc_custom_1493293398354{padding-bottom: 50px !important;}&#8221;] D. Mark Levy [\/vc_column_text][vc_column_text] Biodata &nbsp; Mark is Head of English Programmes for the British Council in Spain with...\" \/>\n<meta property=\"og:url\" content=\"https:\/\/educacionbilingue.eu\/d-mark-levy-2019\/\" \/>\n<meta property=\"og:site_name\" content=\"V Blended Conference for Professionals in Bilingual and International Education\" \/>\n<meta property=\"article:modified_time\" content=\"2019-05-21T07:12:41+00:00\" \/>\n<meta property=\"og:image\" content=\"https:\/\/educacionbilingue.eu\/wp-content\/uploads\/2017\/04\/cropped-logo-web.png\" \/>\n\t<meta property=\"og:image:width\" content=\"512\" \/>\n\t<meta property=\"og:image:height\" content=\"512\" \/>\n\t<meta property=\"og:image:type\" content=\"image\/png\" \/>\n<meta name=\"twitter:card\" content=\"summary_large_image\" \/>\n<meta name=\"twitter:label1\" content=\"Est. reading time\" \/>\n\t<meta name=\"twitter:data1\" content=\"2 minutes\" \/>\n<script type=\"application\/ld+json\" class=\"yoast-schema-graph\">{\"@context\":\"https:\/\/schema.org\",\"@graph\":[{\"@type\":\"WebPage\",\"@id\":\"https:\/\/educacionbilingue.eu\/d-mark-levy-2019\/\",\"url\":\"https:\/\/educacionbilingue.eu\/d-mark-levy-2019\/\",\"name\":\"D. Mark Levy - V Blended Conference for Professionals in Bilingual and International Education\",\"isPartOf\":{\"@id\":\"https:\/\/educacionbilingue.eu\/#website\"},\"datePublished\":\"2019-04-01T11:22:15+00:00\",\"dateModified\":\"2019-05-21T07:12:41+00:00\",\"breadcrumb\":{\"@id\":\"https:\/\/educacionbilingue.eu\/d-mark-levy-2019\/#breadcrumb\"},\"inLanguage\":\"en-EN\",\"potentialAction\":[{\"@type\":\"ReadAction\",\"target\":[\"https:\/\/educacionbilingue.eu\/d-mark-levy-2019\/\"]}]},{\"@type\":\"BreadcrumbList\",\"@id\":\"https:\/\/educacionbilingue.eu\/d-mark-levy-2019\/#breadcrumb\",\"itemListElement\":[{\"@type\":\"ListItem\",\"position\":1,\"name\":\"V Congreso Semipresencial para Profesionales de la Educaci\u00f3n Biling\u00fce e Internacional\",\"item\":\"https:\/\/educacionbilingue.eu\/\"},{\"@type\":\"ListItem\",\"position\":2,\"name\":\"D. Mark Levy\"}]},{\"@type\":\"WebSite\",\"@id\":\"https:\/\/educacionbilingue.eu\/#website\",\"url\":\"https:\/\/educacionbilingue.eu\/\",\"name\":\"V Blended Conference for Professionals in Bilingual and International Education\",\"description\":\"\",\"publisher\":{\"@id\":\"https:\/\/educacionbilingue.eu\/#organization\"},\"potentialAction\":[{\"@type\":\"SearchAction\",\"target\":{\"@type\":\"EntryPoint\",\"urlTemplate\":\"https:\/\/educacionbilingue.eu\/?s={search_term_string}\"},\"query-input\":\"required name=search_term_string\"}],\"inLanguage\":\"en-EN\"},{\"@type\":\"Organization\",\"@id\":\"https:\/\/educacionbilingue.eu\/#organization\",\"name\":\"Congreso de Educaci\u00f3n Biling\u00fce\",\"url\":\"https:\/\/educacionbilingue.eu\/\",\"logo\":{\"@type\":\"ImageObject\",\"inLanguage\":\"en-EN\",\"@id\":\"https:\/\/educacionbilingue.eu\/#\/schema\/logo\/image\/\",\"url\":\"https:\/\/educacionbilingue.eu\/wp-content\/uploads\/2018\/03\/400dpiLogoCropped.png\",\"contentUrl\":\"https:\/\/educacionbilingue.eu\/wp-content\/uploads\/2018\/03\/400dpiLogoCropped.png\",\"width\":800,\"height\":1167,\"caption\":\"Congreso de Educaci\u00f3n Biling\u00fce\"},\"image\":{\"@id\":\"https:\/\/educacionbilingue.eu\/#\/schema\/logo\/image\/\"}}]}<\/script>\n<!-- \/ Yoast SEO plugin. -->","yoast_head_json":{"title":"D. Mark Levy - V Blended Conference for Professionals in Bilingual and International Education","robots":{"index":"index","follow":"follow","max-snippet":"max-snippet:-1","max-image-preview":"max-image-preview:large","max-video-preview":"max-video-preview:-1"},"canonical":"https:\/\/educacionbilingue.eu\/d-mark-levy-2019\/","og_locale":"en_US","og_type":"article","og_title":"D. Mark Levy - V Blended Conference for Professionals in Bilingual and International Education","og_description":"[vc_row css_animation=&#8221;&#8221; row_type=&#8221;row&#8221; use_row_as_full_screen_section=&#8221;no&#8221; type=&#8221;full_width&#8221; angled_section=&#8221;no&#8221; text_align=&#8221;left&#8221; background_image_as_pattern=&#8221;without_pattern&#8221; el_class=&#8221;fondo-teja&#8221; css=&#8221;.vc_custom_1490630823443{margin-right: 5% !important;margin-left: 5% !important;padding-top: 75px !important;}&#8221;][vc_column][vc_single_image image=&#8221;1149&#8243; img_size=&#8221;full&#8221; alignment=&#8221;center&#8221; qode_css_animation=&#8221;&#8221; css=&#8221;.vc_custom_1493134318694{padding-bottom: 50px !important;}&#8221;][vc_column_text css=&#8221;.vc_custom_1493293398354{padding-bottom: 50px !important;}&#8221;] D. Mark Levy [\/vc_column_text][vc_column_text] Biodata &nbsp; Mark is Head of English Programmes for the British Council in Spain with...","og_url":"https:\/\/educacionbilingue.eu\/d-mark-levy-2019\/","og_site_name":"V Blended Conference for Professionals in Bilingual and International Education","article_modified_time":"2019-05-21T07:12:41+00:00","og_image":[{"width":512,"height":512,"url":"https:\/\/educacionbilingue.eu\/wp-content\/uploads\/2017\/04\/cropped-logo-web.png","type":"image\/png"}],"twitter_card":"summary_large_image","twitter_misc":{"Est. reading time":"2 minutes"},"schema":{"@context":"https:\/\/schema.org","@graph":[{"@type":"WebPage","@id":"https:\/\/educacionbilingue.eu\/d-mark-levy-2019\/","url":"https:\/\/educacionbilingue.eu\/d-mark-levy-2019\/","name":"D. Mark Levy - V Blended Conference for Professionals in Bilingual and International Education","isPartOf":{"@id":"https:\/\/educacionbilingue.eu\/#website"},"datePublished":"2019-04-01T11:22:15+00:00","dateModified":"2019-05-21T07:12:41+00:00","breadcrumb":{"@id":"https:\/\/educacionbilingue.eu\/d-mark-levy-2019\/#breadcrumb"},"inLanguage":"en-EN","potentialAction":[{"@type":"ReadAction","target":["https:\/\/educacionbilingue.eu\/d-mark-levy-2019\/"]}]},{"@type":"BreadcrumbList","@id":"https:\/\/educacionbilingue.eu\/d-mark-levy-2019\/#breadcrumb","itemListElement":[{"@type":"ListItem","position":1,"name":"V Congreso Semipresencial para Profesionales de la Educaci\u00f3n Biling\u00fce e Internacional","item":"https:\/\/educacionbilingue.eu\/"},{"@type":"ListItem","position":2,"name":"D. Mark Levy"}]},{"@type":"WebSite","@id":"https:\/\/educacionbilingue.eu\/#website","url":"https:\/\/educacionbilingue.eu\/","name":"V Blended Conference for Professionals in Bilingual and International Education","description":"","publisher":{"@id":"https:\/\/educacionbilingue.eu\/#organization"},"potentialAction":[{"@type":"SearchAction","target":{"@type":"EntryPoint","urlTemplate":"https:\/\/educacionbilingue.eu\/?s={search_term_string}"},"query-input":"required name=search_term_string"}],"inLanguage":"en-EN"},{"@type":"Organization","@id":"https:\/\/educacionbilingue.eu\/#organization","name":"Congreso de Educaci\u00f3n Biling\u00fce","url":"https:\/\/educacionbilingue.eu\/","logo":{"@type":"ImageObject","inLanguage":"en-EN","@id":"https:\/\/educacionbilingue.eu\/#\/schema\/logo\/image\/","url":"https:\/\/educacionbilingue.eu\/wp-content\/uploads\/2018\/03\/400dpiLogoCropped.png","contentUrl":"https:\/\/educacionbilingue.eu\/wp-content\/uploads\/2018\/03\/400dpiLogoCropped.png","width":800,"height":1167,"caption":"Congreso de Educaci\u00f3n Biling\u00fce"},"image":{"@id":"https:\/\/educacionbilingue.eu\/#\/schema\/logo\/image\/"}}]}},"_links":{"self":[{"href":"https:\/\/educacionbilingue.eu\/en\/wp-json\/wp\/v2\/pages\/2449","targetHints":{"allow":["GET"]}}],"collection":[{"href":"https:\/\/educacionbilingue.eu\/en\/wp-json\/wp\/v2\/pages"}],"about":[{"href":"https:\/\/educacionbilingue.eu\/en\/wp-json\/wp\/v2\/types\/page"}],"author":[{"embeddable":true,"href":"https:\/\/educacionbilingue.eu\/en\/wp-json\/wp\/v2\/users\/2"}],"replies":[{"embeddable":true,"href":"https:\/\/educacionbilingue.eu\/en\/wp-json\/wp\/v2\/comments?post=2449"}],"version-history":[{"count":6,"href":"https:\/\/educacionbilingue.eu\/en\/wp-json\/wp\/v2\/pages\/2449\/revisions"}],"predecessor-version":[{"id":2795,"href":"https:\/\/educacionbilingue.eu\/en\/wp-json\/wp\/v2\/pages\/2449\/revisions\/2795"}],"wp:attachment":[{"href":"https:\/\/educacionbilingue.eu\/en\/wp-json\/wp\/v2\/media?parent=2449"}],"curies":[{"name":"wp","href":"https:\/\/api.w.org\/{rel}","templated":true}]}}