{"id":2477,"date":"2019-04-01T17:42:17","date_gmt":"2019-04-01T17:42:17","guid":{"rendered":"https:\/\/educacionbilingue.eu\/?page_id=2477"},"modified":"2021-09-21T16:25:44","modified_gmt":"2021-09-21T16:25:44","slug":"sala-2-2021","status":"publish","type":"page","link":"https:\/\/educacionbilingue.eu\/en\/sala-2-2021\/","title":{"rendered":"2021 &#8211; Room 2"},"content":{"rendered":"<p>[vc_row css_animation=&#8221;&#8221; row_type=&#8221;row&#8221; use_row_as_full_screen_section=&#8221;no&#8221; type=&#8221;full_width&#8221; angled_section=&#8221;no&#8221; text_align=&#8221;left&#8221; background_image_as_pattern=&#8221;without_pattern&#8221; el_class=&#8221;fondo-imagen&#8221; css=&#8221;.vc_custom_1490634583598{padding-top: 75px !important;}&#8221;][vc_column][vc_column_text css=&#8221;.vc_custom_1554144607507{padding-bottom: 50px !important;}&#8221;]<\/p>\n<h1 style=\"text-align: center;\">Room 2<\/h1>\n<p>[\/vc_column_text][vc_row_inner row_type=&#8221;row&#8221; type=&#8221;full_width&#8221; text_align=&#8221;left&#8221; css_animation=&#8221;&#8221; css=&#8221;.vc_custom_1490634685590{margin-right: 15% !important;margin-left: 15% !important;padding-top: 50px !important;}&#8221;][vc_column_inner width=&#8221;1\/3&#8243;][vc_single_image image=&#8221;3113&#8243; img_size=&#8221;&#8221; alignment=&#8221;center&#8221; onclick=&#8221;custom_link&#8221; qode_css_animation=&#8221;&#8221; css=&#8221;.vc_custom_1627287710242{padding-bottom: 35px !important;}&#8221; link=&#8221;\/dra-laura-carrasco-2021\/&#8221;][vc_column_text]<\/p>\n<p style=\"text-align: center;\"><span style=\"font-size: 14pt;\"><a href=\"\/lyndsay-r-buckingham\/\"><strong>PhD. Laura Carrasco Navarrete<\/strong><br \/>\n<\/a><a href=\"https:\/\/www.iltexas.org\/\"><span style=\"font-size: 12pt;\">International Leadership of Texas\u00a0<\/span><\/a><\/span><\/p>\n<p>[\/vc_column_text][\/vc_column_inner][vc_column_inner width=&#8221;1\/3&#8243;][vc_single_image image=&#8221;3061&#8243; img_size=&#8221;full&#8221; alignment=&#8221;center&#8221; onclick=&#8221;custom_link&#8221; qode_css_animation=&#8221;&#8221; css=&#8221;.vc_custom_1627050501013{padding-bottom: 35px !important;}&#8221; link=&#8221;\/eva-jechimer-2021\/&#8221;][vc_column_text]<\/p>\n<p style=\"text-align: center;\"><span style=\"font-size: 14pt;\"><a href=\"\/eva-jechimer-2021\/\"><strong>Ms. Eva Jechimer<\/strong><br \/>\n<\/a><a href=\"https:\/\/www.uah.es\/es\/\"><span style=\"font-size: 12pt;\">University of Alcal\u00e1<\/span><\/a><a href=\"\/eva-jechimer-2021\/\"><br \/>\n<\/a><\/span><\/p>\n<p>[\/vc_column_text][\/vc_column_inner][vc_column_inner width=&#8221;1\/3&#8243;][vc_single_image image=&#8221;3070&#8243; img_size=&#8221;&#8221; alignment=&#8221;center&#8221; onclick=&#8221;custom_link&#8221; qode_css_animation=&#8221;&#8221; css=&#8221;.vc_custom_1627050920983{padding-bottom: 35px !important;}&#8221; link=&#8221;\/chris-souvlis-2021\/&#8221;][vc_column_text]<\/p>\n<p style=\"text-align: center;\"><span style=\"font-size: 14pt;\"><a href=\"\/chris-souvlis-2021\/\"><strong>Mr. Chris Souvlis<\/strong><br \/>\n<\/a><a href=\"https:\/\/globallearningassociation.org\/\"><span style=\"font-size: 12pt;\">Global Learning Association<\/span><\/a><\/span><\/p>\n<p>[\/vc_column_text][\/vc_column_inner][\/vc_row_inner][vc_row_inner row_type=&#8221;row&#8221; type=&#8221;full_width&#8221; text_align=&#8221;left&#8221; css_animation=&#8221;&#8221; css=&#8221;.vc_custom_1490634685590{margin-right: 15% !important;margin-left: 15% !important;padding-top: 50px !important;}&#8221;][vc_column_inner width=&#8221;1\/3&#8243;][vc_single_image image=&#8221;3081&#8243; img_size=&#8221;&#8221; alignment=&#8221;center&#8221; onclick=&#8221;custom_link&#8221; qode_css_animation=&#8221;&#8221; css=&#8221;.vc_custom_1627051512801{padding-bottom: 35px !important;}&#8221; link=&#8221;\/dra-maria-martinez-2021\/&#8221;][vc_column_text]<\/p>\n<p style=\"text-align: center;\"><a href=\"\/dra-maria-martinez-2021\/\"><span style=\"font-size: 14pt;\"><strong>PhD. Mar\u00eda Mart\u00ednez-Adri\u00e1n<\/strong><br \/>\n<\/span><\/a><a href=\"https:\/\/www.ehu.eus\/es\/home\">Universidad of Pa\u00eds Vasco\/Euskal Herriko Unibertsitatea<\/a><\/p>\n<p>[\/vc_column_text][\/vc_column_inner][vc_column_inner width=&#8221;1\/3&#8243;][vc_single_image image=&#8221;3065&#8243; img_size=&#8221;full&#8221; alignment=&#8221;center&#8221; onclick=&#8221;custom_link&#8221; qode_css_animation=&#8221;&#8221; css=&#8221;.vc_custom_1627553652500{padding-bottom: 35px !important;}&#8221; link=&#8221;\/laura-lozano-martinez-2021\/&#8221;][vc_column_text]<\/p>\n<p style=\"text-align: center;\"><span style=\"font-size: 14pt;\"><a href=\"\/laura-lozano-martinez-2021\/\"><strong>Ms. Laura Lozano Mart\u00ednez<\/strong><\/a><br \/>\n<a href=\"https:\/\/www.uned.es\/universidad\/inicio.html\"><span style=\"font-size: 12pt;\">University Nacional de Educaci\u00f3n a Distancia<\/span><\/a><br \/>\n<\/span><\/p>\n<p>[\/vc_column_text][\/vc_column_inner][vc_column_inner width=&#8221;1\/3&#8243;][vc_single_image image=&#8221;3420&#8243; img_size=&#8221;&#8221; alignment=&#8221;center&#8221; onclick=&#8221;custom_link&#8221; qode_css_animation=&#8221;&#8221; css=&#8221;.vc_custom_1628674530057{padding-bottom: 35px !important;}&#8221; link=&#8221;\/dra-gina-oxbrow-2021\/&#8221;][vc_column_text]<\/p>\n<p style=\"text-align: center;\"><a href=\"\/dra-gina-oxbrow-2021\/\"><span style=\"font-size: 14pt;\"><strong>PhD. Gina Oxbrow<\/strong><br \/>\n<\/span><\/a><a href=\"https:\/\/www.ulpgc.es\/\"><span style=\"font-size: 14pt;\"><span style=\"font-size: 12pt;\">University of Las Palmas of Gran Canaria<\/span><\/span><\/a><\/p>\n<p>[\/vc_column_text][\/vc_column_inner][\/vc_row_inner][vc_row_inner row_type=&#8221;row&#8221; type=&#8221;full_width&#8221; text_align=&#8221;left&#8221; css_animation=&#8221;&#8221; css=&#8221;.vc_custom_1490634685590{margin-right: 15% !important;margin-left: 15% !important;padding-top: 50px !important;}&#8221;][vc_column_inner width=&#8221;1\/3&#8243;][vc_single_image image=&#8221;3086&#8243; img_size=&#8221;&#8221; alignment=&#8221;center&#8221; onclick=&#8221;custom_link&#8221; qode_css_animation=&#8221;&#8221; css=&#8221;.vc_custom_1627052163280{padding-bottom: 35px !important;}&#8221; link=&#8221;\/dra-karen-reekmans-2021\/&#8221;][vc_column_text]<\/p>\n<p style=\"text-align: center;\"><a href=\"\/dra-karen-reekmans-2021\/\"><span style=\"font-size: 14pt;\"><strong>PhD. Karen Reekmans<\/strong><br \/>\n<\/span><\/a><a href=\"https:\/\/www.pxl.be\/International.html\"><span style=\"font-size: 14pt;\"><span style=\"font-size: 12pt;\">Hogeschool PXL<\/span><\/span><\/a><\/p>\n<p>[\/vc_column_text][\/vc_column_inner][vc_column_inner width=&#8221;1\/3&#8243;][vc_single_image image=&#8221;3428&#8243; img_size=&#8221;&#8221; alignment=&#8221;center&#8221; onclick=&#8221;custom_link&#8221; qode_css_animation=&#8221;&#8221; css=&#8221;.vc_custom_1628675452377{padding-bottom: 35px !important;}&#8221; link=&#8221;\/bianca-sandu-2021\/&#8221;][vc_column_text]<\/p>\n<p style=\"text-align: center;\"><a href=\"\/bianca-sandu-2021\/\"><span style=\"font-size: 14pt;\"><strong>PhD. Bianca Sandu<\/strong><br \/>\n<\/span><\/a><a href=\"https:\/\/www.ulpgc.es\/\"><span style=\"font-size: 14pt;\"><span style=\"font-size: 12pt;\">University of Las Palmas of Gran Canaria<\/span><\/span><\/a><\/p>\n<p>[\/vc_column_text][\/vc_column_inner][vc_column_inner width=&#8221;1\/3&#8243;][vc_single_image image=&#8221;3956&#8243; img_size=&#8221;full&#8221; alignment=&#8221;center&#8221; onclick=&#8221;custom_link&#8221; qode_css_animation=&#8221;&#8221; css=&#8221;.vc_custom_1631606589238{padding-bottom: 35px !important;}&#8221; link=&#8221;\/judith-gutierrez-2021\/&#8221;][vc_column_text]<\/p>\n<p style=\"text-align: center;\"><a href=\"\/judith-gutierrez-2021\/\"><span style=\"font-size: 14pt;\"><strong>Ms. Judith Gutierrez Negr\u00edn<\/strong><br \/>\n<\/span><\/a><a href=\"https:\/\/www.gobiernodecanarias.org\/educacion\/web\/contacto\/datos_consejeria\/viceconsejeria_eud\/\"><span style=\"font-size: 14pt;\"><span style=\"font-size: 12pt;\">Viseconsejer\u00eda de Educaci\u00f3n, Universidades y Deportes<\/span><\/span><\/a><\/p>\n<p>[\/vc_column_text][\/vc_column_inner][\/vc_row_inner][vc_row_inner row_type=&#8221;row&#8221; type=&#8221;full_width&#8221; text_align=&#8221;left&#8221; css_animation=&#8221;&#8221; css=&#8221;.vc_custom_1490634685590{margin-right: 15% !important;margin-left: 15% !important;padding-top: 50px !important;}&#8221;][vc_column_inner width=&#8221;1\/3&#8243;][vc_single_image image=&#8221;3723&#8243; img_size=&#8221;&#8221; alignment=&#8221;center&#8221; onclick=&#8221;custom_link&#8221; qode_css_animation=&#8221;&#8221; css=&#8221;.vc_custom_1630581152372{padding-bottom: 35px !important;}&#8221; link=&#8221;\/baojun-zhang-2021\/&#8221;][vc_column_text]<\/p>\n<p style=\"text-align: center;\"><span style=\"font-size: 14pt;\"><a href=\"\/baojun-zhang-2021\/\"><strong>Prof. Baojun Zhang<\/strong><\/a><br \/>\n<\/span><a href=\"http:\/\/english.blcu.edu.cn\/\"><span style=\"font-size: 14pt;\"><span style=\"font-size: 12pt;\">Beijing Language and Culture University<\/span><\/span><\/a><\/p>\n<p>[\/vc_column_text][\/vc_column_inner][vc_column_inner width=&#8221;1\/3&#8243;][vc_single_image image=&#8221;3724&#8243; img_size=&#8221;&#8221; alignment=&#8221;center&#8221; onclick=&#8221;custom_link&#8221; qode_css_animation=&#8221;&#8221; css=&#8221;.vc_custom_1630581273279{padding-bottom: 35px !important;}&#8221; link=&#8221;\/joana-cadima-2021\/&#8221;][vc_column_text]<\/p>\n<p style=\"text-align: center;\"><span style=\"font-size: 14pt;\"><a href=\"\/joana-cadima-2021\/\"><strong>PhD. Joana Cadima<\/strong><\/a><br \/>\n<a href=\"https:\/\/sigarra.up.pt\/up\/pt\/web_base.gera_pagina?p_pagina=home\"><span style=\"font-size: 12pt;\">University do Oporto<\/span><\/a><\/span><\/p>\n<p>[\/vc_column_text][\/vc_column_inner][vc_column_inner width=&#8221;1\/3&#8243;][vc_single_image image=&#8221;3721&#8243; img_size=&#8221;full&#8221; alignment=&#8221;center&#8221; onclick=&#8221;custom_link&#8221; qode_css_animation=&#8221;&#8221; css=&#8221;.vc_custom_1630580950933{padding-bottom: 35px !important;}&#8221; link=&#8221;\/tuncer-can-2021\/&#8221;][vc_column_text]<\/p>\n<p style=\"text-align: center;\"><span style=\"font-size: 14pt;\"><a href=\"\/tuncer-can-2021\/\"><strong>PhD. Tuncer Can<\/strong><\/a><br \/>\n<a href=\"https:\/\/www.istanbulc.edu.tr\/en\/haberler\/\"><span style=\"font-size: 12pt;\">Istambul University &#8211; Cerrahpasa<\/span><\/a><\/span><\/p>\n<p>[\/vc_column_text][\/vc_column_inner][\/vc_row_inner][vc_row_inner row_type=&#8221;row&#8221; type=&#8221;full_width&#8221; text_align=&#8221;left&#8221; css_animation=&#8221;&#8221; css=&#8221;.vc_custom_1490634685590{margin-right: 15% !important;margin-left: 15% !important;padding-top: 50px !important;}&#8221;][vc_column_inner width=&#8221;1\/3&#8243;][vc_single_image image=&#8221;3860&#8243; img_size=&#8221;&#8221; alignment=&#8221;center&#8221; onclick=&#8221;custom_link&#8221; qode_css_animation=&#8221;&#8221; css=&#8221;.vc_custom_1630920635854{padding-bottom: 35px !important;}&#8221; link=&#8221;\/joan-yvonne-2021\/&#8221;][vc_column_text]<\/p>\n<p style=\"text-align: center;\"><span style=\"font-size: 14pt;\"><a href=\"\/joan-yvonne-2021\/\"><strong>PhD. Joan Yvonne Pedro<\/strong><\/a><br \/>\n<a href=\"https:\/\/www.uhcl.edu\/\"><span style=\"font-size: 12pt;\">University of Houston Clear Lake<\/span><\/a><\/span><\/p>\n<p>[\/vc_column_text][\/vc_column_inner][vc_column_inner width=&#8221;1\/3&#8243;][vc_single_image image=&#8221;4125&#8243; img_size=&#8221;&#8221; alignment=&#8221;center&#8221; onclick=&#8221;custom_link&#8221; qode_css_animation=&#8221;&#8221; css=&#8221;.vc_custom_1632241336026{padding-bottom: 35px !important;}&#8221; link=&#8221;\/lucia-garcia-2021\/&#8221;][vc_column_text]<\/p>\n<p style=\"text-align: center;\"><span style=\"font-size: 14pt;\"><a href=\"\/lucia-garcia-2021\/\"><b>Ms. Luc\u00eda Garc\u00eda<\/b><\/a><br \/>\n<a href=\"https:\/\/www.colegiobrains.com\/\"><span style=\"font-size: 12pt;\">Brains School<\/span><\/a><br \/>\n<\/span><\/p>\n<p>[\/vc_column_text][\/vc_column_inner][vc_column_inner width=&#8221;1\/3&#8243;][\/vc_column_inner][\/vc_row_inner][vc_empty_space height=&#8221;300px&#8221;][\/vc_column][\/vc_row]<\/p>\n","protected":false},"excerpt":{"rendered":"<p>[vc_row css_animation=&#8221;&#8221; row_type=&#8221;row&#8221; use_row_as_full_screen_section=&#8221;no&#8221; type=&#8221;full_width&#8221; angled_section=&#8221;no&#8221; text_align=&#8221;left&#8221; background_image_as_pattern=&#8221;without_pattern&#8221; el_class=&#8221;fondo-imagen&#8221; css=&#8221;.vc_custom_1490634583598{padding-top: 75px !important;}&#8221;][vc_column][vc_column_text css=&#8221;.vc_custom_1554144607507{padding-bottom: 50px !important;}&#8221;] Room 2 [\/vc_column_text][vc_row_inner row_type=&#8221;row&#8221; type=&#8221;full_width&#8221; text_align=&#8221;left&#8221; css_animation=&#8221;&#8221; css=&#8221;.vc_custom_1490634685590{margin-right: 15% !important;margin-left: 15% !important;padding-top: 50px !important;}&#8221;][vc_column_inner width=&#8221;1\/3&#8243;][vc_single_image image=&#8221;3113&#8243; img_size=&#8221;&#8221; alignment=&#8221;center&#8221; onclick=&#8221;custom_link&#8221; qode_css_animation=&#8221;&#8221; css=&#8221;.vc_custom_1627287710242{padding-bottom: 35px !important;}&#8221; link=&#8221;\/dra-laura-carrasco-2021\/&#8221;][vc_column_text] PhD. Laura Carrasco Navarrete International Leadership&#8230;<\/p>\n","protected":false},"author":2,"featured_media":0,"parent":0,"menu_order":0,"comment_status":"closed","ping_status":"closed","template":"tema-magister-2021.php","meta":{"footnotes":""},"class_list":["post-2477","page","type-page","status-publish","hentry"],"yoast_head":"<!-- This site is optimized with the Yoast SEO plugin v20.1 - https:\/\/yoast.com\/wordpress\/plugins\/seo\/ -->\n<title>2021 - Room 2 - V Blended Conference for Professionals in Bilingual and International Education<\/title>\n<meta name=\"robots\" content=\"index, follow, max-snippet:-1, max-image-preview:large, max-video-preview:-1\" \/>\n<link rel=\"canonical\" href=\"https:\/\/educacionbilingue.eu\/sala-2-2021\/\" \/>\n<meta property=\"og:locale\" content=\"en_US\" \/>\n<meta property=\"og:type\" content=\"article\" \/>\n<meta property=\"og:title\" content=\"2021 - Room 2 - V Blended Conference for Professionals in Bilingual and International Education\" \/>\n<meta property=\"og:description\" content=\"[vc_row css_animation=&#8221;&#8221; row_type=&#8221;row&#8221; use_row_as_full_screen_section=&#8221;no&#8221; type=&#8221;full_width&#8221; angled_section=&#8221;no&#8221; text_align=&#8221;left&#8221; background_image_as_pattern=&#8221;without_pattern&#8221; el_class=&#8221;fondo-imagen&#8221; css=&#8221;.vc_custom_1490634583598{padding-top: 75px !important;}&#8221;][vc_column][vc_column_text css=&#8221;.vc_custom_1554144607507{padding-bottom: 50px !important;}&#8221;] Room 2 [\/vc_column_text][vc_row_inner row_type=&#8221;row&#8221; type=&#8221;full_width&#8221; text_align=&#8221;left&#8221; css_animation=&#8221;&#8221; css=&#8221;.vc_custom_1490634685590{margin-right: 15% !important;margin-left: 15% !important;padding-top: 50px !important;}&#8221;][vc_column_inner width=&#8221;1\/3&#8243;][vc_single_image image=&#8221;3113&#8243; img_size=&#8221;&#8221; alignment=&#8221;center&#8221; onclick=&#8221;custom_link&#8221; qode_css_animation=&#8221;&#8221; css=&#8221;.vc_custom_1627287710242{padding-bottom: 35px !important;}&#8221; link=&#8221;\/dra-laura-carrasco-2021\/&#8221;][vc_column_text] PhD. Laura Carrasco Navarrete International Leadership...\" \/>\n<meta property=\"og:url\" content=\"https:\/\/educacionbilingue.eu\/sala-2-2021\/\" \/>\n<meta property=\"og:site_name\" content=\"V Blended Conference for Professionals in Bilingual and International Education\" \/>\n<meta property=\"article:modified_time\" content=\"2021-09-21T16:25:44+00:00\" \/>\n<meta property=\"og:image\" content=\"https:\/\/educacionbilingue.eu\/wp-content\/uploads\/2017\/04\/cropped-logo-web.png\" \/>\n\t<meta property=\"og:image:width\" content=\"512\" \/>\n\t<meta property=\"og:image:height\" content=\"512\" \/>\n\t<meta property=\"og:image:type\" content=\"image\/png\" \/>\n<meta name=\"twitter:card\" content=\"summary_large_image\" \/>\n<meta name=\"twitter:label1\" content=\"Est. reading time\" \/>\n\t<meta name=\"twitter:data1\" content=\"4 minutes\" \/>\n<script type=\"application\/ld+json\" class=\"yoast-schema-graph\">{\"@context\":\"https:\/\/schema.org\",\"@graph\":[{\"@type\":\"WebPage\",\"@id\":\"https:\/\/educacionbilingue.eu\/sala-2-2021\/\",\"url\":\"https:\/\/educacionbilingue.eu\/sala-2-2021\/\",\"name\":\"2021 - Room 2 - V Blended Conference for Professionals in Bilingual and International Education\",\"isPartOf\":{\"@id\":\"https:\/\/educacionbilingue.eu\/#website\"},\"datePublished\":\"2019-04-01T17:42:17+00:00\",\"dateModified\":\"2021-09-21T16:25:44+00:00\",\"breadcrumb\":{\"@id\":\"https:\/\/educacionbilingue.eu\/sala-2-2021\/#breadcrumb\"},\"inLanguage\":\"en-EN\",\"potentialAction\":[{\"@type\":\"ReadAction\",\"target\":[\"https:\/\/educacionbilingue.eu\/sala-2-2021\/\"]}]},{\"@type\":\"BreadcrumbList\",\"@id\":\"https:\/\/educacionbilingue.eu\/sala-2-2021\/#breadcrumb\",\"itemListElement\":[{\"@type\":\"ListItem\",\"position\":1,\"name\":\"V Congreso Semipresencial para Profesionales de la Educaci\u00f3n Biling\u00fce e Internacional\",\"item\":\"https:\/\/educacionbilingue.eu\/\"},{\"@type\":\"ListItem\",\"position\":2,\"name\":\"2021 &#8211; Sala 2\"}]},{\"@type\":\"WebSite\",\"@id\":\"https:\/\/educacionbilingue.eu\/#website\",\"url\":\"https:\/\/educacionbilingue.eu\/\",\"name\":\"V Blended Conference for Professionals in Bilingual and International Education\",\"description\":\"\",\"publisher\":{\"@id\":\"https:\/\/educacionbilingue.eu\/#organization\"},\"potentialAction\":[{\"@type\":\"SearchAction\",\"target\":{\"@type\":\"EntryPoint\",\"urlTemplate\":\"https:\/\/educacionbilingue.eu\/?s={search_term_string}\"},\"query-input\":\"required name=search_term_string\"}],\"inLanguage\":\"en-EN\"},{\"@type\":\"Organization\",\"@id\":\"https:\/\/educacionbilingue.eu\/#organization\",\"name\":\"Congreso de Educaci\u00f3n Biling\u00fce\",\"url\":\"https:\/\/educacionbilingue.eu\/\",\"logo\":{\"@type\":\"ImageObject\",\"inLanguage\":\"en-EN\",\"@id\":\"https:\/\/educacionbilingue.eu\/#\/schema\/logo\/image\/\",\"url\":\"https:\/\/educacionbilingue.eu\/wp-content\/uploads\/2018\/03\/400dpiLogoCropped.png\",\"contentUrl\":\"https:\/\/educacionbilingue.eu\/wp-content\/uploads\/2018\/03\/400dpiLogoCropped.png\",\"width\":800,\"height\":1167,\"caption\":\"Congreso de Educaci\u00f3n Biling\u00fce\"},\"image\":{\"@id\":\"https:\/\/educacionbilingue.eu\/#\/schema\/logo\/image\/\"}}]}<\/script>\n<!-- \/ Yoast SEO plugin. -->","yoast_head_json":{"title":"2021 - Room 2 - V Blended Conference for Professionals in Bilingual and International Education","robots":{"index":"index","follow":"follow","max-snippet":"max-snippet:-1","max-image-preview":"max-image-preview:large","max-video-preview":"max-video-preview:-1"},"canonical":"https:\/\/educacionbilingue.eu\/sala-2-2021\/","og_locale":"en_US","og_type":"article","og_title":"2021 - Room 2 - V Blended Conference for Professionals in Bilingual and International Education","og_description":"[vc_row css_animation=&#8221;&#8221; row_type=&#8221;row&#8221; use_row_as_full_screen_section=&#8221;no&#8221; type=&#8221;full_width&#8221; angled_section=&#8221;no&#8221; text_align=&#8221;left&#8221; background_image_as_pattern=&#8221;without_pattern&#8221; el_class=&#8221;fondo-imagen&#8221; css=&#8221;.vc_custom_1490634583598{padding-top: 75px !important;}&#8221;][vc_column][vc_column_text css=&#8221;.vc_custom_1554144607507{padding-bottom: 50px !important;}&#8221;] Room 2 [\/vc_column_text][vc_row_inner row_type=&#8221;row&#8221; type=&#8221;full_width&#8221; text_align=&#8221;left&#8221; css_animation=&#8221;&#8221; css=&#8221;.vc_custom_1490634685590{margin-right: 15% !important;margin-left: 15% !important;padding-top: 50px !important;}&#8221;][vc_column_inner width=&#8221;1\/3&#8243;][vc_single_image image=&#8221;3113&#8243; img_size=&#8221;&#8221; alignment=&#8221;center&#8221; onclick=&#8221;custom_link&#8221; qode_css_animation=&#8221;&#8221; css=&#8221;.vc_custom_1627287710242{padding-bottom: 35px !important;}&#8221; link=&#8221;\/dra-laura-carrasco-2021\/&#8221;][vc_column_text] PhD. Laura Carrasco Navarrete International Leadership...","og_url":"https:\/\/educacionbilingue.eu\/sala-2-2021\/","og_site_name":"V Blended Conference for Professionals in Bilingual and International Education","article_modified_time":"2021-09-21T16:25:44+00:00","og_image":[{"width":512,"height":512,"url":"https:\/\/educacionbilingue.eu\/wp-content\/uploads\/2017\/04\/cropped-logo-web.png","type":"image\/png"}],"twitter_card":"summary_large_image","twitter_misc":{"Est. reading time":"4 minutes"},"schema":{"@context":"https:\/\/schema.org","@graph":[{"@type":"WebPage","@id":"https:\/\/educacionbilingue.eu\/sala-2-2021\/","url":"https:\/\/educacionbilingue.eu\/sala-2-2021\/","name":"2021 - Room 2 - V Blended Conference for Professionals in Bilingual and International Education","isPartOf":{"@id":"https:\/\/educacionbilingue.eu\/#website"},"datePublished":"2019-04-01T17:42:17+00:00","dateModified":"2021-09-21T16:25:44+00:00","breadcrumb":{"@id":"https:\/\/educacionbilingue.eu\/sala-2-2021\/#breadcrumb"},"inLanguage":"en-EN","potentialAction":[{"@type":"ReadAction","target":["https:\/\/educacionbilingue.eu\/sala-2-2021\/"]}]},{"@type":"BreadcrumbList","@id":"https:\/\/educacionbilingue.eu\/sala-2-2021\/#breadcrumb","itemListElement":[{"@type":"ListItem","position":1,"name":"V Congreso Semipresencial para Profesionales de la Educaci\u00f3n Biling\u00fce e Internacional","item":"https:\/\/educacionbilingue.eu\/"},{"@type":"ListItem","position":2,"name":"2021 &#8211; Sala 2"}]},{"@type":"WebSite","@id":"https:\/\/educacionbilingue.eu\/#website","url":"https:\/\/educacionbilingue.eu\/","name":"V Blended Conference for Professionals in Bilingual and International Education","description":"","publisher":{"@id":"https:\/\/educacionbilingue.eu\/#organization"},"potentialAction":[{"@type":"SearchAction","target":{"@type":"EntryPoint","urlTemplate":"https:\/\/educacionbilingue.eu\/?s={search_term_string}"},"query-input":"required name=search_term_string"}],"inLanguage":"en-EN"},{"@type":"Organization","@id":"https:\/\/educacionbilingue.eu\/#organization","name":"Congreso de Educaci\u00f3n Biling\u00fce","url":"https:\/\/educacionbilingue.eu\/","logo":{"@type":"ImageObject","inLanguage":"en-EN","@id":"https:\/\/educacionbilingue.eu\/#\/schema\/logo\/image\/","url":"https:\/\/educacionbilingue.eu\/wp-content\/uploads\/2018\/03\/400dpiLogoCropped.png","contentUrl":"https:\/\/educacionbilingue.eu\/wp-content\/uploads\/2018\/03\/400dpiLogoCropped.png","width":800,"height":1167,"caption":"Congreso de Educaci\u00f3n Biling\u00fce"},"image":{"@id":"https:\/\/educacionbilingue.eu\/#\/schema\/logo\/image\/"}}]}},"_links":{"self":[{"href":"https:\/\/educacionbilingue.eu\/en\/wp-json\/wp\/v2\/pages\/2477","targetHints":{"allow":["GET"]}}],"collection":[{"href":"https:\/\/educacionbilingue.eu\/en\/wp-json\/wp\/v2\/pages"}],"about":[{"href":"https:\/\/educacionbilingue.eu\/en\/wp-json\/wp\/v2\/types\/page"}],"author":[{"embeddable":true,"href":"https:\/\/educacionbilingue.eu\/en\/wp-json\/wp\/v2\/users\/2"}],"replies":[{"embeddable":true,"href":"https:\/\/educacionbilingue.eu\/en\/wp-json\/wp\/v2\/comments?post=2477"}],"version-history":[{"count":107,"href":"https:\/\/educacionbilingue.eu\/en\/wp-json\/wp\/v2\/pages\/2477\/revisions"}],"predecessor-version":[{"id":4128,"href":"https:\/\/educacionbilingue.eu\/en\/wp-json\/wp\/v2\/pages\/2477\/revisions\/4128"}],"wp:attachment":[{"href":"https:\/\/educacionbilingue.eu\/en\/wp-json\/wp\/v2\/media?parent=2477"}],"curies":[{"name":"wp","href":"https:\/\/api.w.org\/{rel}","templated":true}]}}