{"id":2533,"date":"2019-04-01T19:16:35","date_gmt":"2019-04-01T19:16:35","guid":{"rendered":"https:\/\/educacionbilingue.eu\/?page_id=2533"},"modified":"2021-09-23T10:19:40","modified_gmt":"2021-09-23T10:19:40","slug":"sala-1-2021","status":"publish","type":"page","link":"https:\/\/educacionbilingue.eu\/en\/sala-1-2021\/","title":{"rendered":"2021 &#8211; Room 1"},"content":{"rendered":"<p>[vc_row css_animation=&#8221;&#8221; row_type=&#8221;row&#8221; use_row_as_full_screen_section=&#8221;no&#8221; type=&#8221;full_width&#8221; angled_section=&#8221;no&#8221; text_align=&#8221;left&#8221; background_image_as_pattern=&#8221;without_pattern&#8221; el_class=&#8221;fondo-imagen&#8221; css=&#8221;.vc_custom_1490634583598{padding-top: 75px !important;}&#8221;][vc_column][vc_column_text css=&#8221;.vc_custom_1520875381399{padding-bottom: 50px !important;}&#8221;]<\/p>\n<h1 style=\"text-align: center;\">Room 1<\/h1>\n<p>[\/vc_column_text][vc_row_inner row_type=&#8221;row&#8221; type=&#8221;full_width&#8221; text_align=&#8221;left&#8221; css_animation=&#8221;&#8221; css=&#8221;.vc_custom_1490634685590{margin-right: 15% !important;margin-left: 15% !important;padding-top: 50px !important;}&#8221;][vc_column_inner width=&#8221;1\/4&#8243;][vc_single_image image=&#8221;3215&#8243; img_size=&#8221;full&#8221; alignment=&#8221;center&#8221; onclick=&#8221;custom_link&#8221; qode_css_animation=&#8221;&#8221; css=&#8221;.vc_custom_1627306722312{padding-bottom: 35px !important;}&#8221; link=&#8221;\/dra-daniela-cecic-2021\/&#8221;][vc_column_text]<\/p>\n<p style=\"text-align: center;\"><span style=\"font-size: 14pt;\"><a href=\"\/dra-daniela-cecic-2021\/\"><strong>PhD. Daniela Cecic Mladinic<\/strong><br \/>\n<\/a><a href=\"https:\/\/www.universidadatlanticomedio.es\/\"><span style=\"font-size: 12pt;\">University of Atl\u00e1ntico Medio<\/span><\/a><\/span><\/p>\n<p>[\/vc_column_text][\/vc_column_inner][vc_column_inner width=&#8221;1\/4&#8243;][vc_single_image image=&#8221;3209&#8243; img_size=&#8221;full&#8221; alignment=&#8221;center&#8221; onclick=&#8221;custom_link&#8221; qode_css_animation=&#8221;&#8221; css=&#8221;.vc_custom_1627306851188{padding-bottom: 35px !important;}&#8221; link=&#8221;\/laly-ramirez-2021\/&#8221;][vc_column_text]<\/p>\n<p style=\"text-align: center;\"><a href=\"\/maria-candelaria-ramirez-2021\/\"><span style=\"font-size: 14pt;\"><strong>Ms. Mar\u00eda Candelaria Ram\u00edrez Afonso Beoss<\/strong><br \/>\n<\/span><\/a><a href=\"https:\/\/www.colegiobrains.com\/\"><span style=\"font-size: 14pt;\"><span style=\"font-size: 12pt;\">Brains School<\/span><\/span><\/a><\/p>\n<p>[\/vc_column_text][\/vc_column_inner][vc_column_inner width=&#8221;1\/4&#8243;][vc_single_image image=&#8221;3210&#8243; img_size=&#8221;full&#8221; alignment=&#8221;center&#8221; onclick=&#8221;custom_link&#8221; qode_css_animation=&#8221;&#8221; css=&#8221;.vc_custom_1627306953742{padding-bottom: 35px !important;}&#8221; link=&#8221;\/david-perez-lozano-2021\/&#8221;][vc_column_text]<\/p>\n<p style=\"text-align: center;\"><span style=\"font-size: 14pt;\"><a href=\"\/david-perez-lorenzo-2021\/\"><strong>Mr. David P\u00e9rez Lorenzo<\/strong><br \/>\n<\/a><a href=\"https:\/\/www.colegiobrains.com\/\"><span style=\"font-size: 12pt;\">Brains School<\/span><\/a><\/span><\/p>\n<p>[\/vc_column_text][\/vc_column_inner][vc_column_inner width=&#8221;1\/4&#8243;][vc_single_image image=&#8221;3331&#8243; img_size=&#8221;full&#8221; alignment=&#8221;center&#8221; onclick=&#8221;custom_link&#8221; qode_css_animation=&#8221;&#8221; css=&#8221;.vc_custom_1628152450698{padding-bottom: 35px !important;}&#8221; link=&#8221;\/xerach-rodriguez-manrique-2021\/&#8221;][vc_column_text]<\/p>\n<p style=\"text-align: center;\"><a href=\"\/xerach-rodriguez-manrique-2021\/\"><span style=\"font-size: 14pt;\"><strong>Mr. Xerach Rodr\u00edguez Manrique de Lara<\/strong><br \/>\n<\/span><\/a><a href=\"http:\/\/www.colegioarenassur.com\/\"><span style=\"font-size: 14pt;\"><span style=\"font-size: 12pt;\">Arenas Sur School<\/span><\/span><\/a><\/p>\n<p>[\/vc_column_text][\/vc_column_inner][\/vc_row_inner][vc_row_inner row_type=&#8221;row&#8221; type=&#8221;full_width&#8221; text_align=&#8221;left&#8221; css_animation=&#8221;&#8221; css=&#8221;.vc_custom_1490634685590{margin-right: 15% !important;margin-left: 15% !important;padding-top: 50px !important;}&#8221;][vc_column_inner width=&#8221;1\/4&#8243;][vc_single_image image=&#8221;3212&#8243; img_size=&#8221;full&#8221; alignment=&#8221;center&#8221; onclick=&#8221;custom_link&#8221; qode_css_animation=&#8221;&#8221; css=&#8221;.vc_custom_1627307162376{padding-bottom: 35px !important;}&#8221; link=&#8221;\/dr-david-marsh-2021\/&#8221;][vc_column_text]<\/p>\n<p style=\"text-align: center;\"><span style=\"font-size: 14pt;\"><a href=\"\/dr-david-marsh-2021\/\"><strong>PhD. David Marsh<\/strong><br \/>\n<\/a><a href=\"https:\/\/www.jyu.fi\/en\"><span style=\"font-size: 12pt;\">The University of Jyv\u00e4skl\u00e4<\/span><\/a><\/span><\/p>\n<p>[\/vc_column_text][\/vc_column_inner][vc_column_inner width=&#8221;1\/4&#8243;][vc_single_image image=&#8221;3213&#8243; img_size=&#8221;full&#8221; alignment=&#8221;center&#8221; onclick=&#8221;custom_link&#8221; qode_css_animation=&#8221;&#8221; css=&#8221;.vc_custom_1627307234941{padding-bottom: 35px !important;}&#8221; link=&#8221;\/ed-cousins-2021\/&#8221;][vc_column_text]<\/p>\n<p style=\"text-align: center;\"><a href=\"\/ed-cousins-2021\/\"><span style=\"font-size: 14pt;\"><strong>Mr. Ed Cousins<\/strong><br \/>\n<\/span><\/a><a href=\"https:\/\/www.interacting.info\/\"><span style=\"font-size: 14pt;\"><span style=\"font-size: 12pt;\">Director Interacting<\/span><\/span><\/a><\/p>\n<p>[\/vc_column_text][\/vc_column_inner][vc_column_inner width=&#8221;1\/4&#8243;][vc_single_image image=&#8221;3204&#8243; img_size=&#8221;full&#8221; alignment=&#8221;center&#8221; onclick=&#8221;custom_link&#8221; qode_css_animation=&#8221;&#8221; css=&#8221;.vc_custom_1627307310024{padding-bottom: 35px !important;}&#8221; link=&#8221;\/dra-maria-luisa-perez-2021\/&#8221;][vc_column_text]<\/p>\n<p style=\"text-align: center;\"><span style=\"font-size: 14pt;\"><a href=\"\/dra-maria-luisa-perez-2021\/\"><strong>PhD. Mar\u00eda Luisa P\u00e9rez Ca\u00f1ado<\/strong><br \/>\n<\/a><a href=\"https:\/\/www.uah.es\/es\/\"><span style=\"font-size: 12pt;\">University of Ja\u00e9n<\/span><\/a><\/span><\/p>\n<p>[\/vc_column_text][\/vc_column_inner][vc_column_inner width=&#8221;1\/4&#8243;][vc_single_image image=&#8221;3113&#8243; img_size=&#8221;full&#8221; alignment=&#8221;center&#8221; onclick=&#8221;custom_link&#8221; qode_css_animation=&#8221;&#8221; css=&#8221;.vc_custom_1627307395190{padding-bottom: 35px !important;}&#8221; link=&#8221;\/dra-laura-carrasco-2021\/&#8221;][vc_column_text]<\/p>\n<p style=\"text-align: center;\"><span style=\"font-size: 14pt;\"><a href=\"\/dra-laura-carrasco-2021\/\"><strong>PhD. Laura Carrasco Navarrete<\/strong><br \/>\n<\/a><a href=\"https:\/\/www.iltexas.org\/\"><span style=\"font-size: 12pt;\">International Leadership of Texas<\/span><\/a><\/span><\/p>\n<p>[\/vc_column_text][\/vc_column_inner][\/vc_row_inner][vc_row_inner row_type=&#8221;row&#8221; type=&#8221;full_width&#8221; text_align=&#8221;left&#8221; css_animation=&#8221;&#8221; css=&#8221;.vc_custom_1490634685590{margin-right: 15% !important;margin-left: 15% !important;padding-top: 50px !important;}&#8221;][vc_column_inner width=&#8221;1\/4&#8243;][vc_single_image image=&#8221;3043&#8243; img_size=&#8221;full&#8221; alignment=&#8221;center&#8221; onclick=&#8221;custom_link&#8221; qode_css_animation=&#8221;&#8221; css=&#8221;.vc_custom_1627047554573{padding-bottom: 35px !important;}&#8221; link=&#8221;\/dra-teresa-fleta-2021\/&#8221;][vc_column_text]<\/p>\n<p style=\"text-align: center;\"><span style=\"font-size: 14pt;\"><a href=\"\/dra-teresa-fleta-2021\/\"><strong>PhD. Teresa Fleta<\/strong><br \/>\n<\/a><a href=\"https:\/\/www.ucm.es\/\"><span style=\"font-size: 12pt;\">University Complutense of Madrid<\/span><\/a><\/span><\/p>\n<p>[\/vc_column_text][\/vc_column_inner][vc_column_inner width=&#8221;1\/4&#8243;][vc_single_image image=&#8221;3261&#8243; img_size=&#8221;full&#8221; alignment=&#8221;center&#8221; onclick=&#8221;custom_link&#8221; qode_css_animation=&#8221;&#8221; css=&#8221;.vc_custom_1627378319693{padding-bottom: 35px !important;}&#8221; link=&#8221;\/dr-maria-luisa-garcia-2021\/&#8221;][vc_column_text]<\/p>\n<p style=\"text-align: center;\"><a href=\"\/dr-maria-luisa-garcia-2021\/\"><span style=\"font-size: 14pt;\"><strong>PhD. Mar\u00eda Luisa Garc\u00eda Bermejo<\/strong><br \/>\n<\/span><\/a><a href=\"https:\/\/www.ucm.es\/\"><span style=\"font-size: 14pt;\"><span style=\"font-size: 12pt;\">University Complutense of Madrid<\/span><\/span><\/a><\/p>\n<p>[\/vc_column_text][\/vc_column_inner][vc_column_inner width=&#8221;1\/4&#8243;][vc_single_image image=&#8221;3486&#8243; img_size=&#8221;full&#8221; alignment=&#8221;center&#8221; onclick=&#8221;custom_link&#8221; qode_css_animation=&#8221;&#8221; css=&#8221;.vc_custom_1629791634714{padding-bottom: 35px !important;}&#8221; link=&#8221;\/stephen-krashen-2021\/&#8221;][vc_column_text]<\/p>\n<p style=\"text-align: center;\"><span style=\"font-size: 14pt;\"><a href=\"\/stephen-krashen-2021\/\"><strong>PhD. Stephen Krashen<\/strong><br \/>\n<\/a><a href=\"https:\/\/homeadmin.usc.edu\/www\/\"><span style=\"font-size: 12pt;\">University of Southern California<\/span><\/a><\/span><\/p>\n<p>[\/vc_column_text][\/vc_column_inner][vc_column_inner width=&#8221;1\/4&#8243;][vc_single_image image=&#8221;3044&#8243; img_size=&#8221;full&#8221; alignment=&#8221;center&#8221; onclick=&#8221;custom_link&#8221; qode_css_animation=&#8221;&#8221; css=&#8221;.vc_custom_1627047842019{padding-bottom: 35px !important;}&#8221; link=&#8221;\/dra-patricia-arnaiz-2021-2\/&#8221;][vc_column_text]<\/p>\n<p style=\"text-align: center;\"><span style=\"font-size: 14pt;\"><a href=\"\/dra-patricia-arnaiz-2021-2\/\"><strong>PhD. Patricia Arnaiz<\/strong><br \/>\n<\/a><a href=\"https:\/\/www.ulpgc.es\/\"><span style=\"font-size: 12pt;\">University of Las Palmas of Gran Canaria<\/span><\/a><\/span><\/p>\n<p>[\/vc_column_text][\/vc_column_inner][\/vc_row_inner][vc_row_inner row_type=&#8221;row&#8221; type=&#8221;full_width&#8221; text_align=&#8221;left&#8221; css_animation=&#8221;&#8221; css=&#8221;.vc_custom_1490634685590{margin-right: 15% !important;margin-left: 15% !important;padding-top: 50px !important;}&#8221;][vc_column_inner width=&#8221;1\/4&#8243;][vc_single_image image=&#8221;3045&#8243; img_size=&#8221;full&#8221; alignment=&#8221;center&#8221; onclick=&#8221;custom_link&#8221; qode_css_animation=&#8221;&#8221; css=&#8221;.vc_custom_1627047963039{padding-bottom: 35px !important;}&#8221; link=&#8221;\/dra-elena-gomez-2021\/&#8221;][vc_column_text]<\/p>\n<p style=\"text-align: center;\"><span style=\"font-size: 14pt;\"><a href=\"\/dra-elena-gomez-2021\/\"><strong>PhD. Elena G\u00f3mez Parra<\/strong><br \/>\n<\/a><a href=\"http:\/\/www.uco.es\/\"><span style=\"font-size: 12pt;\">University of C\u00f3rdoba<\/span><\/a><\/span><\/p>\n<p>[\/vc_column_text][\/vc_column_inner][vc_column_inner width=&#8221;1\/4&#8243;][vc_single_image image=&#8221;3263&#8243; img_size=&#8221;full&#8221; alignment=&#8221;center&#8221; onclick=&#8221;custom_link&#8221; qode_css_animation=&#8221;&#8221; css=&#8221;.vc_custom_1627378598806{padding-bottom: 35px !important;}&#8221; link=&#8221;\/da-raquel-fernandez-fernandez-2021\/&#8221;][vc_column_text]<\/p>\n<p style=\"text-align: center;\"><a href=\"\/da-raquel-fernandez-fernandez-2021\/\"><span style=\"font-size: 14pt;\"><strong>PhD. Raquel Fern\u00e1ndez Fern\u00e1ndez<\/strong><br \/>\n<\/span><\/a><a href=\"https:\/\/www.uah.es\/es\/\"><span style=\"font-size: 14pt;\"><span style=\"font-size: 12pt;\">University of Alcal\u00e1<\/span><\/span><\/a><\/p>\n<p>[\/vc_column_text][\/vc_column_inner][vc_column_inner width=&#8221;1\/4&#8243;][vc_single_image image=&#8221;3046&#8243; img_size=&#8221;full&#8221; alignment=&#8221;center&#8221; onclick=&#8221;custom_link&#8221; qode_css_animation=&#8221;&#8221; css=&#8221;.vc_custom_1627048127683{padding-bottom: 35px !important;}&#8221; link=&#8221;\/nathan-florian-2021\/&#8221;][vc_column_text]<\/p>\n<p style=\"text-align: center;\"><span style=\"font-size: 14pt;\"><a href=\"\/nathan-florian-2021\/\"><strong>Mr. Nathan Florian<\/strong><br \/>\n<\/a><a href=\"https:\/\/www.universidadcisneros.es\/\"><span style=\"font-size: 12pt;\">Centro Universitario Cardenal Cisneros<\/span><\/a><a href=\"\/nathan-florian-2021\/\"><br \/>\n<\/a><\/span><\/p>\n<p>[\/vc_column_text][\/vc_column_inner][vc_column_inner width=&#8221;1\/4&#8243;][vc_single_image image=&#8221;3925&#8243; img_size=&#8221;full&#8221; alignment=&#8221;center&#8221; onclick=&#8221;custom_link&#8221; qode_css_animation=&#8221;&#8221; css=&#8221;.vc_custom_1631525772585{padding-bottom: 35px !important;}&#8221; link=&#8221;\/carrie-hutchinson-2021\/&#8221;][vc_column_text]<\/p>\n<p style=\"text-align: center;\"><span style=\"font-size: 14pt;\"><a style=\"font-size: 14pt;\" href=\"\/carrie-hutchinson-2021\/\"><strong>Ms. Carrie Hutchinson<\/strong><br \/>\n<\/a><span style=\"font-size: 12pt;\"><a href=\"https:\/\/www.iltexas.org\/\">International Leadership of Texas<\/a><\/span><\/span><\/p>\n<p>[\/vc_column_text][\/vc_column_inner][\/vc_row_inner][vc_empty_space height=&#8221;300px&#8221;][\/vc_column][\/vc_row]<\/p>\n","protected":false},"excerpt":{"rendered":"<p>[vc_row css_animation=&#8221;&#8221; row_type=&#8221;row&#8221; use_row_as_full_screen_section=&#8221;no&#8221; type=&#8221;full_width&#8221; angled_section=&#8221;no&#8221; text_align=&#8221;left&#8221; background_image_as_pattern=&#8221;without_pattern&#8221; el_class=&#8221;fondo-imagen&#8221; css=&#8221;.vc_custom_1490634583598{padding-top: 75px !important;}&#8221;][vc_column][vc_column_text css=&#8221;.vc_custom_1520875381399{padding-bottom: 50px !important;}&#8221;] Room 1 [\/vc_column_text][vc_row_inner row_type=&#8221;row&#8221; type=&#8221;full_width&#8221; text_align=&#8221;left&#8221; css_animation=&#8221;&#8221; css=&#8221;.vc_custom_1490634685590{margin-right: 15% !important;margin-left: 15% !important;padding-top: 50px !important;}&#8221;][vc_column_inner width=&#8221;1\/4&#8243;][vc_single_image image=&#8221;3215&#8243; img_size=&#8221;full&#8221; alignment=&#8221;center&#8221; onclick=&#8221;custom_link&#8221; qode_css_animation=&#8221;&#8221; css=&#8221;.vc_custom_1627306722312{padding-bottom: 35px !important;}&#8221; link=&#8221;\/dra-daniela-cecic-2021\/&#8221;][vc_column_text] PhD. Daniela Cecic Mladinic University of&#8230;<\/p>\n","protected":false},"author":2,"featured_media":0,"parent":0,"menu_order":0,"comment_status":"closed","ping_status":"closed","template":"tema-magister-2021.php","meta":{"footnotes":""},"class_list":["post-2533","page","type-page","status-publish","hentry"],"yoast_head":"<!-- This site is optimized with the Yoast SEO plugin v20.1 - https:\/\/yoast.com\/wordpress\/plugins\/seo\/ -->\n<title>2021 - Room 1 - V Blended Conference for Professionals in Bilingual and International Education<\/title>\n<meta name=\"robots\" content=\"index, follow, max-snippet:-1, max-image-preview:large, max-video-preview:-1\" \/>\n<link rel=\"canonical\" href=\"https:\/\/educacionbilingue.eu\/sala-1-2021\/\" \/>\n<meta property=\"og:locale\" content=\"en_US\" \/>\n<meta property=\"og:type\" content=\"article\" \/>\n<meta property=\"og:title\" content=\"2021 - Room 1 - V Blended Conference for Professionals in Bilingual and International Education\" \/>\n<meta property=\"og:description\" content=\"[vc_row css_animation=&#8221;&#8221; row_type=&#8221;row&#8221; use_row_as_full_screen_section=&#8221;no&#8221; type=&#8221;full_width&#8221; angled_section=&#8221;no&#8221; text_align=&#8221;left&#8221; background_image_as_pattern=&#8221;without_pattern&#8221; el_class=&#8221;fondo-imagen&#8221; css=&#8221;.vc_custom_1490634583598{padding-top: 75px !important;}&#8221;][vc_column][vc_column_text css=&#8221;.vc_custom_1520875381399{padding-bottom: 50px !important;}&#8221;] Room 1 [\/vc_column_text][vc_row_inner row_type=&#8221;row&#8221; type=&#8221;full_width&#8221; text_align=&#8221;left&#8221; css_animation=&#8221;&#8221; css=&#8221;.vc_custom_1490634685590{margin-right: 15% !important;margin-left: 15% !important;padding-top: 50px !important;}&#8221;][vc_column_inner width=&#8221;1\/4&#8243;][vc_single_image image=&#8221;3215&#8243; img_size=&#8221;full&#8221; alignment=&#8221;center&#8221; onclick=&#8221;custom_link&#8221; qode_css_animation=&#8221;&#8221; css=&#8221;.vc_custom_1627306722312{padding-bottom: 35px !important;}&#8221; link=&#8221;\/dra-daniela-cecic-2021\/&#8221;][vc_column_text] PhD. Daniela Cecic Mladinic University of...\" \/>\n<meta property=\"og:url\" content=\"https:\/\/educacionbilingue.eu\/sala-1-2021\/\" \/>\n<meta property=\"og:site_name\" content=\"V Blended Conference for Professionals in Bilingual and International Education\" \/>\n<meta property=\"article:modified_time\" content=\"2021-09-23T10:19:40+00:00\" \/>\n<meta property=\"og:image\" content=\"https:\/\/educacionbilingue.eu\/wp-content\/uploads\/2017\/04\/cropped-logo-web.png\" \/>\n\t<meta property=\"og:image:width\" content=\"512\" \/>\n\t<meta property=\"og:image:height\" content=\"512\" \/>\n\t<meta property=\"og:image:type\" content=\"image\/png\" \/>\n<meta name=\"twitter:card\" content=\"summary_large_image\" \/>\n<meta name=\"twitter:label1\" content=\"Est. reading time\" \/>\n\t<meta name=\"twitter:data1\" content=\"4 minutes\" \/>\n<script type=\"application\/ld+json\" class=\"yoast-schema-graph\">{\"@context\":\"https:\/\/schema.org\",\"@graph\":[{\"@type\":\"WebPage\",\"@id\":\"https:\/\/educacionbilingue.eu\/sala-1-2021\/\",\"url\":\"https:\/\/educacionbilingue.eu\/sala-1-2021\/\",\"name\":\"2021 - Room 1 - V Blended Conference for Professionals in Bilingual and International Education\",\"isPartOf\":{\"@id\":\"https:\/\/educacionbilingue.eu\/#website\"},\"datePublished\":\"2019-04-01T19:16:35+00:00\",\"dateModified\":\"2021-09-23T10:19:40+00:00\",\"breadcrumb\":{\"@id\":\"https:\/\/educacionbilingue.eu\/sala-1-2021\/#breadcrumb\"},\"inLanguage\":\"en-EN\",\"potentialAction\":[{\"@type\":\"ReadAction\",\"target\":[\"https:\/\/educacionbilingue.eu\/sala-1-2021\/\"]}]},{\"@type\":\"BreadcrumbList\",\"@id\":\"https:\/\/educacionbilingue.eu\/sala-1-2021\/#breadcrumb\",\"itemListElement\":[{\"@type\":\"ListItem\",\"position\":1,\"name\":\"V Congreso Semipresencial para Profesionales de la Educaci\u00f3n Biling\u00fce e Internacional\",\"item\":\"https:\/\/educacionbilingue.eu\/\"},{\"@type\":\"ListItem\",\"position\":2,\"name\":\"2021 &#8211; Sala 1\"}]},{\"@type\":\"WebSite\",\"@id\":\"https:\/\/educacionbilingue.eu\/#website\",\"url\":\"https:\/\/educacionbilingue.eu\/\",\"name\":\"V Blended Conference for Professionals in Bilingual and International Education\",\"description\":\"\",\"publisher\":{\"@id\":\"https:\/\/educacionbilingue.eu\/#organization\"},\"potentialAction\":[{\"@type\":\"SearchAction\",\"target\":{\"@type\":\"EntryPoint\",\"urlTemplate\":\"https:\/\/educacionbilingue.eu\/?s={search_term_string}\"},\"query-input\":\"required name=search_term_string\"}],\"inLanguage\":\"en-EN\"},{\"@type\":\"Organization\",\"@id\":\"https:\/\/educacionbilingue.eu\/#organization\",\"name\":\"Congreso de Educaci\u00f3n Biling\u00fce\",\"url\":\"https:\/\/educacionbilingue.eu\/\",\"logo\":{\"@type\":\"ImageObject\",\"inLanguage\":\"en-EN\",\"@id\":\"https:\/\/educacionbilingue.eu\/#\/schema\/logo\/image\/\",\"url\":\"https:\/\/educacionbilingue.eu\/wp-content\/uploads\/2018\/03\/400dpiLogoCropped.png\",\"contentUrl\":\"https:\/\/educacionbilingue.eu\/wp-content\/uploads\/2018\/03\/400dpiLogoCropped.png\",\"width\":800,\"height\":1167,\"caption\":\"Congreso de Educaci\u00f3n Biling\u00fce\"},\"image\":{\"@id\":\"https:\/\/educacionbilingue.eu\/#\/schema\/logo\/image\/\"}}]}<\/script>\n<!-- \/ Yoast SEO plugin. -->","yoast_head_json":{"title":"2021 - Room 1 - V Blended Conference for Professionals in Bilingual and International Education","robots":{"index":"index","follow":"follow","max-snippet":"max-snippet:-1","max-image-preview":"max-image-preview:large","max-video-preview":"max-video-preview:-1"},"canonical":"https:\/\/educacionbilingue.eu\/sala-1-2021\/","og_locale":"en_US","og_type":"article","og_title":"2021 - Room 1 - V Blended Conference for Professionals in Bilingual and International Education","og_description":"[vc_row css_animation=&#8221;&#8221; row_type=&#8221;row&#8221; use_row_as_full_screen_section=&#8221;no&#8221; type=&#8221;full_width&#8221; angled_section=&#8221;no&#8221; text_align=&#8221;left&#8221; background_image_as_pattern=&#8221;without_pattern&#8221; el_class=&#8221;fondo-imagen&#8221; css=&#8221;.vc_custom_1490634583598{padding-top: 75px !important;}&#8221;][vc_column][vc_column_text css=&#8221;.vc_custom_1520875381399{padding-bottom: 50px !important;}&#8221;] Room 1 [\/vc_column_text][vc_row_inner row_type=&#8221;row&#8221; type=&#8221;full_width&#8221; text_align=&#8221;left&#8221; css_animation=&#8221;&#8221; css=&#8221;.vc_custom_1490634685590{margin-right: 15% !important;margin-left: 15% !important;padding-top: 50px !important;}&#8221;][vc_column_inner width=&#8221;1\/4&#8243;][vc_single_image image=&#8221;3215&#8243; img_size=&#8221;full&#8221; alignment=&#8221;center&#8221; onclick=&#8221;custom_link&#8221; qode_css_animation=&#8221;&#8221; css=&#8221;.vc_custom_1627306722312{padding-bottom: 35px !important;}&#8221; link=&#8221;\/dra-daniela-cecic-2021\/&#8221;][vc_column_text] PhD. Daniela Cecic Mladinic University of...","og_url":"https:\/\/educacionbilingue.eu\/sala-1-2021\/","og_site_name":"V Blended Conference for Professionals in Bilingual and International Education","article_modified_time":"2021-09-23T10:19:40+00:00","og_image":[{"width":512,"height":512,"url":"https:\/\/educacionbilingue.eu\/wp-content\/uploads\/2017\/04\/cropped-logo-web.png","type":"image\/png"}],"twitter_card":"summary_large_image","twitter_misc":{"Est. reading time":"4 minutes"},"schema":{"@context":"https:\/\/schema.org","@graph":[{"@type":"WebPage","@id":"https:\/\/educacionbilingue.eu\/sala-1-2021\/","url":"https:\/\/educacionbilingue.eu\/sala-1-2021\/","name":"2021 - Room 1 - V Blended Conference for Professionals in Bilingual and International Education","isPartOf":{"@id":"https:\/\/educacionbilingue.eu\/#website"},"datePublished":"2019-04-01T19:16:35+00:00","dateModified":"2021-09-23T10:19:40+00:00","breadcrumb":{"@id":"https:\/\/educacionbilingue.eu\/sala-1-2021\/#breadcrumb"},"inLanguage":"en-EN","potentialAction":[{"@type":"ReadAction","target":["https:\/\/educacionbilingue.eu\/sala-1-2021\/"]}]},{"@type":"BreadcrumbList","@id":"https:\/\/educacionbilingue.eu\/sala-1-2021\/#breadcrumb","itemListElement":[{"@type":"ListItem","position":1,"name":"V Congreso Semipresencial para Profesionales de la Educaci\u00f3n Biling\u00fce e Internacional","item":"https:\/\/educacionbilingue.eu\/"},{"@type":"ListItem","position":2,"name":"2021 &#8211; Sala 1"}]},{"@type":"WebSite","@id":"https:\/\/educacionbilingue.eu\/#website","url":"https:\/\/educacionbilingue.eu\/","name":"V Blended Conference for Professionals in Bilingual and International Education","description":"","publisher":{"@id":"https:\/\/educacionbilingue.eu\/#organization"},"potentialAction":[{"@type":"SearchAction","target":{"@type":"EntryPoint","urlTemplate":"https:\/\/educacionbilingue.eu\/?s={search_term_string}"},"query-input":"required name=search_term_string"}],"inLanguage":"en-EN"},{"@type":"Organization","@id":"https:\/\/educacionbilingue.eu\/#organization","name":"Congreso de Educaci\u00f3n Biling\u00fce","url":"https:\/\/educacionbilingue.eu\/","logo":{"@type":"ImageObject","inLanguage":"en-EN","@id":"https:\/\/educacionbilingue.eu\/#\/schema\/logo\/image\/","url":"https:\/\/educacionbilingue.eu\/wp-content\/uploads\/2018\/03\/400dpiLogoCropped.png","contentUrl":"https:\/\/educacionbilingue.eu\/wp-content\/uploads\/2018\/03\/400dpiLogoCropped.png","width":800,"height":1167,"caption":"Congreso de Educaci\u00f3n Biling\u00fce"},"image":{"@id":"https:\/\/educacionbilingue.eu\/#\/schema\/logo\/image\/"}}]}},"_links":{"self":[{"href":"https:\/\/educacionbilingue.eu\/en\/wp-json\/wp\/v2\/pages\/2533","targetHints":{"allow":["GET"]}}],"collection":[{"href":"https:\/\/educacionbilingue.eu\/en\/wp-json\/wp\/v2\/pages"}],"about":[{"href":"https:\/\/educacionbilingue.eu\/en\/wp-json\/wp\/v2\/types\/page"}],"author":[{"embeddable":true,"href":"https:\/\/educacionbilingue.eu\/en\/wp-json\/wp\/v2\/users\/2"}],"replies":[{"embeddable":true,"href":"https:\/\/educacionbilingue.eu\/en\/wp-json\/wp\/v2\/comments?post=2533"}],"version-history":[{"count":101,"href":"https:\/\/educacionbilingue.eu\/en\/wp-json\/wp\/v2\/pages\/2533\/revisions"}],"predecessor-version":[{"id":4195,"href":"https:\/\/educacionbilingue.eu\/en\/wp-json\/wp\/v2\/pages\/2533\/revisions\/4195"}],"wp:attachment":[{"href":"https:\/\/educacionbilingue.eu\/en\/wp-json\/wp\/v2\/media?parent=2533"}],"curies":[{"name":"wp","href":"https:\/\/api.w.org\/{rel}","templated":true}]}}