{"id":2636,"date":"2019-04-03T16:39:49","date_gmt":"2019-04-03T16:39:49","guid":{"rendered":"https:\/\/educacionbilingue.eu\/?page_id=2636"},"modified":"2019-04-03T16:53:35","modified_gmt":"2019-04-03T16:53:35","slug":"dr-ana-sofia-urraca-lopez","status":"publish","type":"page","link":"https:\/\/educacionbilingue.eu\/en\/dr-ana-sofia-urraca-lopez\/","title":{"rendered":"Dr. Ana Sof\u00eda Urraca L\u00f3pez"},"content":{"rendered":"<p>[vc_row css_animation=&#8221;&#8221; row_type=&#8221;row&#8221; use_row_as_full_screen_section=&#8221;no&#8221; type=&#8221;full_width&#8221; angled_section=&#8221;no&#8221; text_align=&#8221;left&#8221; background_image_as_pattern=&#8221;without_pattern&#8221; el_class=&#8221;fondo-teja&#8221; css=&#8221;.vc_custom_1490630823443{margin-right: 5% !important;margin-left: 5% !important;padding-top: 75px !important;}&#8221;][vc_column][vc_single_image image=&#8221;2647&#8243; img_size=&#8221;full&#8221; alignment=&#8221;center&#8221; qode_css_animation=&#8221;&#8221; css=&#8221;.vc_custom_1554310414500{padding-bottom: 50px !important;}&#8221;][vc_column_text css=&#8221;.vc_custom_1554309584794{padding-bottom: 50px !important;}&#8221;]<\/p>\n<p style=\"text-align: center;\"><span style=\"font-size: 32pt; color: #808080;\">Dr. Ana Sof\u00eda Urraca L\u00f3pez<\/span><\/p>\n<p>[\/vc_column_text][vc_column_text]<\/p>\n<p style=\"text-align: center;\"><span style=\"color: #a71f00;\">Biodata<\/span><\/p>\n<p>&nbsp;<\/p>\n<p><strong>Ana Sof\u00eda Urraca L\u00f3pez<\/strong> is a doctor from the Autonomous University of Madrid, in the Official Doctoral Program in Clinical Psychology and Health (Department of Biological and Health Psychology, Psychobiology Area). His research area includes the neuropsychological and psychophysiological study of cognitive psychological processes, including perception, memory and language. Within this latter field, her main interests are bilingualism and language alterations as a consequence of acquired brain damage and developmental disorders. She is a Full Professor of the Cardenal Cisneros University Center (attached to the University of Alcal\u00e1 de Henares) since 2008, teaching in the Degree in Psychology, in the Bachelor&#8217;s Degree in Infant and Bilingual Primary Education, in the Official Master&#8217;s Degree in Attention to Diversity and Educational Support and in the Master&#8217;s Degree in General Health Psychology, of which she is currently the academic director.[\/vc_column_text][vc_empty_space][vc_column_text]<\/p>\n<p style=\"text-align: center;\"><span style=\"color: #a71f00;\">Cerebro biling\u00fce y cognici\u00f3n: Correlatos neuropsicol\u00f3gicos y psicofisiol\u00f3gicos<\/span><\/p>\n<p>&nbsp;<\/p>\n<p>Currently, bilingualism is associated not only with high communicative competence in a second language, but also with other cognitive abilities. This presentation will be based on a brief description of the scientific disciplines that investigate the brain and the techniques they use, reflecting on the methodological difficulties that exist in research in this field. Next, some concepts about brain regions responsible for language will be presented, and finally the neuropsychological and psychophysiological findings of bilingualism in the field of cognition will be analyzed, with special attention to the development of executive functions.[\/vc_column_text][vc_empty_space][\/vc_column][\/vc_row]<\/p>\n","protected":false},"excerpt":{"rendered":"<p>[vc_row css_animation=&#8221;&#8221; row_type=&#8221;row&#8221; use_row_as_full_screen_section=&#8221;no&#8221; type=&#8221;full_width&#8221; angled_section=&#8221;no&#8221; text_align=&#8221;left&#8221; background_image_as_pattern=&#8221;without_pattern&#8221; el_class=&#8221;fondo-teja&#8221; css=&#8221;.vc_custom_1490630823443{margin-right: 5% !important;margin-left: 5% !important;padding-top: 75px !important;}&#8221;][vc_column][vc_single_image image=&#8221;2647&#8243; img_size=&#8221;full&#8221; alignment=&#8221;center&#8221; qode_css_animation=&#8221;&#8221; css=&#8221;.vc_custom_1554310414500{padding-bottom: 50px !important;}&#8221;][vc_column_text css=&#8221;.vc_custom_1554309584794{padding-bottom: 50px !important;}&#8221;] Dr. Ana Sof\u00eda Urraca L\u00f3pez [\/vc_column_text][vc_column_text] Biodata &nbsp; Ana Sof\u00eda Urraca L\u00f3pez is a doctor from the Autonomous University&#8230;<\/p>\n","protected":false},"author":2,"featured_media":0,"parent":0,"menu_order":0,"comment_status":"closed","ping_status":"closed","template":"tema-magister-2019.php","meta":{"footnotes":""},"class_list":["post-2636","page","type-page","status-publish","hentry"],"yoast_head":"<!-- This site is optimized with the Yoast SEO plugin v20.1 - https:\/\/yoast.com\/wordpress\/plugins\/seo\/ -->\n<title>Dr. Ana Sof\u00eda Urraca L\u00f3pez - V Blended Conference for Professionals in Bilingual and International Education<\/title>\n<meta name=\"robots\" content=\"index, follow, max-snippet:-1, max-image-preview:large, max-video-preview:-1\" \/>\n<link rel=\"canonical\" href=\"https:\/\/educacionbilingue.eu\/dr-ana-sofia-urraca-lopez\/\" \/>\n<meta property=\"og:locale\" content=\"en_US\" \/>\n<meta property=\"og:type\" content=\"article\" \/>\n<meta property=\"og:title\" content=\"Dr. Ana Sof\u00eda Urraca L\u00f3pez - V Blended Conference for Professionals in Bilingual and International Education\" \/>\n<meta property=\"og:description\" content=\"[vc_row css_animation=&#8221;&#8221; row_type=&#8221;row&#8221; use_row_as_full_screen_section=&#8221;no&#8221; type=&#8221;full_width&#8221; angled_section=&#8221;no&#8221; text_align=&#8221;left&#8221; background_image_as_pattern=&#8221;without_pattern&#8221; el_class=&#8221;fondo-teja&#8221; css=&#8221;.vc_custom_1490630823443{margin-right: 5% !important;margin-left: 5% !important;padding-top: 75px !important;}&#8221;][vc_column][vc_single_image image=&#8221;2647&#8243; img_size=&#8221;full&#8221; alignment=&#8221;center&#8221; qode_css_animation=&#8221;&#8221; css=&#8221;.vc_custom_1554310414500{padding-bottom: 50px !important;}&#8221;][vc_column_text css=&#8221;.vc_custom_1554309584794{padding-bottom: 50px !important;}&#8221;] Dr. Ana Sof\u00eda Urraca L\u00f3pez [\/vc_column_text][vc_column_text] Biodata &nbsp; Ana Sof\u00eda Urraca L\u00f3pez is a doctor from the Autonomous University...\" \/>\n<meta property=\"og:url\" content=\"https:\/\/educacionbilingue.eu\/dr-ana-sofia-urraca-lopez\/\" \/>\n<meta property=\"og:site_name\" content=\"V Blended Conference for Professionals in Bilingual and International Education\" \/>\n<meta property=\"article:modified_time\" content=\"2019-04-03T16:53:35+00:00\" \/>\n<meta property=\"og:image\" content=\"https:\/\/educacionbilingue.eu\/wp-content\/uploads\/2017\/04\/cropped-logo-web.png\" \/>\n\t<meta property=\"og:image:width\" content=\"512\" \/>\n\t<meta property=\"og:image:height\" content=\"512\" \/>\n\t<meta property=\"og:image:type\" content=\"image\/png\" \/>\n<meta name=\"twitter:card\" content=\"summary_large_image\" \/>\n<meta name=\"twitter:label1\" content=\"Est. reading time\" \/>\n\t<meta name=\"twitter:data1\" content=\"2 minutes\" \/>\n<script type=\"application\/ld+json\" class=\"yoast-schema-graph\">{\"@context\":\"https:\/\/schema.org\",\"@graph\":[{\"@type\":\"WebPage\",\"@id\":\"https:\/\/educacionbilingue.eu\/dr-ana-sofia-urraca-lopez\/\",\"url\":\"https:\/\/educacionbilingue.eu\/dr-ana-sofia-urraca-lopez\/\",\"name\":\"Dr. Ana Sof\u00eda Urraca L\u00f3pez - V Blended Conference for Professionals in Bilingual and International Education\",\"isPartOf\":{\"@id\":\"https:\/\/educacionbilingue.eu\/#website\"},\"datePublished\":\"2019-04-03T16:39:49+00:00\",\"dateModified\":\"2019-04-03T16:53:35+00:00\",\"breadcrumb\":{\"@id\":\"https:\/\/educacionbilingue.eu\/dr-ana-sofia-urraca-lopez\/#breadcrumb\"},\"inLanguage\":\"en-EN\",\"potentialAction\":[{\"@type\":\"ReadAction\",\"target\":[\"https:\/\/educacionbilingue.eu\/dr-ana-sofia-urraca-lopez\/\"]}]},{\"@type\":\"BreadcrumbList\",\"@id\":\"https:\/\/educacionbilingue.eu\/dr-ana-sofia-urraca-lopez\/#breadcrumb\",\"itemListElement\":[{\"@type\":\"ListItem\",\"position\":1,\"name\":\"V Congreso Semipresencial para Profesionales de la Educaci\u00f3n Biling\u00fce e Internacional\",\"item\":\"https:\/\/educacionbilingue.eu\/\"},{\"@type\":\"ListItem\",\"position\":2,\"name\":\"Dr. Ana Sof\u00eda Urraca L\u00f3pez\"}]},{\"@type\":\"WebSite\",\"@id\":\"https:\/\/educacionbilingue.eu\/#website\",\"url\":\"https:\/\/educacionbilingue.eu\/\",\"name\":\"V Blended Conference for Professionals in Bilingual and International Education\",\"description\":\"\",\"publisher\":{\"@id\":\"https:\/\/educacionbilingue.eu\/#organization\"},\"potentialAction\":[{\"@type\":\"SearchAction\",\"target\":{\"@type\":\"EntryPoint\",\"urlTemplate\":\"https:\/\/educacionbilingue.eu\/?s={search_term_string}\"},\"query-input\":\"required name=search_term_string\"}],\"inLanguage\":\"en-EN\"},{\"@type\":\"Organization\",\"@id\":\"https:\/\/educacionbilingue.eu\/#organization\",\"name\":\"Congreso de Educaci\u00f3n Biling\u00fce\",\"url\":\"https:\/\/educacionbilingue.eu\/\",\"logo\":{\"@type\":\"ImageObject\",\"inLanguage\":\"en-EN\",\"@id\":\"https:\/\/educacionbilingue.eu\/#\/schema\/logo\/image\/\",\"url\":\"https:\/\/educacionbilingue.eu\/wp-content\/uploads\/2018\/03\/400dpiLogoCropped.png\",\"contentUrl\":\"https:\/\/educacionbilingue.eu\/wp-content\/uploads\/2018\/03\/400dpiLogoCropped.png\",\"width\":800,\"height\":1167,\"caption\":\"Congreso de Educaci\u00f3n Biling\u00fce\"},\"image\":{\"@id\":\"https:\/\/educacionbilingue.eu\/#\/schema\/logo\/image\/\"}}]}<\/script>\n<!-- \/ Yoast SEO plugin. -->","yoast_head_json":{"title":"Dr. Ana Sof\u00eda Urraca L\u00f3pez - V Blended Conference for Professionals in Bilingual and International Education","robots":{"index":"index","follow":"follow","max-snippet":"max-snippet:-1","max-image-preview":"max-image-preview:large","max-video-preview":"max-video-preview:-1"},"canonical":"https:\/\/educacionbilingue.eu\/dr-ana-sofia-urraca-lopez\/","og_locale":"en_US","og_type":"article","og_title":"Dr. Ana Sof\u00eda Urraca L\u00f3pez - V Blended Conference for Professionals in Bilingual and International Education","og_description":"[vc_row css_animation=&#8221;&#8221; row_type=&#8221;row&#8221; use_row_as_full_screen_section=&#8221;no&#8221; type=&#8221;full_width&#8221; angled_section=&#8221;no&#8221; text_align=&#8221;left&#8221; background_image_as_pattern=&#8221;without_pattern&#8221; el_class=&#8221;fondo-teja&#8221; css=&#8221;.vc_custom_1490630823443{margin-right: 5% !important;margin-left: 5% !important;padding-top: 75px !important;}&#8221;][vc_column][vc_single_image image=&#8221;2647&#8243; img_size=&#8221;full&#8221; alignment=&#8221;center&#8221; qode_css_animation=&#8221;&#8221; css=&#8221;.vc_custom_1554310414500{padding-bottom: 50px !important;}&#8221;][vc_column_text css=&#8221;.vc_custom_1554309584794{padding-bottom: 50px !important;}&#8221;] Dr. Ana Sof\u00eda Urraca L\u00f3pez [\/vc_column_text][vc_column_text] Biodata &nbsp; Ana Sof\u00eda Urraca L\u00f3pez is a doctor from the Autonomous University...","og_url":"https:\/\/educacionbilingue.eu\/dr-ana-sofia-urraca-lopez\/","og_site_name":"V Blended Conference for Professionals in Bilingual and International Education","article_modified_time":"2019-04-03T16:53:35+00:00","og_image":[{"width":512,"height":512,"url":"https:\/\/educacionbilingue.eu\/wp-content\/uploads\/2017\/04\/cropped-logo-web.png","type":"image\/png"}],"twitter_card":"summary_large_image","twitter_misc":{"Est. reading time":"2 minutes"},"schema":{"@context":"https:\/\/schema.org","@graph":[{"@type":"WebPage","@id":"https:\/\/educacionbilingue.eu\/dr-ana-sofia-urraca-lopez\/","url":"https:\/\/educacionbilingue.eu\/dr-ana-sofia-urraca-lopez\/","name":"Dr. Ana Sof\u00eda Urraca L\u00f3pez - V Blended Conference for Professionals in Bilingual and International Education","isPartOf":{"@id":"https:\/\/educacionbilingue.eu\/#website"},"datePublished":"2019-04-03T16:39:49+00:00","dateModified":"2019-04-03T16:53:35+00:00","breadcrumb":{"@id":"https:\/\/educacionbilingue.eu\/dr-ana-sofia-urraca-lopez\/#breadcrumb"},"inLanguage":"en-EN","potentialAction":[{"@type":"ReadAction","target":["https:\/\/educacionbilingue.eu\/dr-ana-sofia-urraca-lopez\/"]}]},{"@type":"BreadcrumbList","@id":"https:\/\/educacionbilingue.eu\/dr-ana-sofia-urraca-lopez\/#breadcrumb","itemListElement":[{"@type":"ListItem","position":1,"name":"V Congreso Semipresencial para Profesionales de la Educaci\u00f3n Biling\u00fce e Internacional","item":"https:\/\/educacionbilingue.eu\/"},{"@type":"ListItem","position":2,"name":"Dr. Ana Sof\u00eda Urraca L\u00f3pez"}]},{"@type":"WebSite","@id":"https:\/\/educacionbilingue.eu\/#website","url":"https:\/\/educacionbilingue.eu\/","name":"V Blended Conference for Professionals in Bilingual and International Education","description":"","publisher":{"@id":"https:\/\/educacionbilingue.eu\/#organization"},"potentialAction":[{"@type":"SearchAction","target":{"@type":"EntryPoint","urlTemplate":"https:\/\/educacionbilingue.eu\/?s={search_term_string}"},"query-input":"required name=search_term_string"}],"inLanguage":"en-EN"},{"@type":"Organization","@id":"https:\/\/educacionbilingue.eu\/#organization","name":"Congreso de Educaci\u00f3n Biling\u00fce","url":"https:\/\/educacionbilingue.eu\/","logo":{"@type":"ImageObject","inLanguage":"en-EN","@id":"https:\/\/educacionbilingue.eu\/#\/schema\/logo\/image\/","url":"https:\/\/educacionbilingue.eu\/wp-content\/uploads\/2018\/03\/400dpiLogoCropped.png","contentUrl":"https:\/\/educacionbilingue.eu\/wp-content\/uploads\/2018\/03\/400dpiLogoCropped.png","width":800,"height":1167,"caption":"Congreso de Educaci\u00f3n Biling\u00fce"},"image":{"@id":"https:\/\/educacionbilingue.eu\/#\/schema\/logo\/image\/"}}]}},"_links":{"self":[{"href":"https:\/\/educacionbilingue.eu\/en\/wp-json\/wp\/v2\/pages\/2636","targetHints":{"allow":["GET"]}}],"collection":[{"href":"https:\/\/educacionbilingue.eu\/en\/wp-json\/wp\/v2\/pages"}],"about":[{"href":"https:\/\/educacionbilingue.eu\/en\/wp-json\/wp\/v2\/types\/page"}],"author":[{"embeddable":true,"href":"https:\/\/educacionbilingue.eu\/en\/wp-json\/wp\/v2\/users\/2"}],"replies":[{"embeddable":true,"href":"https:\/\/educacionbilingue.eu\/en\/wp-json\/wp\/v2\/comments?post=2636"}],"version-history":[{"count":8,"href":"https:\/\/educacionbilingue.eu\/en\/wp-json\/wp\/v2\/pages\/2636\/revisions"}],"predecessor-version":[{"id":2648,"href":"https:\/\/educacionbilingue.eu\/en\/wp-json\/wp\/v2\/pages\/2636\/revisions\/2648"}],"wp:attachment":[{"href":"https:\/\/educacionbilingue.eu\/en\/wp-json\/wp\/v2\/media?parent=2636"}],"curies":[{"name":"wp","href":"https:\/\/api.w.org\/{rel}","templated":true}]}}