{"id":2917,"date":"2021-08-24T13:41:19","date_gmt":"2021-08-24T13:41:19","guid":{"rendered":"https:\/\/educacionbilingue.eu\/?page_id=2917"},"modified":"2021-08-24T13:41:19","modified_gmt":"2021-08-24T13:41:19","slug":"sala-2-2019","status":"publish","type":"page","link":"https:\/\/educacionbilingue.eu\/en\/sala-2-2019\/","title":{"rendered":"Room 2"},"content":{"rendered":"<p>[vc_row css_animation=&#8221;&#8221; row_type=&#8221;row&#8221; use_row_as_full_screen_section=&#8221;no&#8221; type=&#8221;full_width&#8221; angled_section=&#8221;no&#8221; text_align=&#8221;left&#8221; background_image_as_pattern=&#8221;without_pattern&#8221; el_class=&#8221;fondo-imagen&#8221; css=&#8221;.vc_custom_1490634583598{padding-top: 75px !important;}&#8221;][vc_column][vc_column_text css=&#8221;.vc_custom_1554144607507{padding-bottom: 50px !important;}&#8221;]<\/p>\n<h1 style=\"text-align: center;\">Room 2<\/h1>\n<p>[\/vc_column_text][vc_row_inner row_type=&#8221;row&#8221; type=&#8221;full_width&#8221; text_align=&#8221;left&#8221; css_animation=&#8221;&#8221; css=&#8221;.vc_custom_1490634685590{margin-right: 15% !important;margin-left: 15% !important;padding-top: 50px !important;}&#8221;][vc_column_inner width=&#8221;1\/3&#8243;][vc_single_image image=&#8221;2490&#8243; img_size=&#8221;full&#8221; alignment=&#8221;center&#8221; onclick=&#8221;custom_link&#8221; qode_css_animation=&#8221;&#8221; css=&#8221;.vc_custom_1554142363285{padding-bottom: 35px !important;}&#8221; link=&#8221;\/lyndsay-r-buckingham\/&#8221;][vc_column_text]<\/p>\n<p style=\"text-align: center;\"><span style=\"font-size: 14pt;\"><a href=\"\/lyndsay-r-buckingham\/\"><strong>Dr. Lyndsay R. Buckingham<\/strong><br \/>\n<span style=\"font-size: 12pt;\">Universidad Pontificia Comillas<\/span><\/a><\/span><\/p>\n<p>[\/vc_column_text][\/vc_column_inner][vc_column_inner width=&#8221;1\/3&#8243;][vc_single_image image=&#8221;2502&#8243; img_size=&#8221;187&#215;177&#8243; alignment=&#8221;center&#8221; onclick=&#8221;custom_link&#8221; qode_css_animation=&#8221;&#8221; css=&#8221;.vc_custom_1554142970214{padding-bottom: 35px !important;}&#8221; link=&#8221;\/miguel-fernandez\/&#8221;][vc_column_text]<\/p>\n<p style=\"text-align: center;\"><span style=\"font-size: 14pt;\"><a href=\"\/miguel-fernandez\/\"><strong>Dr. Miguel Fern\u00e1ndez<\/strong><br \/>\n<span style=\"font-size: 12pt;\">Universidad Polit\u00e9cnica de Madrid<\/span><br \/>\n<\/a><\/span><\/p>\n<p>[\/vc_column_text][\/vc_column_inner][vc_column_inner width=&#8221;1\/3&#8243;][vc_single_image image=&#8221;2713&#8243; img_size=&#8221;187&#215;177&#8243; alignment=&#8221;center&#8221; onclick=&#8221;custom_link&#8221; qode_css_animation=&#8221;&#8221; css=&#8221;.vc_custom_1554754296140{padding-bottom: 35px !important;}&#8221; link=&#8221;\/dr-alfonso-lopez-hernandez\/&#8221;][vc_column_text]<\/p>\n<p style=\"text-align: center;\"><span style=\"font-size: 14pt;\"><a href=\"\/dr-alfonso-lopez-hernandez\/\"><strong>Dr. Alfonso L\u00f3pez<\/strong><br \/>\n<span style=\"font-size: 12pt;\">Universidad de Comillas<\/span><\/a><\/span><\/p>\n<p>[\/vc_column_text][\/vc_column_inner][\/vc_row_inner][vc_row_inner row_type=&#8221;row&#8221; type=&#8221;full_width&#8221; text_align=&#8221;left&#8221; css_animation=&#8221;&#8221; css=&#8221;.vc_custom_1490634685590{margin-right: 15% !important;margin-left: 15% !important;padding-top: 50px !important;}&#8221;][vc_column_inner width=&#8221;1\/3&#8243;][vc_single_image image=&#8221;2510&#8243; img_size=&#8221;187&#215;177&#8243; alignment=&#8221;center&#8221; onclick=&#8221;custom_link&#8221; qode_css_animation=&#8221;&#8221; css=&#8221;.vc_custom_1554143828478{padding-bottom: 35px !important;}&#8221; link=&#8221;\/dr-jesus-paz-albo\/&#8221;][vc_column_text]<\/p>\n<p style=\"text-align: center;\"><span style=\"font-size: 14pt;\"><a href=\"\/dr-jesus-paz-albo\/\"><strong>Dr. Jes\u00fas Paz-Albo<\/strong><br \/>\n<span style=\"font-size: 12pt;\">Universidad Rey Juan Carlos<\/span><\/a><\/span><\/p>\n<p>[\/vc_column_text][\/vc_column_inner][vc_column_inner width=&#8221;1\/3&#8243;][vc_single_image image=&#8221;2702&#8243; img_size=&#8221;187&#215;177&#8243; alignment=&#8221;center&#8221; onclick=&#8221;custom_link&#8221; qode_css_animation=&#8221;&#8221; css=&#8221;.vc_custom_1554753462960{padding-bottom: 35px !important;}&#8221; link=&#8221;\/magdalena-custodio\/&#8221;][vc_column_text]<\/p>\n<p style=\"text-align: center;\"><span style=\"font-size: 14pt;\"><a href=\"\/magdalena-custodio\/\"><strong>Dr. Magdalena Custodio<\/strong><br \/>\n<span style=\"font-size: 12pt;\">Universidad de Comillas<\/span><\/a><\/span><\/p>\n<p>[\/vc_column_text][\/vc_column_inner][vc_column_inner width=&#8221;1\/3&#8243;][vc_single_image image=&#8221;2662&#8243; img_size=&#8221;187&#215;177&#8243; alignment=&#8221;center&#8221; onclick=&#8221;custom_link&#8221; qode_css_animation=&#8221;&#8221; css=&#8221;.vc_custom_1554708227500{padding-bottom: 35px !important;}&#8221; link=&#8221;\/dr-xavier-gisbert\/&#8221;][vc_column_text]<\/p>\n<p style=\"text-align: center;\"><a href=\"\/dr-xavier-gisbert\/\"><strong><span style=\"font-size: 14pt;\">Dr. Xavier Gisbert<br \/>\n<\/span><\/strong><span style=\"font-size: 12pt;\">Asociaci\u00f3n Ense\u00f1anza Biling\u00fce<\/span><\/a><\/p>\n<p>[\/vc_column_text][\/vc_column_inner][\/vc_row_inner][vc_row_inner row_type=&#8221;row&#8221; type=&#8221;full_width&#8221; text_align=&#8221;center&#8221; css_animation=&#8221;&#8221; css=&#8221;.vc_custom_1520961129939{margin-right: 15% !important;margin-left: 15% !important;padding-top: 50px !important;}&#8221;][vc_column_inner width=&#8221;1\/3&#8243;][vc_single_image image=&#8221;2693&#8243; img_size=&#8221;187&#215;177&#8243; alignment=&#8221;center&#8221; onclick=&#8221;custom_link&#8221; qode_css_animation=&#8221;&#8221; css=&#8221;.vc_custom_1554755358527{padding-bottom: 35px !important;}&#8221; link=&#8221;\/dr-arturo-marquez\/&#8221;][vc_column_text]<\/p>\n<p style=\"text-align: center;\"><span style=\"font-size: 14pt;\"><a href=\"\/dr-arturo-marquez\/\"><strong>Sr. Arturo M\u00e1rquez<\/strong><br \/>\n<span style=\"font-size: 12pt;\">Universidad de Nebrija<\/span><\/a><\/span><\/p>\n<p>[\/vc_column_text][\/vc_column_inner][vc_column_inner width=&#8221;1\/3&#8243;][vc_single_image image=&#8221;1804&#8243; img_size=&#8221;187&#215;177&#8243; alignment=&#8221;center&#8221; onclick=&#8221;custom_link&#8221; qode_css_animation=&#8221;&#8221; css=&#8221;.vc_custom_1554754746756{padding-bottom: 35px !important;}&#8221; link=&#8221;\/dr-thomas-somers\/&#8221;][vc_column_text]<\/p>\n<p style=\"text-align: center;\"><span style=\"font-size: 14pt;\"><a href=\"\/dr-thomas-somers\/\"><strong>Dr. Thomas Somers<\/strong><br \/>\n<span style=\"font-size: 12pt;\">Universidad Aut\u00f3noma de Madrid<\/span><\/a><\/span><\/p>\n<p>[\/vc_column_text][\/vc_column_inner][vc_column_inner width=&#8221;1\/3&#8243; offset=&#8221;vc_col-sm-offset-0&#8243;][\/vc_column_inner][\/vc_row_inner][vc_empty_space height=&#8221;300px&#8221;][\/vc_column][\/vc_row]<\/p>\n","protected":false},"excerpt":{"rendered":"<p>[vc_row css_animation=&#8221;&#8221; row_type=&#8221;row&#8221; use_row_as_full_screen_section=&#8221;no&#8221; type=&#8221;full_width&#8221; angled_section=&#8221;no&#8221; text_align=&#8221;left&#8221; background_image_as_pattern=&#8221;without_pattern&#8221; el_class=&#8221;fondo-imagen&#8221; css=&#8221;.vc_custom_1490634583598{padding-top: 75px !important;}&#8221;][vc_column][vc_column_text css=&#8221;.vc_custom_1554144607507{padding-bottom: 50px !important;}&#8221;] Room 2 [\/vc_column_text][vc_row_inner row_type=&#8221;row&#8221; type=&#8221;full_width&#8221; text_align=&#8221;left&#8221; css_animation=&#8221;&#8221; css=&#8221;.vc_custom_1490634685590{margin-right: 15% !important;margin-left: 15% !important;padding-top: 50px !important;}&#8221;][vc_column_inner width=&#8221;1\/3&#8243;][vc_single_image image=&#8221;2490&#8243; img_size=&#8221;full&#8221; alignment=&#8221;center&#8221; onclick=&#8221;custom_link&#8221; qode_css_animation=&#8221;&#8221; css=&#8221;.vc_custom_1554142363285{padding-bottom: 35px !important;}&#8221; link=&#8221;\/lyndsay-r-buckingham\/&#8221;][vc_column_text] Dr. Lyndsay R. Buckingham Universidad Pontificia&#8230;<\/p>\n","protected":false},"author":2,"featured_media":0,"parent":0,"menu_order":0,"comment_status":"closed","ping_status":"closed","template":"tema-magister-2019.php","meta":{"footnotes":""},"class_list":["post-2917","page","type-page","status-publish","hentry"],"yoast_head":"<!-- This site is optimized with the Yoast SEO plugin v20.1 - https:\/\/yoast.com\/wordpress\/plugins\/seo\/ -->\n<title>Room 2 - V Blended Conference for Professionals in Bilingual and International Education<\/title>\n<meta name=\"robots\" content=\"index, follow, max-snippet:-1, max-image-preview:large, max-video-preview:-1\" \/>\n<link rel=\"canonical\" href=\"https:\/\/educacionbilingue.eu\/sala-2-2019\/\" \/>\n<meta property=\"og:locale\" content=\"en_US\" \/>\n<meta property=\"og:type\" content=\"article\" \/>\n<meta property=\"og:title\" content=\"Room 2 - V Blended Conference for Professionals in Bilingual and International Education\" \/>\n<meta property=\"og:description\" content=\"[vc_row css_animation=&#8221;&#8221; row_type=&#8221;row&#8221; use_row_as_full_screen_section=&#8221;no&#8221; type=&#8221;full_width&#8221; angled_section=&#8221;no&#8221; text_align=&#8221;left&#8221; background_image_as_pattern=&#8221;without_pattern&#8221; el_class=&#8221;fondo-imagen&#8221; css=&#8221;.vc_custom_1490634583598{padding-top: 75px !important;}&#8221;][vc_column][vc_column_text css=&#8221;.vc_custom_1554144607507{padding-bottom: 50px !important;}&#8221;] Room 2 [\/vc_column_text][vc_row_inner row_type=&#8221;row&#8221; type=&#8221;full_width&#8221; text_align=&#8221;left&#8221; css_animation=&#8221;&#8221; css=&#8221;.vc_custom_1490634685590{margin-right: 15% !important;margin-left: 15% !important;padding-top: 50px !important;}&#8221;][vc_column_inner width=&#8221;1\/3&#8243;][vc_single_image image=&#8221;2490&#8243; img_size=&#8221;full&#8221; alignment=&#8221;center&#8221; onclick=&#8221;custom_link&#8221; qode_css_animation=&#8221;&#8221; css=&#8221;.vc_custom_1554142363285{padding-bottom: 35px !important;}&#8221; link=&#8221;\/lyndsay-r-buckingham\/&#8221;][vc_column_text] Dr. Lyndsay R. Buckingham Universidad Pontificia...\" \/>\n<meta property=\"og:url\" content=\"https:\/\/educacionbilingue.eu\/sala-2-2019\/\" \/>\n<meta property=\"og:site_name\" content=\"V Blended Conference for Professionals in Bilingual and International Education\" \/>\n<meta property=\"og:image\" content=\"https:\/\/educacionbilingue.eu\/wp-content\/uploads\/2017\/04\/cropped-logo-web.png\" \/>\n\t<meta property=\"og:image:width\" content=\"512\" \/>\n\t<meta property=\"og:image:height\" content=\"512\" \/>\n\t<meta property=\"og:image:type\" content=\"image\/png\" \/>\n<meta name=\"twitter:card\" content=\"summary_large_image\" \/>\n<meta name=\"twitter:label1\" content=\"Est. reading time\" \/>\n\t<meta name=\"twitter:data1\" content=\"3 minutes\" \/>\n<script type=\"application\/ld+json\" class=\"yoast-schema-graph\">{\"@context\":\"https:\/\/schema.org\",\"@graph\":[{\"@type\":\"WebPage\",\"@id\":\"https:\/\/educacionbilingue.eu\/sala-2-2019\/\",\"url\":\"https:\/\/educacionbilingue.eu\/sala-2-2019\/\",\"name\":\"Room 2 - V Blended Conference for Professionals in Bilingual and International Education\",\"isPartOf\":{\"@id\":\"https:\/\/educacionbilingue.eu\/#website\"},\"datePublished\":\"2021-08-24T13:41:19+00:00\",\"dateModified\":\"2021-08-24T13:41:19+00:00\",\"breadcrumb\":{\"@id\":\"https:\/\/educacionbilingue.eu\/sala-2-2019\/#breadcrumb\"},\"inLanguage\":\"en-EN\",\"potentialAction\":[{\"@type\":\"ReadAction\",\"target\":[\"https:\/\/educacionbilingue.eu\/sala-2-2019\/\"]}]},{\"@type\":\"BreadcrumbList\",\"@id\":\"https:\/\/educacionbilingue.eu\/sala-2-2019\/#breadcrumb\",\"itemListElement\":[{\"@type\":\"ListItem\",\"position\":1,\"name\":\"V Congreso Semipresencial para Profesionales de la Educaci\u00f3n Biling\u00fce e Internacional\",\"item\":\"https:\/\/educacionbilingue.eu\/\"},{\"@type\":\"ListItem\",\"position\":2,\"name\":\"Sala 2 &#8211; 2019\"}]},{\"@type\":\"WebSite\",\"@id\":\"https:\/\/educacionbilingue.eu\/#website\",\"url\":\"https:\/\/educacionbilingue.eu\/\",\"name\":\"V Blended Conference for Professionals in Bilingual and International Education\",\"description\":\"\",\"publisher\":{\"@id\":\"https:\/\/educacionbilingue.eu\/#organization\"},\"potentialAction\":[{\"@type\":\"SearchAction\",\"target\":{\"@type\":\"EntryPoint\",\"urlTemplate\":\"https:\/\/educacionbilingue.eu\/?s={search_term_string}\"},\"query-input\":\"required name=search_term_string\"}],\"inLanguage\":\"en-EN\"},{\"@type\":\"Organization\",\"@id\":\"https:\/\/educacionbilingue.eu\/#organization\",\"name\":\"Congreso de Educaci\u00f3n Biling\u00fce\",\"url\":\"https:\/\/educacionbilingue.eu\/\",\"logo\":{\"@type\":\"ImageObject\",\"inLanguage\":\"en-EN\",\"@id\":\"https:\/\/educacionbilingue.eu\/#\/schema\/logo\/image\/\",\"url\":\"https:\/\/educacionbilingue.eu\/wp-content\/uploads\/2018\/03\/400dpiLogoCropped.png\",\"contentUrl\":\"https:\/\/educacionbilingue.eu\/wp-content\/uploads\/2018\/03\/400dpiLogoCropped.png\",\"width\":800,\"height\":1167,\"caption\":\"Congreso de Educaci\u00f3n Biling\u00fce\"},\"image\":{\"@id\":\"https:\/\/educacionbilingue.eu\/#\/schema\/logo\/image\/\"}}]}<\/script>\n<!-- \/ Yoast SEO plugin. -->","yoast_head_json":{"title":"Room 2 - V Blended Conference for Professionals in Bilingual and International Education","robots":{"index":"index","follow":"follow","max-snippet":"max-snippet:-1","max-image-preview":"max-image-preview:large","max-video-preview":"max-video-preview:-1"},"canonical":"https:\/\/educacionbilingue.eu\/sala-2-2019\/","og_locale":"en_US","og_type":"article","og_title":"Room 2 - V Blended Conference for Professionals in Bilingual and International Education","og_description":"[vc_row css_animation=&#8221;&#8221; row_type=&#8221;row&#8221; use_row_as_full_screen_section=&#8221;no&#8221; type=&#8221;full_width&#8221; angled_section=&#8221;no&#8221; text_align=&#8221;left&#8221; background_image_as_pattern=&#8221;without_pattern&#8221; el_class=&#8221;fondo-imagen&#8221; css=&#8221;.vc_custom_1490634583598{padding-top: 75px !important;}&#8221;][vc_column][vc_column_text css=&#8221;.vc_custom_1554144607507{padding-bottom: 50px !important;}&#8221;] Room 2 [\/vc_column_text][vc_row_inner row_type=&#8221;row&#8221; type=&#8221;full_width&#8221; text_align=&#8221;left&#8221; css_animation=&#8221;&#8221; css=&#8221;.vc_custom_1490634685590{margin-right: 15% !important;margin-left: 15% !important;padding-top: 50px !important;}&#8221;][vc_column_inner width=&#8221;1\/3&#8243;][vc_single_image image=&#8221;2490&#8243; img_size=&#8221;full&#8221; alignment=&#8221;center&#8221; onclick=&#8221;custom_link&#8221; qode_css_animation=&#8221;&#8221; css=&#8221;.vc_custom_1554142363285{padding-bottom: 35px !important;}&#8221; link=&#8221;\/lyndsay-r-buckingham\/&#8221;][vc_column_text] Dr. Lyndsay R. Buckingham Universidad Pontificia...","og_url":"https:\/\/educacionbilingue.eu\/sala-2-2019\/","og_site_name":"V Blended Conference for Professionals in Bilingual and International Education","og_image":[{"width":512,"height":512,"url":"https:\/\/educacionbilingue.eu\/wp-content\/uploads\/2017\/04\/cropped-logo-web.png","type":"image\/png"}],"twitter_card":"summary_large_image","twitter_misc":{"Est. reading time":"3 minutes"},"schema":{"@context":"https:\/\/schema.org","@graph":[{"@type":"WebPage","@id":"https:\/\/educacionbilingue.eu\/sala-2-2019\/","url":"https:\/\/educacionbilingue.eu\/sala-2-2019\/","name":"Room 2 - V Blended Conference for Professionals in Bilingual and International Education","isPartOf":{"@id":"https:\/\/educacionbilingue.eu\/#website"},"datePublished":"2021-08-24T13:41:19+00:00","dateModified":"2021-08-24T13:41:19+00:00","breadcrumb":{"@id":"https:\/\/educacionbilingue.eu\/sala-2-2019\/#breadcrumb"},"inLanguage":"en-EN","potentialAction":[{"@type":"ReadAction","target":["https:\/\/educacionbilingue.eu\/sala-2-2019\/"]}]},{"@type":"BreadcrumbList","@id":"https:\/\/educacionbilingue.eu\/sala-2-2019\/#breadcrumb","itemListElement":[{"@type":"ListItem","position":1,"name":"V Congreso Semipresencial para Profesionales de la Educaci\u00f3n Biling\u00fce e Internacional","item":"https:\/\/educacionbilingue.eu\/"},{"@type":"ListItem","position":2,"name":"Sala 2 &#8211; 2019"}]},{"@type":"WebSite","@id":"https:\/\/educacionbilingue.eu\/#website","url":"https:\/\/educacionbilingue.eu\/","name":"V Blended Conference for Professionals in Bilingual and International Education","description":"","publisher":{"@id":"https:\/\/educacionbilingue.eu\/#organization"},"potentialAction":[{"@type":"SearchAction","target":{"@type":"EntryPoint","urlTemplate":"https:\/\/educacionbilingue.eu\/?s={search_term_string}"},"query-input":"required name=search_term_string"}],"inLanguage":"en-EN"},{"@type":"Organization","@id":"https:\/\/educacionbilingue.eu\/#organization","name":"Congreso de Educaci\u00f3n Biling\u00fce","url":"https:\/\/educacionbilingue.eu\/","logo":{"@type":"ImageObject","inLanguage":"en-EN","@id":"https:\/\/educacionbilingue.eu\/#\/schema\/logo\/image\/","url":"https:\/\/educacionbilingue.eu\/wp-content\/uploads\/2018\/03\/400dpiLogoCropped.png","contentUrl":"https:\/\/educacionbilingue.eu\/wp-content\/uploads\/2018\/03\/400dpiLogoCropped.png","width":800,"height":1167,"caption":"Congreso de Educaci\u00f3n Biling\u00fce"},"image":{"@id":"https:\/\/educacionbilingue.eu\/#\/schema\/logo\/image\/"}}]}},"_links":{"self":[{"href":"https:\/\/educacionbilingue.eu\/en\/wp-json\/wp\/v2\/pages\/2917","targetHints":{"allow":["GET"]}}],"collection":[{"href":"https:\/\/educacionbilingue.eu\/en\/wp-json\/wp\/v2\/pages"}],"about":[{"href":"https:\/\/educacionbilingue.eu\/en\/wp-json\/wp\/v2\/types\/page"}],"author":[{"embeddable":true,"href":"https:\/\/educacionbilingue.eu\/en\/wp-json\/wp\/v2\/users\/2"}],"replies":[{"embeddable":true,"href":"https:\/\/educacionbilingue.eu\/en\/wp-json\/wp\/v2\/comments?post=2917"}],"version-history":[{"count":1,"href":"https:\/\/educacionbilingue.eu\/en\/wp-json\/wp\/v2\/pages\/2917\/revisions"}],"predecessor-version":[{"id":3580,"href":"https:\/\/educacionbilingue.eu\/en\/wp-json\/wp\/v2\/pages\/2917\/revisions\/3580"}],"wp:attachment":[{"href":"https:\/\/educacionbilingue.eu\/en\/wp-json\/wp\/v2\/media?parent=2917"}],"curies":[{"name":"wp","href":"https:\/\/api.w.org\/{rel}","templated":true}]}}