{"id":2964,"date":"2021-07-23T12:03:02","date_gmt":"2021-07-23T12:03:02","guid":{"rendered":"https:\/\/educacionbilingue.eu\/?page_id=2964"},"modified":"2021-09-07T07:47:42","modified_gmt":"2021-09-07T07:47:42","slug":"dra-daniela-cecic-2021","status":"publish","type":"page","link":"https:\/\/educacionbilingue.eu\/en\/dra-daniela-cecic-2021\/","title":{"rendered":"2021 &#8211; Ponente Dra. Daniela Cecic Mladinic"},"content":{"rendered":"<p>[vc_row css_animation=&#8221;&#8221; row_type=&#8221;row&#8221; use_row_as_full_screen_section=&#8221;no&#8221; type=&#8221;full_width&#8221; angled_section=&#8221;no&#8221; text_align=&#8221;left&#8221; background_image_as_pattern=&#8221;without_pattern&#8221; el_class=&#8221;fondo-teja&#8221; css=&#8221;.vc_custom_1490630823443{margin-right: 5% !important;margin-left: 5% !important;padding-top: 75px !important;}&#8221;][vc_column][vc_column_text css=&#8221;.vc_custom_1630674581277{padding-bottom: 50px !important;}&#8221;][\/vc_column_text][vc_single_image image=&#8221;2981&#8243; img_size=&#8221;full&#8221; alignment=&#8221;center&#8221; qode_css_animation=&#8221;&#8221; css=&#8221;.vc_custom_1627041912056{padding-bottom: 50px !important;}&#8221;][vc_column_text css=&#8221;.vc_custom_1628158906599{padding-bottom: 50px !important;}&#8221;]<\/p>\n<p style=\"text-align: center;\"><span style=\"font-size: 32pt; color: #808080;\">PhD. <span style=\"font-weight: 400;\">Daniela Cecic Mladinic<\/span><\/span><\/p>\n<p>[\/vc_column_text][vc_column_text]<\/p>\n<p style=\"text-align: center;\"><span style=\"color: #a71f00;\">A brief CV<\/span><\/p>\n<p>&nbsp;<\/p>\n<p><span style=\"font-weight: 400;\">Daniela Cecic holds a Degree in English Language and Literature and is CELTA and FTBE qualified. She holds a Master in Educational Processes and Psycopedagogy (ULPGC) and has completed her PhD in teaching and learning foreign languages (ULPGC) in 2015. She has also been MacMillan CLIL and Trinity College of London teacher trainer and coach. Daniela has worked at the ULPGC as a teacher trainer for primary and secondary school pre- service teacher as well as in UNIDAM where she is Director of the Master in Bilingual Education programme. She has participated at several international conferences about education with topics related to language learning, methodology, CLIL and motivation. She has been the director of an online course offered by the ULPGC since 2013- titled Introduction to CLIL and in 2021 presented neurodidactics applied to bilingualism one. She has been a member of MONCLIL project funded by the Spanish Government and lead by the University of Jaen, Spain as well as of PlayingCLIL project collaborating in the writing of PlayingCLIL manual within a European project. Her last KA2 project was related to Pupil\u00b4s Health and well- being co- writing materials and lessons plans for primary, secondary and university teachers. Right now, she is participating in the Articulan European Project which aims to set up a framework for artistic projects to offer children in CLIL and refugee classes the opportunity to create art. She is also a teacher trainer in CLIL for Richmond Santillana and for Consejer\u00eda de Educaci\u00f3n, Universidades, Cultura y Deportes Direcci\u00f3n General de Ordenaci\u00f3n, Innovaci\u00f3n y Calidad, the Canary Islands.<\/span><\/p>\n<p>&nbsp;<\/p>\n<p style=\"text-align: center;\"><a href=\"\/programa-24-sep\/\"><span style=\"color: #a71f00;\">The case of Brains School: Adapting to and embracing the new reality<\/span><\/a><\/p>\n<p>&nbsp;<\/p>\n<p style=\"text-align: center;\"><a href=\"\/programa-24-sep\/\"><span style=\"color: #a71f00;\">The case of Brains School: Adapting to and embracing the new reality<\/span><\/a><\/p>\n<p>&nbsp;<\/p>\n<p><span style=\"font-weight: 400;\">Colegio Brains has its own Department of Pedagogical Innovation (DIP) that examines all the technological and methodological innovations for its implementation, giving curricular weight to the development of computational language. Teachers are creators of content and enhance the relationship that students making them protagonists of their own learning, getting them to think, believe and question themselves in a current and motivating way. Colegio Brains will implement a new teacher training program in technological aspects and in English on the MOOC Udemy platform in 2021, adapting to new learning times with courses in video format with interaction with students worldwide.<\/span>[\/vc_column_text][vc_empty_space][vc_empty_space][\/vc_column][\/vc_row]<\/p>\n","protected":false},"excerpt":{"rendered":"<p>[vc_row css_animation=&#8221;&#8221; row_type=&#8221;row&#8221; use_row_as_full_screen_section=&#8221;no&#8221; type=&#8221;full_width&#8221; angled_section=&#8221;no&#8221; text_align=&#8221;left&#8221; background_image_as_pattern=&#8221;without_pattern&#8221; el_class=&#8221;fondo-teja&#8221; css=&#8221;.vc_custom_1490630823443{margin-right: 5% !important;margin-left: 5% !important;padding-top: 75px !important;}&#8221;][vc_column][vc_column_text css=&#8221;.vc_custom_1630674581277{padding-bottom: 50px !important;}&#8221;][\/vc_column_text][vc_single_image image=&#8221;2981&#8243; img_size=&#8221;full&#8221; alignment=&#8221;center&#8221; qode_css_animation=&#8221;&#8221; css=&#8221;.vc_custom_1627041912056{padding-bottom: 50px !important;}&#8221;][vc_column_text css=&#8221;.vc_custom_1628158906599{padding-bottom: 50px !important;}&#8221;] PhD. Daniela Cecic Mladinic [\/vc_column_text][vc_column_text] A brief CV &nbsp; Daniela Cecic holds a Degree in English&#8230;<\/p>\n","protected":false},"author":2,"featured_media":0,"parent":0,"menu_order":0,"comment_status":"closed","ping_status":"closed","template":"tema-magister-2021.php","meta":{"footnotes":""},"class_list":["post-2964","page","type-page","status-publish","hentry"],"yoast_head":"<!-- This site is optimized with the Yoast SEO plugin v20.1 - https:\/\/yoast.com\/wordpress\/plugins\/seo\/ -->\n<title>2021 - Ponente Dra. Daniela Cecic Mladinic - V Blended Conference for Professionals in Bilingual and International Education<\/title>\n<meta name=\"robots\" content=\"index, follow, max-snippet:-1, max-image-preview:large, max-video-preview:-1\" \/>\n<link rel=\"canonical\" href=\"https:\/\/educacionbilingue.eu\/dra-daniela-cecic-2021\/\" \/>\n<meta property=\"og:locale\" content=\"en_US\" \/>\n<meta property=\"og:type\" content=\"article\" \/>\n<meta property=\"og:title\" content=\"2021 - Ponente Dra. Daniela Cecic Mladinic - V Blended Conference for Professionals in Bilingual and International Education\" \/>\n<meta property=\"og:description\" content=\"[vc_row css_animation=&#8221;&#8221; row_type=&#8221;row&#8221; use_row_as_full_screen_section=&#8221;no&#8221; type=&#8221;full_width&#8221; angled_section=&#8221;no&#8221; text_align=&#8221;left&#8221; background_image_as_pattern=&#8221;without_pattern&#8221; el_class=&#8221;fondo-teja&#8221; css=&#8221;.vc_custom_1490630823443{margin-right: 5% !important;margin-left: 5% !important;padding-top: 75px !important;}&#8221;][vc_column][vc_column_text css=&#8221;.vc_custom_1630674581277{padding-bottom: 50px !important;}&#8221;][\/vc_column_text][vc_single_image image=&#8221;2981&#8243; img_size=&#8221;full&#8221; alignment=&#8221;center&#8221; qode_css_animation=&#8221;&#8221; css=&#8221;.vc_custom_1627041912056{padding-bottom: 50px !important;}&#8221;][vc_column_text css=&#8221;.vc_custom_1628158906599{padding-bottom: 50px !important;}&#8221;] PhD. Daniela Cecic Mladinic [\/vc_column_text][vc_column_text] A brief CV &nbsp; Daniela Cecic holds a Degree in English...\" \/>\n<meta property=\"og:url\" content=\"https:\/\/educacionbilingue.eu\/dra-daniela-cecic-2021\/\" \/>\n<meta property=\"og:site_name\" content=\"V Blended Conference for Professionals in Bilingual and International Education\" \/>\n<meta property=\"article:modified_time\" content=\"2021-09-07T07:47:42+00:00\" \/>\n<meta property=\"og:image\" content=\"https:\/\/educacionbilingue.eu\/wp-content\/uploads\/2017\/04\/cropped-logo-web.png\" \/>\n\t<meta property=\"og:image:width\" content=\"512\" \/>\n\t<meta property=\"og:image:height\" content=\"512\" \/>\n\t<meta property=\"og:image:type\" content=\"image\/png\" \/>\n<meta name=\"twitter:card\" content=\"summary_large_image\" \/>\n<meta name=\"twitter:label1\" content=\"Est. reading time\" \/>\n\t<meta name=\"twitter:data1\" content=\"3 minutes\" \/>\n<script type=\"application\/ld+json\" class=\"yoast-schema-graph\">{\"@context\":\"https:\/\/schema.org\",\"@graph\":[{\"@type\":\"WebPage\",\"@id\":\"https:\/\/educacionbilingue.eu\/dra-daniela-cecic-2021\/\",\"url\":\"https:\/\/educacionbilingue.eu\/dra-daniela-cecic-2021\/\",\"name\":\"2021 - Ponente Dra. Daniela Cecic Mladinic - V Blended Conference for Professionals in Bilingual and International Education\",\"isPartOf\":{\"@id\":\"https:\/\/educacionbilingue.eu\/#website\"},\"datePublished\":\"2021-07-23T12:03:02+00:00\",\"dateModified\":\"2021-09-07T07:47:42+00:00\",\"breadcrumb\":{\"@id\":\"https:\/\/educacionbilingue.eu\/dra-daniela-cecic-2021\/#breadcrumb\"},\"inLanguage\":\"en-EN\",\"potentialAction\":[{\"@type\":\"ReadAction\",\"target\":[\"https:\/\/educacionbilingue.eu\/dra-daniela-cecic-2021\/\"]}]},{\"@type\":\"BreadcrumbList\",\"@id\":\"https:\/\/educacionbilingue.eu\/dra-daniela-cecic-2021\/#breadcrumb\",\"itemListElement\":[{\"@type\":\"ListItem\",\"position\":1,\"name\":\"V Congreso Semipresencial para Profesionales de la Educaci\u00f3n Biling\u00fce e Internacional\",\"item\":\"https:\/\/educacionbilingue.eu\/\"},{\"@type\":\"ListItem\",\"position\":2,\"name\":\"2021 &#8211; Ponente Dra. Daniela Cecic Mladinic\"}]},{\"@type\":\"WebSite\",\"@id\":\"https:\/\/educacionbilingue.eu\/#website\",\"url\":\"https:\/\/educacionbilingue.eu\/\",\"name\":\"V Blended Conference for Professionals in Bilingual and International Education\",\"description\":\"\",\"publisher\":{\"@id\":\"https:\/\/educacionbilingue.eu\/#organization\"},\"potentialAction\":[{\"@type\":\"SearchAction\",\"target\":{\"@type\":\"EntryPoint\",\"urlTemplate\":\"https:\/\/educacionbilingue.eu\/?s={search_term_string}\"},\"query-input\":\"required name=search_term_string\"}],\"inLanguage\":\"en-EN\"},{\"@type\":\"Organization\",\"@id\":\"https:\/\/educacionbilingue.eu\/#organization\",\"name\":\"Congreso de Educaci\u00f3n Biling\u00fce\",\"url\":\"https:\/\/educacionbilingue.eu\/\",\"logo\":{\"@type\":\"ImageObject\",\"inLanguage\":\"en-EN\",\"@id\":\"https:\/\/educacionbilingue.eu\/#\/schema\/logo\/image\/\",\"url\":\"https:\/\/educacionbilingue.eu\/wp-content\/uploads\/2018\/03\/400dpiLogoCropped.png\",\"contentUrl\":\"https:\/\/educacionbilingue.eu\/wp-content\/uploads\/2018\/03\/400dpiLogoCropped.png\",\"width\":800,\"height\":1167,\"caption\":\"Congreso de Educaci\u00f3n Biling\u00fce\"},\"image\":{\"@id\":\"https:\/\/educacionbilingue.eu\/#\/schema\/logo\/image\/\"}}]}<\/script>\n<!-- \/ Yoast SEO plugin. -->","yoast_head_json":{"title":"2021 - Ponente Dra. Daniela Cecic Mladinic - V Blended Conference for Professionals in Bilingual and International Education","robots":{"index":"index","follow":"follow","max-snippet":"max-snippet:-1","max-image-preview":"max-image-preview:large","max-video-preview":"max-video-preview:-1"},"canonical":"https:\/\/educacionbilingue.eu\/dra-daniela-cecic-2021\/","og_locale":"en_US","og_type":"article","og_title":"2021 - Ponente Dra. Daniela Cecic Mladinic - V Blended Conference for Professionals in Bilingual and International Education","og_description":"[vc_row css_animation=&#8221;&#8221; row_type=&#8221;row&#8221; use_row_as_full_screen_section=&#8221;no&#8221; type=&#8221;full_width&#8221; angled_section=&#8221;no&#8221; text_align=&#8221;left&#8221; background_image_as_pattern=&#8221;without_pattern&#8221; el_class=&#8221;fondo-teja&#8221; css=&#8221;.vc_custom_1490630823443{margin-right: 5% !important;margin-left: 5% !important;padding-top: 75px !important;}&#8221;][vc_column][vc_column_text css=&#8221;.vc_custom_1630674581277{padding-bottom: 50px !important;}&#8221;][\/vc_column_text][vc_single_image image=&#8221;2981&#8243; img_size=&#8221;full&#8221; alignment=&#8221;center&#8221; qode_css_animation=&#8221;&#8221; css=&#8221;.vc_custom_1627041912056{padding-bottom: 50px !important;}&#8221;][vc_column_text css=&#8221;.vc_custom_1628158906599{padding-bottom: 50px !important;}&#8221;] PhD. Daniela Cecic Mladinic [\/vc_column_text][vc_column_text] A brief CV &nbsp; Daniela Cecic holds a Degree in English...","og_url":"https:\/\/educacionbilingue.eu\/dra-daniela-cecic-2021\/","og_site_name":"V Blended Conference for Professionals in Bilingual and International Education","article_modified_time":"2021-09-07T07:47:42+00:00","og_image":[{"width":512,"height":512,"url":"https:\/\/educacionbilingue.eu\/wp-content\/uploads\/2017\/04\/cropped-logo-web.png","type":"image\/png"}],"twitter_card":"summary_large_image","twitter_misc":{"Est. reading time":"3 minutes"},"schema":{"@context":"https:\/\/schema.org","@graph":[{"@type":"WebPage","@id":"https:\/\/educacionbilingue.eu\/dra-daniela-cecic-2021\/","url":"https:\/\/educacionbilingue.eu\/dra-daniela-cecic-2021\/","name":"2021 - Ponente Dra. Daniela Cecic Mladinic - V Blended Conference for Professionals in Bilingual and International Education","isPartOf":{"@id":"https:\/\/educacionbilingue.eu\/#website"},"datePublished":"2021-07-23T12:03:02+00:00","dateModified":"2021-09-07T07:47:42+00:00","breadcrumb":{"@id":"https:\/\/educacionbilingue.eu\/dra-daniela-cecic-2021\/#breadcrumb"},"inLanguage":"en-EN","potentialAction":[{"@type":"ReadAction","target":["https:\/\/educacionbilingue.eu\/dra-daniela-cecic-2021\/"]}]},{"@type":"BreadcrumbList","@id":"https:\/\/educacionbilingue.eu\/dra-daniela-cecic-2021\/#breadcrumb","itemListElement":[{"@type":"ListItem","position":1,"name":"V Congreso Semipresencial para Profesionales de la Educaci\u00f3n Biling\u00fce e Internacional","item":"https:\/\/educacionbilingue.eu\/"},{"@type":"ListItem","position":2,"name":"2021 &#8211; Ponente Dra. Daniela Cecic Mladinic"}]},{"@type":"WebSite","@id":"https:\/\/educacionbilingue.eu\/#website","url":"https:\/\/educacionbilingue.eu\/","name":"V Blended Conference for Professionals in Bilingual and International Education","description":"","publisher":{"@id":"https:\/\/educacionbilingue.eu\/#organization"},"potentialAction":[{"@type":"SearchAction","target":{"@type":"EntryPoint","urlTemplate":"https:\/\/educacionbilingue.eu\/?s={search_term_string}"},"query-input":"required name=search_term_string"}],"inLanguage":"en-EN"},{"@type":"Organization","@id":"https:\/\/educacionbilingue.eu\/#organization","name":"Congreso de Educaci\u00f3n Biling\u00fce","url":"https:\/\/educacionbilingue.eu\/","logo":{"@type":"ImageObject","inLanguage":"en-EN","@id":"https:\/\/educacionbilingue.eu\/#\/schema\/logo\/image\/","url":"https:\/\/educacionbilingue.eu\/wp-content\/uploads\/2018\/03\/400dpiLogoCropped.png","contentUrl":"https:\/\/educacionbilingue.eu\/wp-content\/uploads\/2018\/03\/400dpiLogoCropped.png","width":800,"height":1167,"caption":"Congreso de Educaci\u00f3n Biling\u00fce"},"image":{"@id":"https:\/\/educacionbilingue.eu\/#\/schema\/logo\/image\/"}}]}},"_links":{"self":[{"href":"https:\/\/educacionbilingue.eu\/en\/wp-json\/wp\/v2\/pages\/2964","targetHints":{"allow":["GET"]}}],"collection":[{"href":"https:\/\/educacionbilingue.eu\/en\/wp-json\/wp\/v2\/pages"}],"about":[{"href":"https:\/\/educacionbilingue.eu\/en\/wp-json\/wp\/v2\/types\/page"}],"author":[{"embeddable":true,"href":"https:\/\/educacionbilingue.eu\/en\/wp-json\/wp\/v2\/users\/2"}],"replies":[{"embeddable":true,"href":"https:\/\/educacionbilingue.eu\/en\/wp-json\/wp\/v2\/comments?post=2964"}],"version-history":[{"count":8,"href":"https:\/\/educacionbilingue.eu\/en\/wp-json\/wp\/v2\/pages\/2964\/revisions"}],"predecessor-version":[{"id":3884,"href":"https:\/\/educacionbilingue.eu\/en\/wp-json\/wp\/v2\/pages\/2964\/revisions\/3884"}],"wp:attachment":[{"href":"https:\/\/educacionbilingue.eu\/en\/wp-json\/wp\/v2\/media?parent=2964"}],"curies":[{"name":"wp","href":"https:\/\/api.w.org\/{rel}","templated":true}]}}