{"id":2965,"date":"2021-07-23T12:06:05","date_gmt":"2021-07-23T12:06:05","guid":{"rendered":"https:\/\/educacionbilingue.eu\/?page_id=2965"},"modified":"2021-09-14T07:43:30","modified_gmt":"2021-09-14T07:43:30","slug":"dra-maria-luisa-perez-2021","status":"publish","type":"page","link":"https:\/\/educacionbilingue.eu\/en\/dra-maria-luisa-perez-2021\/","title":{"rendered":"2021 &#8211; Ponente Dra. Mar\u00eda Luisa P\u00e9rez Ca\u00f1ado"},"content":{"rendered":"<p>[vc_row css_animation=&#8221;&#8221; row_type=&#8221;row&#8221; use_row_as_full_screen_section=&#8221;no&#8221; type=&#8221;full_width&#8221; angled_section=&#8221;no&#8221; text_align=&#8221;left&#8221; background_image_as_pattern=&#8221;without_pattern&#8221; el_class=&#8221;fondo-teja&#8221; css=&#8221;.vc_custom_1490630823443{margin-right: 5% !important;margin-left: 5% !important;padding-top: 75px !important;}&#8221;][vc_column][vc_column_text css=&#8221;.vc_custom_1630674726006{padding-bottom: 50px !important;}&#8221;][\/vc_column_text][vc_single_image image=&#8221;2983&#8243; img_size=&#8221;full&#8221; alignment=&#8221;center&#8221; qode_css_animation=&#8221;&#8221; css=&#8221;.vc_custom_1628007452702{padding-bottom: 50px !important;}&#8221;][vc_column_text css=&#8221;.vc_custom_1631605394641{padding-bottom: 50px !important;}&#8221;]<\/p>\n<p style=\"text-align: center;\"><span style=\"font-size: 32pt; color: #808080;\">PhD. Mar\u00eda Luisa P\u00e9rez Ca\u00f1ado<\/span><\/p>\n<p>[\/vc_column_text][vc_column_text]<\/p>\n<p style=\"text-align: center;\"><span style=\"color: #a71f00;\">A brief CV<\/span><\/p>\n<p>&nbsp;<\/p>\n<p><span style=\"font-weight: 400;\">Dr. Mar\u00eda Luisa P\u00e9rez Ca\u00f1ado is Full Professor at the Department of English Philology of the University of J\u00e1en, Spain, where she is also Rector\u2019s Delegate for European Universities and Language Policy. Her work has appeared in over 100 scholarly journals and edited volumes and she is also author or editor of 15 books on the interface of second language acquisition and second language teaching, and editor or member of the editorial board of 18 international journals. Mar\u00eda Luisa has given more than 140 lectures and talks in Belgium, Poland, Germany, Portugal, Ireland, England, Mexico, Brazil, Peru, China, The United States, and all over Spain. She is currently coordinating the first intercollegiate MA degree on bilingual education and CLIL in Spain, as well as European, national, and regional projects on attention to diversity in CLIL. She has also been granted the Ben Massey Award for the quality of her scholarly contributions regarding issues that make a difference in higher education.<\/span><\/p>\n<p>&nbsp;<\/p>\n<p style=\"text-align: center;\"><a href=\"\/programa-24-sep\/\"><span style=\"color: #a71f00;\">CLIL for all: Reality or chimera?<\/span><\/a><\/p>\n<p>&nbsp;<\/p>\n<p><span style=\"font-weight: 400;\">This talk will focus on one of the most hotly debated issues affecting Content and Language Integrated Learning (CLIL) at present: diversity, inclusion, and elitism in bilingual programs. Through a variant of the game \u201c20 Questions\u201d, it will showcase fifteen of the most common queries which are at present being tossed back and forth on this front and will employ empirical evidence from the latest investigations on the topic (cf. www.adibeproject.com) to address them. It will also discuss the broader take-aways and the chief pedagogical implications which these findings have for the different stakeholders, and make available a broad array of materials, technological resources, and teacher development options to continue addressing the challenge of diversity in CLIL in the immediate future and to ensure CLIL for all increasingly moves from being a mere chimera to become a firmly embedded reality in our classrooms.<\/span>[\/vc_column_text][vc_empty_space][vc_empty_space][\/vc_column][\/vc_row]<\/p>\n","protected":false},"excerpt":{"rendered":"<p>[vc_row css_animation=&#8221;&#8221; row_type=&#8221;row&#8221; use_row_as_full_screen_section=&#8221;no&#8221; type=&#8221;full_width&#8221; angled_section=&#8221;no&#8221; text_align=&#8221;left&#8221; background_image_as_pattern=&#8221;without_pattern&#8221; el_class=&#8221;fondo-teja&#8221; css=&#8221;.vc_custom_1490630823443{margin-right: 5% !important;margin-left: 5% !important;padding-top: 75px !important;}&#8221;][vc_column][vc_column_text css=&#8221;.vc_custom_1630674726006{padding-bottom: 50px !important;}&#8221;][\/vc_column_text][vc_single_image image=&#8221;2983&#8243; img_size=&#8221;full&#8221; alignment=&#8221;center&#8221; qode_css_animation=&#8221;&#8221; css=&#8221;.vc_custom_1628007452702{padding-bottom: 50px !important;}&#8221;][vc_column_text css=&#8221;.vc_custom_1631605394641{padding-bottom: 50px !important;}&#8221;] PhD. Mar\u00eda Luisa P\u00e9rez Ca\u00f1ado [\/vc_column_text][vc_column_text] A brief CV &nbsp; Dr. Mar\u00eda Luisa P\u00e9rez Ca\u00f1ado is&#8230;<\/p>\n","protected":false},"author":2,"featured_media":0,"parent":0,"menu_order":0,"comment_status":"closed","ping_status":"closed","template":"tema-magister-2021.php","meta":{"footnotes":""},"class_list":["post-2965","page","type-page","status-publish","hentry"],"yoast_head":"<!-- This site is optimized with the Yoast SEO plugin v20.1 - https:\/\/yoast.com\/wordpress\/plugins\/seo\/ -->\n<title>2021 - Ponente Dra. Mar\u00eda Luisa P\u00e9rez Ca\u00f1ado - V Blended Conference for Professionals in Bilingual and International Education<\/title>\n<meta name=\"robots\" content=\"index, follow, max-snippet:-1, max-image-preview:large, max-video-preview:-1\" \/>\n<link rel=\"canonical\" href=\"https:\/\/educacionbilingue.eu\/dra-maria-luisa-perez-2021\/\" \/>\n<meta property=\"og:locale\" content=\"en_US\" \/>\n<meta property=\"og:type\" content=\"article\" \/>\n<meta property=\"og:title\" content=\"2021 - Ponente Dra. Mar\u00eda Luisa P\u00e9rez Ca\u00f1ado - V Blended Conference for Professionals in Bilingual and International Education\" \/>\n<meta property=\"og:description\" content=\"[vc_row css_animation=&#8221;&#8221; row_type=&#8221;row&#8221; use_row_as_full_screen_section=&#8221;no&#8221; type=&#8221;full_width&#8221; angled_section=&#8221;no&#8221; text_align=&#8221;left&#8221; background_image_as_pattern=&#8221;without_pattern&#8221; el_class=&#8221;fondo-teja&#8221; css=&#8221;.vc_custom_1490630823443{margin-right: 5% !important;margin-left: 5% !important;padding-top: 75px !important;}&#8221;][vc_column][vc_column_text css=&#8221;.vc_custom_1630674726006{padding-bottom: 50px !important;}&#8221;][\/vc_column_text][vc_single_image image=&#8221;2983&#8243; img_size=&#8221;full&#8221; alignment=&#8221;center&#8221; qode_css_animation=&#8221;&#8221; css=&#8221;.vc_custom_1628007452702{padding-bottom: 50px !important;}&#8221;][vc_column_text css=&#8221;.vc_custom_1631605394641{padding-bottom: 50px !important;}&#8221;] PhD. Mar\u00eda Luisa P\u00e9rez Ca\u00f1ado [\/vc_column_text][vc_column_text] A brief CV &nbsp; Dr. Mar\u00eda Luisa P\u00e9rez Ca\u00f1ado is...\" \/>\n<meta property=\"og:url\" content=\"https:\/\/educacionbilingue.eu\/dra-maria-luisa-perez-2021\/\" \/>\n<meta property=\"og:site_name\" content=\"V Blended Conference for Professionals in Bilingual and International Education\" \/>\n<meta property=\"article:modified_time\" content=\"2021-09-14T07:43:30+00:00\" \/>\n<meta property=\"og:image\" content=\"https:\/\/educacionbilingue.eu\/wp-content\/uploads\/2017\/04\/cropped-logo-web.png\" \/>\n\t<meta property=\"og:image:width\" content=\"512\" \/>\n\t<meta property=\"og:image:height\" content=\"512\" \/>\n\t<meta property=\"og:image:type\" content=\"image\/png\" \/>\n<meta name=\"twitter:card\" content=\"summary_large_image\" \/>\n<meta name=\"twitter:label1\" content=\"Est. reading time\" \/>\n\t<meta name=\"twitter:data1\" content=\"2 minutes\" \/>\n<script type=\"application\/ld+json\" class=\"yoast-schema-graph\">{\"@context\":\"https:\/\/schema.org\",\"@graph\":[{\"@type\":\"WebPage\",\"@id\":\"https:\/\/educacionbilingue.eu\/dra-maria-luisa-perez-2021\/\",\"url\":\"https:\/\/educacionbilingue.eu\/dra-maria-luisa-perez-2021\/\",\"name\":\"2021 - Ponente Dra. Mar\u00eda Luisa P\u00e9rez Ca\u00f1ado - V Blended Conference for Professionals in Bilingual and International Education\",\"isPartOf\":{\"@id\":\"https:\/\/educacionbilingue.eu\/#website\"},\"datePublished\":\"2021-07-23T12:06:05+00:00\",\"dateModified\":\"2021-09-14T07:43:30+00:00\",\"breadcrumb\":{\"@id\":\"https:\/\/educacionbilingue.eu\/dra-maria-luisa-perez-2021\/#breadcrumb\"},\"inLanguage\":\"en-EN\",\"potentialAction\":[{\"@type\":\"ReadAction\",\"target\":[\"https:\/\/educacionbilingue.eu\/dra-maria-luisa-perez-2021\/\"]}]},{\"@type\":\"BreadcrumbList\",\"@id\":\"https:\/\/educacionbilingue.eu\/dra-maria-luisa-perez-2021\/#breadcrumb\",\"itemListElement\":[{\"@type\":\"ListItem\",\"position\":1,\"name\":\"V Congreso Semipresencial para Profesionales de la Educaci\u00f3n Biling\u00fce e Internacional\",\"item\":\"https:\/\/educacionbilingue.eu\/\"},{\"@type\":\"ListItem\",\"position\":2,\"name\":\"2021 &#8211; Ponente Dra. Mar\u00eda Luisa P\u00e9rez Ca\u00f1ado\"}]},{\"@type\":\"WebSite\",\"@id\":\"https:\/\/educacionbilingue.eu\/#website\",\"url\":\"https:\/\/educacionbilingue.eu\/\",\"name\":\"V Blended Conference for Professionals in Bilingual and International Education\",\"description\":\"\",\"publisher\":{\"@id\":\"https:\/\/educacionbilingue.eu\/#organization\"},\"potentialAction\":[{\"@type\":\"SearchAction\",\"target\":{\"@type\":\"EntryPoint\",\"urlTemplate\":\"https:\/\/educacionbilingue.eu\/?s={search_term_string}\"},\"query-input\":\"required name=search_term_string\"}],\"inLanguage\":\"en-EN\"},{\"@type\":\"Organization\",\"@id\":\"https:\/\/educacionbilingue.eu\/#organization\",\"name\":\"Congreso de Educaci\u00f3n Biling\u00fce\",\"url\":\"https:\/\/educacionbilingue.eu\/\",\"logo\":{\"@type\":\"ImageObject\",\"inLanguage\":\"en-EN\",\"@id\":\"https:\/\/educacionbilingue.eu\/#\/schema\/logo\/image\/\",\"url\":\"https:\/\/educacionbilingue.eu\/wp-content\/uploads\/2018\/03\/400dpiLogoCropped.png\",\"contentUrl\":\"https:\/\/educacionbilingue.eu\/wp-content\/uploads\/2018\/03\/400dpiLogoCropped.png\",\"width\":800,\"height\":1167,\"caption\":\"Congreso de Educaci\u00f3n Biling\u00fce\"},\"image\":{\"@id\":\"https:\/\/educacionbilingue.eu\/#\/schema\/logo\/image\/\"}}]}<\/script>\n<!-- \/ Yoast SEO plugin. -->","yoast_head_json":{"title":"2021 - Ponente Dra. Mar\u00eda Luisa P\u00e9rez Ca\u00f1ado - V Blended Conference for Professionals in Bilingual and International Education","robots":{"index":"index","follow":"follow","max-snippet":"max-snippet:-1","max-image-preview":"max-image-preview:large","max-video-preview":"max-video-preview:-1"},"canonical":"https:\/\/educacionbilingue.eu\/dra-maria-luisa-perez-2021\/","og_locale":"en_US","og_type":"article","og_title":"2021 - Ponente Dra. Mar\u00eda Luisa P\u00e9rez Ca\u00f1ado - V Blended Conference for Professionals in Bilingual and International Education","og_description":"[vc_row css_animation=&#8221;&#8221; row_type=&#8221;row&#8221; use_row_as_full_screen_section=&#8221;no&#8221; type=&#8221;full_width&#8221; angled_section=&#8221;no&#8221; text_align=&#8221;left&#8221; background_image_as_pattern=&#8221;without_pattern&#8221; el_class=&#8221;fondo-teja&#8221; css=&#8221;.vc_custom_1490630823443{margin-right: 5% !important;margin-left: 5% !important;padding-top: 75px !important;}&#8221;][vc_column][vc_column_text css=&#8221;.vc_custom_1630674726006{padding-bottom: 50px !important;}&#8221;][\/vc_column_text][vc_single_image image=&#8221;2983&#8243; img_size=&#8221;full&#8221; alignment=&#8221;center&#8221; qode_css_animation=&#8221;&#8221; css=&#8221;.vc_custom_1628007452702{padding-bottom: 50px !important;}&#8221;][vc_column_text css=&#8221;.vc_custom_1631605394641{padding-bottom: 50px !important;}&#8221;] PhD. Mar\u00eda Luisa P\u00e9rez Ca\u00f1ado [\/vc_column_text][vc_column_text] A brief CV &nbsp; Dr. Mar\u00eda Luisa P\u00e9rez Ca\u00f1ado is...","og_url":"https:\/\/educacionbilingue.eu\/dra-maria-luisa-perez-2021\/","og_site_name":"V Blended Conference for Professionals in Bilingual and International Education","article_modified_time":"2021-09-14T07:43:30+00:00","og_image":[{"width":512,"height":512,"url":"https:\/\/educacionbilingue.eu\/wp-content\/uploads\/2017\/04\/cropped-logo-web.png","type":"image\/png"}],"twitter_card":"summary_large_image","twitter_misc":{"Est. reading time":"2 minutes"},"schema":{"@context":"https:\/\/schema.org","@graph":[{"@type":"WebPage","@id":"https:\/\/educacionbilingue.eu\/dra-maria-luisa-perez-2021\/","url":"https:\/\/educacionbilingue.eu\/dra-maria-luisa-perez-2021\/","name":"2021 - Ponente Dra. Mar\u00eda Luisa P\u00e9rez Ca\u00f1ado - V Blended Conference for Professionals in Bilingual and International Education","isPartOf":{"@id":"https:\/\/educacionbilingue.eu\/#website"},"datePublished":"2021-07-23T12:06:05+00:00","dateModified":"2021-09-14T07:43:30+00:00","breadcrumb":{"@id":"https:\/\/educacionbilingue.eu\/dra-maria-luisa-perez-2021\/#breadcrumb"},"inLanguage":"en-EN","potentialAction":[{"@type":"ReadAction","target":["https:\/\/educacionbilingue.eu\/dra-maria-luisa-perez-2021\/"]}]},{"@type":"BreadcrumbList","@id":"https:\/\/educacionbilingue.eu\/dra-maria-luisa-perez-2021\/#breadcrumb","itemListElement":[{"@type":"ListItem","position":1,"name":"V Congreso Semipresencial para Profesionales de la Educaci\u00f3n Biling\u00fce e Internacional","item":"https:\/\/educacionbilingue.eu\/"},{"@type":"ListItem","position":2,"name":"2021 &#8211; Ponente Dra. Mar\u00eda Luisa P\u00e9rez Ca\u00f1ado"}]},{"@type":"WebSite","@id":"https:\/\/educacionbilingue.eu\/#website","url":"https:\/\/educacionbilingue.eu\/","name":"V Blended Conference for Professionals in Bilingual and International Education","description":"","publisher":{"@id":"https:\/\/educacionbilingue.eu\/#organization"},"potentialAction":[{"@type":"SearchAction","target":{"@type":"EntryPoint","urlTemplate":"https:\/\/educacionbilingue.eu\/?s={search_term_string}"},"query-input":"required name=search_term_string"}],"inLanguage":"en-EN"},{"@type":"Organization","@id":"https:\/\/educacionbilingue.eu\/#organization","name":"Congreso de Educaci\u00f3n Biling\u00fce","url":"https:\/\/educacionbilingue.eu\/","logo":{"@type":"ImageObject","inLanguage":"en-EN","@id":"https:\/\/educacionbilingue.eu\/#\/schema\/logo\/image\/","url":"https:\/\/educacionbilingue.eu\/wp-content\/uploads\/2018\/03\/400dpiLogoCropped.png","contentUrl":"https:\/\/educacionbilingue.eu\/wp-content\/uploads\/2018\/03\/400dpiLogoCropped.png","width":800,"height":1167,"caption":"Congreso de Educaci\u00f3n Biling\u00fce"},"image":{"@id":"https:\/\/educacionbilingue.eu\/#\/schema\/logo\/image\/"}}]}},"_links":{"self":[{"href":"https:\/\/educacionbilingue.eu\/en\/wp-json\/wp\/v2\/pages\/2965","targetHints":{"allow":["GET"]}}],"collection":[{"href":"https:\/\/educacionbilingue.eu\/en\/wp-json\/wp\/v2\/pages"}],"about":[{"href":"https:\/\/educacionbilingue.eu\/en\/wp-json\/wp\/v2\/types\/page"}],"author":[{"embeddable":true,"href":"https:\/\/educacionbilingue.eu\/en\/wp-json\/wp\/v2\/users\/2"}],"replies":[{"embeddable":true,"href":"https:\/\/educacionbilingue.eu\/en\/wp-json\/wp\/v2\/comments?post=2965"}],"version-history":[{"count":9,"href":"https:\/\/educacionbilingue.eu\/en\/wp-json\/wp\/v2\/pages\/2965\/revisions"}],"predecessor-version":[{"id":3952,"href":"https:\/\/educacionbilingue.eu\/en\/wp-json\/wp\/v2\/pages\/2965\/revisions\/3952"}],"wp:attachment":[{"href":"https:\/\/educacionbilingue.eu\/en\/wp-json\/wp\/v2\/media?parent=2965"}],"curies":[{"name":"wp","href":"https:\/\/api.w.org\/{rel}","templated":true}]}}