{"id":2970,"date":"2021-07-23T12:23:08","date_gmt":"2021-07-23T12:23:08","guid":{"rendered":"https:\/\/educacionbilingue.eu\/?page_id=2970"},"modified":"2021-09-03T13:14:27","modified_gmt":"2021-09-03T13:14:27","slug":"dra-maria-martinez-2021","status":"publish","type":"page","link":"https:\/\/educacionbilingue.eu\/en\/dra-maria-martinez-2021\/","title":{"rendered":"2021 &#8211; Ponente Dra. Mar\u00eda Mart\u00ednez-Adri\u00e1n"},"content":{"rendered":"<p>[vc_row css_animation=&#8221;&#8221; row_type=&#8221;row&#8221; use_row_as_full_screen_section=&#8221;no&#8221; type=&#8221;full_width&#8221; angled_section=&#8221;no&#8221; text_align=&#8221;left&#8221; background_image_as_pattern=&#8221;without_pattern&#8221; el_class=&#8221;fondo-teja&#8221; css=&#8221;.vc_custom_1490630823443{margin-right: 5% !important;margin-left: 5% !important;padding-top: 75px !important;}&#8221;][vc_column][vc_column_text css=&#8221;.vc_custom_1630674849804{padding-bottom: 50px !important;}&#8221;][\/vc_column_text][vc_single_image image=&#8221;2998&#8243; img_size=&#8221;full&#8221; alignment=&#8221;center&#8221; qode_css_animation=&#8221;&#8221; css=&#8221;.vc_custom_1627043117183{padding-bottom: 50px !important;}&#8221;][vc_column_text css=&#8221;.vc_custom_1628160470157{padding-bottom: 50px !important;}&#8221;]<\/p>\n<p style=\"text-align: center;\"><span style=\"font-size: 32pt; color: #808080;\">PhD. Mar\u00eda Mart\u00ednez-Adri\u00e1n<\/span><\/p>\n<p>[\/vc_column_text][vc_column_text]<\/p>\n<p style=\"text-align: center;\"><span style=\"color: #a71f00;\">A brief CV<\/span><\/p>\n<p>&nbsp;<\/p>\n<p><span style=\"font-weight: 400;\">Dr. Mart\u00ednez-Adri\u00e1n is an Associate Professor at the UPV\/EHU where she received her PhD in 2006.<\/span> <span style=\"font-weight: 400;\">She has been a visiting scholar at the University of Freiburg and at the University of Iowa. Her current\u00a0teaching involves undergraduate and graduate courses\u00a0in English language and\u00a0linguistics.\u00a0\u00a0 She is a member of the Language and Speech research group, highlighted by the Basque Government for excellence\u00a0in research. She has two six-year research periods granted by the National Committee for the Evaluation of Research Activity (CNEAI). Her publications have primarily focused on cross-linguistic\u00a0influence in L2 and L3 acquisition, the acquisition of\u00a0morpho-syntactic features in CLIL and\u00a0\u00a0NON-CLIL settings, the acquisition of productive and receptive\u00a0\u00a0vocabulary, the use of\u00a0\u00a0communication strategies, and interaction and focus on form. She has coedited two volumes published by Springer and John Benjamins (Spanish Association of Applied\u00a0Linguistics award 2014) and a special issue of the International Journal of Bilingual Education and Bilingualism. Her work has appeared in books published by\u00a0Springer and Multilingual Matters, as well as in journals such as, Revista Espa\u00f1ola de Ling\u00fc\u00edstica Aplicada,\u00a0 Vigo International Journal of Applied Linguistics, International Journal of English Studies, ITL International Journal of Applied Linguistics , Journal of Immersion and Content-Based Language Education , Language Teaching Research, European Journal of Applied Linguistics, International Review of Applied Linguistics in Language Teaching, International Journal of Applied Linguistics, Studies in Second Language Learning and Teaching, among others (see <\/span><a href=\"http:\/\/www.laslab.org\/maria\"><span style=\"font-weight: 400;\">www.laslab.org\/maria<\/span><\/a><span style=\"font-weight: 400;\">). She has presented her work at national and international conferences (ISB, L3 conference, EUROSLA, AILA, AESLA, AEDEAN).<\/span><\/p>\n<p><span style=\"font-weight: 400;\">At present, she is the Academic Secretary<\/span><span style=\"font-weight: 400;\"> o<\/span><span style=\"font-weight: 400;\">f the Department of English, German and Translation and Interpretation Studies, an assessor for the Spanish State Research Agency and a member of the AESLA Scientific Committee.<\/span><\/p>\n<p>&nbsp;<\/p>\n<p style=\"text-align: center;\"><span style=\"color: #a71f00;\">Modalidad de la tarea y atenci\u00f3n a la forma en j\u00f3venes aprendices de ingl\u00e9s como lengua extranjera en contexto AICLE<\/span><\/p>\n<p>&nbsp;<\/p>\n<p><span style=\"font-weight: 400;\">This talk aims to carry out a brief review of the empirical evidence obtained to date on the use of collaborative tasks, in their oral and written modalities, to attend the formal aspects of the language in the case of young learners being very recently explored in Second Language Acquisition studies in the context of English as a Foreign Language (Garc\u00eda Mayo, 2017; Nikolov, 2009; Pinter, 2007; Shintani, 2014). Specifically, there is a pressing need for studies that explore young learners given the differences that exist in their approach to language learning with respect to adults (Oliver and Azkarai, 2017) and also taking into account that it is about providing this population of the best learning opportunities (Enever, 2018; Garc\u00eda Mayo, 2017, 2021).<\/span><\/p>\n<p><span style=\"font-weight: 400;\">Firstly, we will justify the need to incorporate components of attention to form in CLIL classes in light of the existing empirical evidence regarding the acquisition of specific features of the language (ie Fern\u00e1ndez-Pena &amp; Gallardo-del- Puerto, 2021; Garc\u00eda Mayo &amp; Villareal Olaizola, 2010; Guti\u00e9rrez-Mangado &amp; Mart\u00ednez-Adri\u00e1n, 2018; L\u00e1zaro Ibarrola, 2012; Mart\u00ednez-Adri\u00e1n &amp; Guti\u00e9rrez-Mangado, 2009, 2015ab; Vraciu, 2020).<\/span><\/p>\n<p><span style=\"font-weight: 400;\">Secondly, we will focus on the use of collaborative tasks for the attention to formal aspects measured through the Language Related Episodes (ERLs), which have been defined as those moments in which the learners speak of the language, they are using, their use is questioned or they correct or self-correct (Swain &amp; Lapkin, 1998) while carrying out these tasks. Specifically, we will review recent studies carried out with fifth and sixth grade children in a CLIL context framed in an interactionist and sociocultural approach. These studies have revolved around the impact of the task modality on the production, nature, resolution and incorporation of ERLs in the final products of oral and written tasks (Gallardo-del-Puerto &amp; Mart\u00ednez-Adri\u00e1n, in press; Garc\u00eda Mayo &amp; Imaz Agirre, 2019; Guti\u00e9rrez-Mangado &amp; Basterrechea, forthcoming; Mart\u00ednez-Adri\u00e1n &amp; Gallardo-del-Puerto, forthcoming)<\/span><\/p>\n<p><span style=\"font-weight: 400;\">We will also refer to research that has addressed the factors that can interact with the task modality, such as the type of pairing, the dynamics of the couple&#8217;s interaction, the use of the first languages \u200b\u200bduring the interaction or the attitudes of the participants towards the task (Basterrechea &amp; Gallardo-del-Puerto, 2020; Gallardo-del-Puerto &amp; Basterrechea, in press; Mart\u00ednez-Adri\u00e1n &amp; Arratibel-Irazusta, 2020; Mart\u00ednez-Adri\u00e1n &amp; Guti\u00e9rrez-Mangado, in press).<\/span><\/p>\n<p><span style=\"font-weight: 400;\">We will end with a series of pedagogical implications that can be derived from the research carried out and future lines of research aimed at exploring other pedagogical interventions aimed at enhancing the formal aspects of the language.<\/span>[\/vc_column_text][vc_empty_space][vc_empty_space][\/vc_column][\/vc_row]<\/p>\n","protected":false},"excerpt":{"rendered":"<p>[vc_row css_animation=&#8221;&#8221; row_type=&#8221;row&#8221; use_row_as_full_screen_section=&#8221;no&#8221; type=&#8221;full_width&#8221; angled_section=&#8221;no&#8221; text_align=&#8221;left&#8221; background_image_as_pattern=&#8221;without_pattern&#8221; el_class=&#8221;fondo-teja&#8221; css=&#8221;.vc_custom_1490630823443{margin-right: 5% !important;margin-left: 5% !important;padding-top: 75px !important;}&#8221;][vc_column][vc_column_text css=&#8221;.vc_custom_1630674849804{padding-bottom: 50px !important;}&#8221;][\/vc_column_text][vc_single_image image=&#8221;2998&#8243; img_size=&#8221;full&#8221; alignment=&#8221;center&#8221; qode_css_animation=&#8221;&#8221; css=&#8221;.vc_custom_1627043117183{padding-bottom: 50px !important;}&#8221;][vc_column_text css=&#8221;.vc_custom_1628160470157{padding-bottom: 50px !important;}&#8221;] PhD. Mar\u00eda Mart\u00ednez-Adri\u00e1n [\/vc_column_text][vc_column_text] A brief CV &nbsp; Dr. Mart\u00ednez-Adri\u00e1n is an Associate Professor at the&#8230;<\/p>\n","protected":false},"author":2,"featured_media":0,"parent":0,"menu_order":0,"comment_status":"closed","ping_status":"closed","template":"tema-magister-2021.php","meta":{"footnotes":""},"class_list":["post-2970","page","type-page","status-publish","hentry"],"yoast_head":"<!-- This site is optimized with the Yoast SEO plugin v20.1 - https:\/\/yoast.com\/wordpress\/plugins\/seo\/ -->\n<title>2021 - Ponente Dra. Mar\u00eda Mart\u00ednez-Adri\u00e1n - V Blended Conference for Professionals in Bilingual and International Education<\/title>\n<meta name=\"robots\" content=\"index, follow, max-snippet:-1, max-image-preview:large, max-video-preview:-1\" \/>\n<link rel=\"canonical\" href=\"https:\/\/educacionbilingue.eu\/dra-maria-martinez-2021\/\" \/>\n<meta property=\"og:locale\" content=\"en_US\" \/>\n<meta property=\"og:type\" content=\"article\" \/>\n<meta property=\"og:title\" content=\"2021 - Ponente Dra. Mar\u00eda Mart\u00ednez-Adri\u00e1n - V Blended Conference for Professionals in Bilingual and International Education\" \/>\n<meta property=\"og:description\" content=\"[vc_row css_animation=&#8221;&#8221; row_type=&#8221;row&#8221; use_row_as_full_screen_section=&#8221;no&#8221; type=&#8221;full_width&#8221; angled_section=&#8221;no&#8221; text_align=&#8221;left&#8221; background_image_as_pattern=&#8221;without_pattern&#8221; el_class=&#8221;fondo-teja&#8221; css=&#8221;.vc_custom_1490630823443{margin-right: 5% !important;margin-left: 5% !important;padding-top: 75px !important;}&#8221;][vc_column][vc_column_text css=&#8221;.vc_custom_1630674849804{padding-bottom: 50px !important;}&#8221;][\/vc_column_text][vc_single_image image=&#8221;2998&#8243; img_size=&#8221;full&#8221; alignment=&#8221;center&#8221; qode_css_animation=&#8221;&#8221; css=&#8221;.vc_custom_1627043117183{padding-bottom: 50px !important;}&#8221;][vc_column_text css=&#8221;.vc_custom_1628160470157{padding-bottom: 50px !important;}&#8221;] PhD. Mar\u00eda Mart\u00ednez-Adri\u00e1n [\/vc_column_text][vc_column_text] A brief CV &nbsp; Dr. Mart\u00ednez-Adri\u00e1n is an Associate Professor at the...\" \/>\n<meta property=\"og:url\" content=\"https:\/\/educacionbilingue.eu\/dra-maria-martinez-2021\/\" \/>\n<meta property=\"og:site_name\" content=\"V Blended Conference for Professionals in Bilingual and International Education\" \/>\n<meta property=\"article:modified_time\" content=\"2021-09-03T13:14:27+00:00\" \/>\n<meta property=\"og:image\" content=\"https:\/\/educacionbilingue.eu\/wp-content\/uploads\/2017\/04\/cropped-logo-web.png\" \/>\n\t<meta property=\"og:image:width\" content=\"512\" \/>\n\t<meta property=\"og:image:height\" content=\"512\" \/>\n\t<meta property=\"og:image:type\" content=\"image\/png\" \/>\n<meta name=\"twitter:card\" content=\"summary_large_image\" \/>\n<meta name=\"twitter:label1\" content=\"Est. reading time\" \/>\n\t<meta name=\"twitter:data1\" content=\"4 minutes\" \/>\n<script type=\"application\/ld+json\" class=\"yoast-schema-graph\">{\"@context\":\"https:\/\/schema.org\",\"@graph\":[{\"@type\":\"WebPage\",\"@id\":\"https:\/\/educacionbilingue.eu\/dra-maria-martinez-2021\/\",\"url\":\"https:\/\/educacionbilingue.eu\/dra-maria-martinez-2021\/\",\"name\":\"2021 - Ponente Dra. Mar\u00eda Mart\u00ednez-Adri\u00e1n - V Blended Conference for Professionals in Bilingual and International Education\",\"isPartOf\":{\"@id\":\"https:\/\/educacionbilingue.eu\/#website\"},\"datePublished\":\"2021-07-23T12:23:08+00:00\",\"dateModified\":\"2021-09-03T13:14:27+00:00\",\"breadcrumb\":{\"@id\":\"https:\/\/educacionbilingue.eu\/dra-maria-martinez-2021\/#breadcrumb\"},\"inLanguage\":\"en-EN\",\"potentialAction\":[{\"@type\":\"ReadAction\",\"target\":[\"https:\/\/educacionbilingue.eu\/dra-maria-martinez-2021\/\"]}]},{\"@type\":\"BreadcrumbList\",\"@id\":\"https:\/\/educacionbilingue.eu\/dra-maria-martinez-2021\/#breadcrumb\",\"itemListElement\":[{\"@type\":\"ListItem\",\"position\":1,\"name\":\"V Congreso Semipresencial para Profesionales de la Educaci\u00f3n Biling\u00fce e Internacional\",\"item\":\"https:\/\/educacionbilingue.eu\/\"},{\"@type\":\"ListItem\",\"position\":2,\"name\":\"2021 &#8211; Ponente Dra. Mar\u00eda Mart\u00ednez-Adri\u00e1n\"}]},{\"@type\":\"WebSite\",\"@id\":\"https:\/\/educacionbilingue.eu\/#website\",\"url\":\"https:\/\/educacionbilingue.eu\/\",\"name\":\"V Blended Conference for Professionals in Bilingual and International Education\",\"description\":\"\",\"publisher\":{\"@id\":\"https:\/\/educacionbilingue.eu\/#organization\"},\"potentialAction\":[{\"@type\":\"SearchAction\",\"target\":{\"@type\":\"EntryPoint\",\"urlTemplate\":\"https:\/\/educacionbilingue.eu\/?s={search_term_string}\"},\"query-input\":\"required name=search_term_string\"}],\"inLanguage\":\"en-EN\"},{\"@type\":\"Organization\",\"@id\":\"https:\/\/educacionbilingue.eu\/#organization\",\"name\":\"Congreso de Educaci\u00f3n Biling\u00fce\",\"url\":\"https:\/\/educacionbilingue.eu\/\",\"logo\":{\"@type\":\"ImageObject\",\"inLanguage\":\"en-EN\",\"@id\":\"https:\/\/educacionbilingue.eu\/#\/schema\/logo\/image\/\",\"url\":\"https:\/\/educacionbilingue.eu\/wp-content\/uploads\/2018\/03\/400dpiLogoCropped.png\",\"contentUrl\":\"https:\/\/educacionbilingue.eu\/wp-content\/uploads\/2018\/03\/400dpiLogoCropped.png\",\"width\":800,\"height\":1167,\"caption\":\"Congreso de Educaci\u00f3n Biling\u00fce\"},\"image\":{\"@id\":\"https:\/\/educacionbilingue.eu\/#\/schema\/logo\/image\/\"}}]}<\/script>\n<!-- \/ Yoast SEO plugin. -->","yoast_head_json":{"title":"2021 - Ponente Dra. Mar\u00eda Mart\u00ednez-Adri\u00e1n - V Blended Conference for Professionals in Bilingual and International Education","robots":{"index":"index","follow":"follow","max-snippet":"max-snippet:-1","max-image-preview":"max-image-preview:large","max-video-preview":"max-video-preview:-1"},"canonical":"https:\/\/educacionbilingue.eu\/dra-maria-martinez-2021\/","og_locale":"en_US","og_type":"article","og_title":"2021 - Ponente Dra. Mar\u00eda Mart\u00ednez-Adri\u00e1n - V Blended Conference for Professionals in Bilingual and International Education","og_description":"[vc_row css_animation=&#8221;&#8221; row_type=&#8221;row&#8221; use_row_as_full_screen_section=&#8221;no&#8221; type=&#8221;full_width&#8221; angled_section=&#8221;no&#8221; text_align=&#8221;left&#8221; background_image_as_pattern=&#8221;without_pattern&#8221; el_class=&#8221;fondo-teja&#8221; css=&#8221;.vc_custom_1490630823443{margin-right: 5% !important;margin-left: 5% !important;padding-top: 75px !important;}&#8221;][vc_column][vc_column_text css=&#8221;.vc_custom_1630674849804{padding-bottom: 50px !important;}&#8221;][\/vc_column_text][vc_single_image image=&#8221;2998&#8243; img_size=&#8221;full&#8221; alignment=&#8221;center&#8221; qode_css_animation=&#8221;&#8221; css=&#8221;.vc_custom_1627043117183{padding-bottom: 50px !important;}&#8221;][vc_column_text css=&#8221;.vc_custom_1628160470157{padding-bottom: 50px !important;}&#8221;] PhD. Mar\u00eda Mart\u00ednez-Adri\u00e1n [\/vc_column_text][vc_column_text] A brief CV &nbsp; Dr. Mart\u00ednez-Adri\u00e1n is an Associate Professor at the...","og_url":"https:\/\/educacionbilingue.eu\/dra-maria-martinez-2021\/","og_site_name":"V Blended Conference for Professionals in Bilingual and International Education","article_modified_time":"2021-09-03T13:14:27+00:00","og_image":[{"width":512,"height":512,"url":"https:\/\/educacionbilingue.eu\/wp-content\/uploads\/2017\/04\/cropped-logo-web.png","type":"image\/png"}],"twitter_card":"summary_large_image","twitter_misc":{"Est. reading time":"4 minutes"},"schema":{"@context":"https:\/\/schema.org","@graph":[{"@type":"WebPage","@id":"https:\/\/educacionbilingue.eu\/dra-maria-martinez-2021\/","url":"https:\/\/educacionbilingue.eu\/dra-maria-martinez-2021\/","name":"2021 - Ponente Dra. Mar\u00eda Mart\u00ednez-Adri\u00e1n - V Blended Conference for Professionals in Bilingual and International Education","isPartOf":{"@id":"https:\/\/educacionbilingue.eu\/#website"},"datePublished":"2021-07-23T12:23:08+00:00","dateModified":"2021-09-03T13:14:27+00:00","breadcrumb":{"@id":"https:\/\/educacionbilingue.eu\/dra-maria-martinez-2021\/#breadcrumb"},"inLanguage":"en-EN","potentialAction":[{"@type":"ReadAction","target":["https:\/\/educacionbilingue.eu\/dra-maria-martinez-2021\/"]}]},{"@type":"BreadcrumbList","@id":"https:\/\/educacionbilingue.eu\/dra-maria-martinez-2021\/#breadcrumb","itemListElement":[{"@type":"ListItem","position":1,"name":"V Congreso Semipresencial para Profesionales de la Educaci\u00f3n Biling\u00fce e Internacional","item":"https:\/\/educacionbilingue.eu\/"},{"@type":"ListItem","position":2,"name":"2021 &#8211; Ponente Dra. Mar\u00eda Mart\u00ednez-Adri\u00e1n"}]},{"@type":"WebSite","@id":"https:\/\/educacionbilingue.eu\/#website","url":"https:\/\/educacionbilingue.eu\/","name":"V Blended Conference for Professionals in Bilingual and International Education","description":"","publisher":{"@id":"https:\/\/educacionbilingue.eu\/#organization"},"potentialAction":[{"@type":"SearchAction","target":{"@type":"EntryPoint","urlTemplate":"https:\/\/educacionbilingue.eu\/?s={search_term_string}"},"query-input":"required name=search_term_string"}],"inLanguage":"en-EN"},{"@type":"Organization","@id":"https:\/\/educacionbilingue.eu\/#organization","name":"Congreso de Educaci\u00f3n Biling\u00fce","url":"https:\/\/educacionbilingue.eu\/","logo":{"@type":"ImageObject","inLanguage":"en-EN","@id":"https:\/\/educacionbilingue.eu\/#\/schema\/logo\/image\/","url":"https:\/\/educacionbilingue.eu\/wp-content\/uploads\/2018\/03\/400dpiLogoCropped.png","contentUrl":"https:\/\/educacionbilingue.eu\/wp-content\/uploads\/2018\/03\/400dpiLogoCropped.png","width":800,"height":1167,"caption":"Congreso de Educaci\u00f3n Biling\u00fce"},"image":{"@id":"https:\/\/educacionbilingue.eu\/#\/schema\/logo\/image\/"}}]}},"_links":{"self":[{"href":"https:\/\/educacionbilingue.eu\/en\/wp-json\/wp\/v2\/pages\/2970","targetHints":{"allow":["GET"]}}],"collection":[{"href":"https:\/\/educacionbilingue.eu\/en\/wp-json\/wp\/v2\/pages"}],"about":[{"href":"https:\/\/educacionbilingue.eu\/en\/wp-json\/wp\/v2\/types\/page"}],"author":[{"embeddable":true,"href":"https:\/\/educacionbilingue.eu\/en\/wp-json\/wp\/v2\/users\/2"}],"replies":[{"embeddable":true,"href":"https:\/\/educacionbilingue.eu\/en\/wp-json\/wp\/v2\/comments?post=2970"}],"version-history":[{"count":6,"href":"https:\/\/educacionbilingue.eu\/en\/wp-json\/wp\/v2\/pages\/2970\/revisions"}],"predecessor-version":[{"id":3792,"href":"https:\/\/educacionbilingue.eu\/en\/wp-json\/wp\/v2\/pages\/2970\/revisions\/3792"}],"wp:attachment":[{"href":"https:\/\/educacionbilingue.eu\/en\/wp-json\/wp\/v2\/media?parent=2970"}],"curies":[{"name":"wp","href":"https:\/\/api.w.org\/{rel}","templated":true}]}}