{"id":3222,"date":"2021-08-24T13:54:54","date_gmt":"2021-08-24T13:54:54","guid":{"rendered":"https:\/\/educacionbilingue.eu\/?page_id=3222"},"modified":"2021-08-24T13:55:40","modified_gmt":"2021-08-24T13:55:40","slug":"comite-cientifico-2019","status":"publish","type":"page","link":"https:\/\/educacionbilingue.eu\/en\/comite-cientifico-2019\/","title":{"rendered":"Scientific Committee"},"content":{"rendered":"<p>[vc_row css_animation=&#8221;&#8221; row_type=&#8221;row&#8221; use_row_as_full_screen_section=&#8221;no&#8221; type=&#8221;full_width&#8221; angled_section=&#8221;no&#8221; text_align=&#8221;left&#8221; background_image_as_pattern=&#8221;without_pattern&#8221; el_class=&#8221;fondo-imagen&#8221; css=&#8221;.vc_custom_1490634583598{padding-top: 75px !important;}&#8221;][vc_column][vc_column_text css=&#8221;.vc_custom_1554120631345{padding-bottom: 50px !important;}&#8221;]<\/p>\n<h1 style=\"text-align: center;\">Scientific Committee<\/h1>\n<p>[\/vc_column_text][vc_row_inner row_type=&#8221;row&#8221; type=&#8221;full_width&#8221; text_align=&#8221;left&#8221; css_animation=&#8221;&#8221; css=&#8221;.vc_custom_1490634685590{margin-right: 15% !important;margin-left: 15% !important;padding-top: 50px !important;}&#8221;][vc_column_inner width=&#8221;1\/3&#8243;][vc_single_image image=&#8221;2092&#8243; img_size=&#8221;full&#8221; alignment=&#8221;center&#8221; onclick=&#8221;custom_link&#8221; qode_css_animation=&#8221;&#8221; css=&#8221;.vc_custom_1554111011029{padding-bottom: 35px !important;}&#8221; link=&#8221;https:\/\/educacionbilingue.eu\/dr-laura-carrasco-2019\/&#8221;][vc_column_text]<\/p>\n<p style=\"text-align: center;\"><span style=\"font-size: 14pt;\"><a href=\"https:\/\/educacionbilingue.eu\/dr-laura-carrasco-2019\/\"><strong>Dr. Laura Carrasco<\/strong><br \/>\n<span style=\"font-size: 12pt;\">International Leadership of Texas<\/span><br \/>\n<\/a><\/span><\/p>\n<p>[\/vc_column_text][\/vc_column_inner][vc_column_inner width=&#8221;1\/3&#8243;][vc_single_image image=&#8221;2665&#8243; img_size=&#8221;full&#8221; alignment=&#8221;center&#8221; onclick=&#8221;custom_link&#8221; qode_css_animation=&#8221;&#8221; css=&#8221;.vc_custom_1554313646890{padding-bottom: 35px !important;}&#8221; link=&#8221;https:\/\/educacionbilingue.eu\/dr-ana-gonzalez-martin-2019\/&#8221;][vc_column_text]<\/p>\n<p style=\"text-align: center;\"><span style=\"font-size: 14pt;\"><a href=\"https:\/\/educacionbilingue.eu\/dr-ana-gonzalez-martin-2019\/\"><strong>Dr. Ana Gonz\u00e1lez Mart\u00edn<\/strong><br \/>\n<span style=\"font-size: 12pt;\">Universidad Francisco de Vitoria<br \/>\n<\/span><\/a><span style=\"font-size: 12pt; color: #a71f00;\">CHAIR<\/span><\/span><\/p>\n<p>[\/vc_column_text][\/vc_column_inner][vc_column_inner width=&#8221;1\/3&#8243;][vc_single_image image=&#8221;2220&#8243; img_size=&#8221;full&#8221; alignment=&#8221;center&#8221; onclick=&#8221;custom_link&#8221; qode_css_animation=&#8221;&#8221; css=&#8221;.vc_custom_1524582515360{padding-bottom: 35px !important;}&#8221; link=&#8221;https:\/\/educacionbilingue.eu\/dr-gigi-do\/&#8221;][vc_column_text]<\/p>\n<p style=\"text-align: center;\"><a href=\"https:\/\/educacionbilingue.eu\/dr-gigi-do\/\"><strong><span style=\"font-size: 14pt;\">Dr. Gigi Do<br \/>\n<\/span><\/strong><span style=\"font-size: 12pt;\">University of Texas at San Antonio<\/span><\/a><strong><span style=\"font-size: 14pt;\"><a href=\"https:\/\/educacionbilingue.eu\/dr-gigi-do\/\"><br \/>\n<\/a><\/span><\/strong><\/p>\n<p>[\/vc_column_text][\/vc_column_inner][\/vc_row_inner][vc_row_inner row_type=&#8221;row&#8221; type=&#8221;full_width&#8221; text_align=&#8221;left&#8221; css_animation=&#8221;&#8221; css=&#8221;.vc_custom_1490634685590{margin-right: 15% !important;margin-left: 15% !important;padding-top: 50px !important;}&#8221;][vc_column_inner width=&#8221;1\/3&#8243;][vc_single_image image=&#8221;561&#8243; img_size=&#8221;full&#8221; alignment=&#8221;center&#8221; onclick=&#8221;custom_link&#8221; qode_css_animation=&#8221;&#8221; css=&#8221;.vc_custom_1491231526209{padding-bottom: 35px !important;}&#8221; link=&#8221;https:\/\/educacionbilingue.eu\/da-eva-cano-fernandez-2019\/&#8221;][vc_column_text]<\/p>\n<p style=\"text-align: center;\"><span style=\"font-size: 14pt;\"><a href=\"https:\/\/educacionbilingue.eu\/da-eva-cano-fernandez-2019\/\"><strong>D\u00aa. Eva Cano Fern\u00e1ndez<\/strong><br \/>\n<span style=\"font-size: 12pt;\">Universidad Camilo Jos\u00e9 Cela<\/span><\/a><\/span><\/p>\n<p>[\/vc_column_text][\/vc_column_inner][vc_column_inner width=&#8221;1\/3&#8243;][vc_single_image image=&#8221;1756&#8243; img_size=&#8221;full&#8221; alignment=&#8221;center&#8221; onclick=&#8221;custom_link&#8221; qode_css_animation=&#8221;&#8221; css=&#8221;.vc_custom_1554305221577{padding-bottom: 35px !important;}&#8221; link=&#8221;\/dr-jose-luis-estrada-2019\/&#8221;][vc_column_text]<\/p>\n<p style=\"text-align: center;\"><span style=\"font-size: 14pt;\"><a href=\"https:\/\/educacionbilingue.eu\/dr-jose-luis-estrada-2019\/\"><strong>Dr. Jos\u00e9 Luis Estrada<br \/>\n<\/strong><span style=\"font-size: 12pt;\">Universidad de C\u00e1diz<\/span><\/a><\/span><\/p>\n<p>[\/vc_column_text][\/vc_column_inner][vc_column_inner width=&#8221;1\/3&#8243;][vc_single_image image=&#8221;725&#8243; img_size=&#8221;full&#8221; alignment=&#8221;center&#8221; onclick=&#8221;custom_link&#8221; qode_css_animation=&#8221;&#8221; css=&#8221;.vc_custom_1520853005054{padding-bottom: 35px !important;}&#8221; link=&#8221;https:\/\/educacionbilingue.eu\/d-ruben-chacon-beltran-2019\/&#8221;][vc_column_text]<\/p>\n<p style=\"text-align: center;\"><span style=\"font-size: 14pt;\"><a href=\"https:\/\/educacionbilingue.eu\/d-ruben-chacon-beltran-2019\/\"><strong>Dr. Rub\u00e9n Chac\u00f3n Beltr\u00e1n<\/strong><br \/>\n<span style=\"font-size: 12pt;\">Universidad Nacional de Educaci\u00f3n a Distancia<\/span><\/a><\/span><\/p>\n<p>[\/vc_column_text][\/vc_column_inner][\/vc_row_inner][vc_row_inner row_type=&#8221;row&#8221; type=&#8221;full_width&#8221; text_align=&#8221;left&#8221; css_animation=&#8221;&#8221; css=&#8221;.vc_custom_1490634685590{margin-right: 15% !important;margin-left: 15% !important;padding-top: 50px !important;}&#8221;][vc_column_inner width=&#8221;1\/3&#8243;][vc_single_image image=&#8221;1105&#8243; img_size=&#8221;full&#8221; alignment=&#8221;center&#8221; onclick=&#8221;custom_link&#8221; qode_css_animation=&#8221;&#8221; css=&#8221;.vc_custom_1491903077609{padding-bottom: 35px !important;}&#8221; link=&#8221;https:\/\/educacionbilingue.eu\/equipo-interlica-2019\/&#8221;][vc_column_text]<\/p>\n<p style=\"text-align: center;\"><strong><span style=\"font-size: 14pt;\"><a href=\"https:\/\/educacionbilingue.eu\/equipo-interlica-2019\/\">Dr. Emma Dafouz Milne<br \/>\n<\/a><\/span><\/strong><span style=\"font-size: 12pt;\"><a href=\"https:\/\/educacionbilingue.eu\/equipo-interlica\/\">Universidad Complutense de Madrid<\/a><\/span><\/p>\n<p>[\/vc_column_text][\/vc_column_inner][vc_column_inner width=&#8221;1\/3&#8243;][vc_single_image image=&#8221;642&#8243; img_size=&#8221;full&#8221; alignment=&#8221;center&#8221; onclick=&#8221;custom_link&#8221; qode_css_animation=&#8221;&#8221; css=&#8221;.vc_custom_1520853009732{padding-bottom: 35px !important;}&#8221; link=&#8221;https:\/\/educacionbilingue.eu\/da-raquel-fernandez-fernandez-2019\/&#8221;][vc_column_text]<\/p>\n<p style=\"text-align: center;\"><span style=\"font-size: 14pt;\"><a href=\"https:\/\/educacionbilingue.eu\/da-raquel-fernandez-fernandez-2019\/\"><strong>Dr. Raquel F. Fern\u00e1ndez<\/strong><br \/>\n<span style=\"font-size: 12pt;\">Centro Universitario Cardenal Cisneros<\/span><\/a><\/span><\/p>\n<p>[\/vc_column_text][\/vc_column_inner][vc_column_inner width=&#8221;1\/3&#8243;][vc_single_image image=&#8221;646&#8243; img_size=&#8221;full&#8221; alignment=&#8221;center&#8221; onclick=&#8221;custom_link&#8221; qode_css_animation=&#8221;&#8221; css=&#8221;.vc_custom_1520853024836{padding-bottom: 35px !important;}&#8221; link=&#8221;https:\/\/educacionbilingue.eu\/dr-virginia-vinuesa-benitez-2019\/&#8221;][vc_column_text]<\/p>\n<p style=\"text-align: center;\"><span style=\"font-size: 14pt;\"><a href=\"https:\/\/educacionbilingue.eu\/dr-virginia-vinuesa-benitez-2019\/\"><strong>Dr. Virginia Vinuesa Benitez<\/strong><br \/>\n<span style=\"font-size: 12pt;\">Universidad Rey Juan Carlos<\/span><\/a><\/span><\/p>\n<p>[\/vc_column_text][\/vc_column_inner][\/vc_row_inner][vc_row_inner row_type=&#8221;row&#8221; type=&#8221;full_width&#8221; text_align=&#8221;left&#8221; css_animation=&#8221;&#8221; css=&#8221;.vc_custom_1490634685590{margin-right: 15% !important;margin-left: 15% !important;padding-top: 50px !important;}&#8221;][vc_column_inner width=&#8221;1\/3&#8243;][vc_single_image image=&#8221;451&#8243; img_size=&#8221;full&#8221; alignment=&#8221;center&#8221; onclick=&#8221;custom_link&#8221; qode_css_animation=&#8221;&#8221; css=&#8221;.vc_custom_1520853021112{padding-bottom: 35px !important;}&#8221; link=&#8221;https:\/\/educacionbilingue.eu\/da-beatriz-lopez-medina-2019\/&#8221;][vc_column_text]<\/p>\n<p style=\"text-align: center;\"><span style=\"font-size: 14pt;\"><a href=\"https:\/\/educacionbilingue.eu\/da-beatriz-lopez-medina-2019\/\"><strong>Dr. Beatriz L\u00f3pez Medina<\/strong><br \/>\n<span style=\"font-size: 12pt;\">Universidad Complutense de Madrid<\/span><\/a><\/span><\/p>\n<p>[\/vc_column_text][\/vc_column_inner][vc_column_inner width=&#8221;1\/3&#8243;][vc_single_image image=&#8221;564&#8243; img_size=&#8221;full&#8221; alignment=&#8221;center&#8221; onclick=&#8221;custom_link&#8221; qode_css_animation=&#8221;&#8221; css=&#8221;.vc_custom_1491231583264{padding-bottom: 35px !important;}&#8221; link=&#8221;https:\/\/educacionbilingue.eu\/da-ana-otto-canton-2019\/&#8221;][vc_column_text]<\/p>\n<p style=\"text-align: center;\"><span style=\"font-size: 14pt;\"><a href=\"https:\/\/educacionbilingue.eu\/da-ana-otto-canton-2019\/\"><strong>Dr. Ana Otto Cant\u00f3n<\/strong><br \/>\n<span style=\"font-size: 12pt;\">UDIMA<\/span><\/a><\/span><\/p>\n<p>[\/vc_column_text][\/vc_column_inner][vc_column_inner width=&#8221;1\/3&#8243;][vc_single_image image=&#8221;727&#8243; img_size=&#8221;full&#8221; alignment=&#8221;center&#8221; onclick=&#8221;custom_link&#8221; qode_css_animation=&#8221;&#8221; css=&#8221;.vc_custom_1491231029087{padding-bottom: 35px !important;}&#8221; link=&#8221;https:\/\/educacionbilingue.eu\/da-ana-llinares-garcia-2019\/&#8221;][vc_column_text]<\/p>\n<p style=\"text-align: center;\"><span style=\"font-size: 14pt;\"><a href=\"https:\/\/educacionbilingue.eu\/da-ana-llinares-garcia-2019\/\"><strong>Dr. Ana Llinares Garc\u00eda<\/strong><br \/>\n<span style=\"font-size: 12pt;\">Universidad Aut\u00f3noma de Madrid<\/span><\/a><\/span><\/p>\n<p>[\/vc_column_text][\/vc_column_inner][\/vc_row_inner][vc_row_inner row_type=&#8221;row&#8221; type=&#8221;full_width&#8221; text_align=&#8221;left&#8221; css_animation=&#8221;&#8221; css=&#8221;.vc_custom_1490634685590{margin-right: 15% !important;margin-left: 15% !important;padding-top: 50px !important;}&#8221;][vc_column_inner width=&#8221;1\/3&#8243;][\/vc_column_inner][vc_column_inner width=&#8221;1\/3&#8243;][vc_single_image image=&#8221;2753&#8243; img_size=&#8221;full&#8221; alignment=&#8221;center&#8221; onclick=&#8221;custom_link&#8221; qode_css_animation=&#8221;&#8221; css=&#8221;.vc_custom_1555322619071{padding-bottom: 35px !important;}&#8221; link=&#8221;\/da-ana-elena-martinez\/&#8221;][vc_column_text]<\/p>\n<p style=\"text-align: center;\"><span style=\"font-size: 14pt;\"><a href=\"\/da-ana-elena-martinez\/\"><strong>Dr. Ana Elena Mart\u00ednez<\/strong><br \/>\n<span style=\"font-size: 12pt;\">Universidad de Nebrija<\/span><\/a><\/span><\/p>\n<p>[\/vc_column_text][\/vc_column_inner][vc_column_inner width=&#8221;1\/3&#8243;][\/vc_column_inner][\/vc_row_inner][vc_empty_space height=&#8221;300px&#8221;][\/vc_column][\/vc_row]<\/p>\n","protected":false},"excerpt":{"rendered":"<p>[vc_row css_animation=&#8221;&#8221; row_type=&#8221;row&#8221; use_row_as_full_screen_section=&#8221;no&#8221; type=&#8221;full_width&#8221; angled_section=&#8221;no&#8221; text_align=&#8221;left&#8221; background_image_as_pattern=&#8221;without_pattern&#8221; el_class=&#8221;fondo-imagen&#8221; css=&#8221;.vc_custom_1490634583598{padding-top: 75px !important;}&#8221;][vc_column][vc_column_text css=&#8221;.vc_custom_1554120631345{padding-bottom: 50px !important;}&#8221;] Scientific Committee [\/vc_column_text][vc_row_inner row_type=&#8221;row&#8221; type=&#8221;full_width&#8221; text_align=&#8221;left&#8221; css_animation=&#8221;&#8221; css=&#8221;.vc_custom_1490634685590{margin-right: 15% !important;margin-left: 15% !important;padding-top: 50px !important;}&#8221;][vc_column_inner width=&#8221;1\/3&#8243;][vc_single_image image=&#8221;2092&#8243; img_size=&#8221;full&#8221; alignment=&#8221;center&#8221; onclick=&#8221;custom_link&#8221; qode_css_animation=&#8221;&#8221; css=&#8221;.vc_custom_1554111011029{padding-bottom: 35px !important;}&#8221; link=&#8221;https:\/\/educacionbilingue.eu\/dr-laura-carrasco-2019\/&#8221;][vc_column_text] Dr. Laura Carrasco International Leadership of&#8230;<\/p>\n","protected":false},"author":2,"featured_media":0,"parent":0,"menu_order":0,"comment_status":"closed","ping_status":"closed","template":"tema-magister-2019.php","meta":{"footnotes":""},"class_list":["post-3222","page","type-page","status-publish","hentry"],"yoast_head":"<!-- This site is optimized with the Yoast SEO plugin v20.1 - https:\/\/yoast.com\/wordpress\/plugins\/seo\/ -->\n<title>Scientific Committee - V Blended Conference for Professionals in Bilingual and International Education<\/title>\n<meta name=\"robots\" content=\"index, follow, max-snippet:-1, max-image-preview:large, max-video-preview:-1\" \/>\n<link rel=\"canonical\" href=\"https:\/\/educacionbilingue.eu\/comite-cientifico-2019\/\" \/>\n<meta property=\"og:locale\" content=\"en_US\" \/>\n<meta property=\"og:type\" content=\"article\" \/>\n<meta property=\"og:title\" content=\"Scientific Committee - V Blended Conference for Professionals in Bilingual and International Education\" \/>\n<meta property=\"og:description\" content=\"[vc_row css_animation=&#8221;&#8221; row_type=&#8221;row&#8221; use_row_as_full_screen_section=&#8221;no&#8221; type=&#8221;full_width&#8221; angled_section=&#8221;no&#8221; text_align=&#8221;left&#8221; background_image_as_pattern=&#8221;without_pattern&#8221; el_class=&#8221;fondo-imagen&#8221; css=&#8221;.vc_custom_1490634583598{padding-top: 75px !important;}&#8221;][vc_column][vc_column_text css=&#8221;.vc_custom_1554120631345{padding-bottom: 50px !important;}&#8221;] Scientific Committee [\/vc_column_text][vc_row_inner row_type=&#8221;row&#8221; type=&#8221;full_width&#8221; text_align=&#8221;left&#8221; css_animation=&#8221;&#8221; css=&#8221;.vc_custom_1490634685590{margin-right: 15% !important;margin-left: 15% !important;padding-top: 50px !important;}&#8221;][vc_column_inner width=&#8221;1\/3&#8243;][vc_single_image image=&#8221;2092&#8243; img_size=&#8221;full&#8221; alignment=&#8221;center&#8221; onclick=&#8221;custom_link&#8221; qode_css_animation=&#8221;&#8221; css=&#8221;.vc_custom_1554111011029{padding-bottom: 35px !important;}&#8221; link=&#8221;https:\/\/educacionbilingue.eu\/dr-laura-carrasco-2019\/&#8221;][vc_column_text] Dr. Laura Carrasco International Leadership of...\" \/>\n<meta property=\"og:url\" content=\"https:\/\/educacionbilingue.eu\/comite-cientifico-2019\/\" \/>\n<meta property=\"og:site_name\" content=\"V Blended Conference for Professionals in Bilingual and International Education\" \/>\n<meta property=\"article:modified_time\" content=\"2021-08-24T13:55:40+00:00\" \/>\n<meta property=\"og:image\" content=\"https:\/\/educacionbilingue.eu\/wp-content\/uploads\/2017\/04\/cropped-logo-web.png\" \/>\n\t<meta property=\"og:image:width\" content=\"512\" \/>\n\t<meta property=\"og:image:height\" content=\"512\" \/>\n\t<meta property=\"og:image:type\" content=\"image\/png\" \/>\n<meta name=\"twitter:card\" content=\"summary_large_image\" \/>\n<meta name=\"twitter:label1\" content=\"Est. reading time\" \/>\n\t<meta name=\"twitter:data1\" content=\"4 minutes\" \/>\n<script type=\"application\/ld+json\" class=\"yoast-schema-graph\">{\"@context\":\"https:\/\/schema.org\",\"@graph\":[{\"@type\":\"WebPage\",\"@id\":\"https:\/\/educacionbilingue.eu\/comite-cientifico-2019\/\",\"url\":\"https:\/\/educacionbilingue.eu\/comite-cientifico-2019\/\",\"name\":\"Scientific Committee - V Blended Conference for Professionals in Bilingual and International Education\",\"isPartOf\":{\"@id\":\"https:\/\/educacionbilingue.eu\/#website\"},\"datePublished\":\"2021-08-24T13:54:54+00:00\",\"dateModified\":\"2021-08-24T13:55:40+00:00\",\"breadcrumb\":{\"@id\":\"https:\/\/educacionbilingue.eu\/comite-cientifico-2019\/#breadcrumb\"},\"inLanguage\":\"en-EN\",\"potentialAction\":[{\"@type\":\"ReadAction\",\"target\":[\"https:\/\/educacionbilingue.eu\/comite-cientifico-2019\/\"]}]},{\"@type\":\"BreadcrumbList\",\"@id\":\"https:\/\/educacionbilingue.eu\/comite-cientifico-2019\/#breadcrumb\",\"itemListElement\":[{\"@type\":\"ListItem\",\"position\":1,\"name\":\"V Congreso Semipresencial para Profesionales de la Educaci\u00f3n Biling\u00fce e Internacional\",\"item\":\"https:\/\/educacionbilingue.eu\/\"},{\"@type\":\"ListItem\",\"position\":2,\"name\":\"Comit\u00e9 Cient\u00edfico &#8211; 2019\"}]},{\"@type\":\"WebSite\",\"@id\":\"https:\/\/educacionbilingue.eu\/#website\",\"url\":\"https:\/\/educacionbilingue.eu\/\",\"name\":\"V Blended Conference for Professionals in Bilingual and International Education\",\"description\":\"\",\"publisher\":{\"@id\":\"https:\/\/educacionbilingue.eu\/#organization\"},\"potentialAction\":[{\"@type\":\"SearchAction\",\"target\":{\"@type\":\"EntryPoint\",\"urlTemplate\":\"https:\/\/educacionbilingue.eu\/?s={search_term_string}\"},\"query-input\":\"required name=search_term_string\"}],\"inLanguage\":\"en-EN\"},{\"@type\":\"Organization\",\"@id\":\"https:\/\/educacionbilingue.eu\/#organization\",\"name\":\"Congreso de Educaci\u00f3n Biling\u00fce\",\"url\":\"https:\/\/educacionbilingue.eu\/\",\"logo\":{\"@type\":\"ImageObject\",\"inLanguage\":\"en-EN\",\"@id\":\"https:\/\/educacionbilingue.eu\/#\/schema\/logo\/image\/\",\"url\":\"https:\/\/educacionbilingue.eu\/wp-content\/uploads\/2018\/03\/400dpiLogoCropped.png\",\"contentUrl\":\"https:\/\/educacionbilingue.eu\/wp-content\/uploads\/2018\/03\/400dpiLogoCropped.png\",\"width\":800,\"height\":1167,\"caption\":\"Congreso de Educaci\u00f3n Biling\u00fce\"},\"image\":{\"@id\":\"https:\/\/educacionbilingue.eu\/#\/schema\/logo\/image\/\"}}]}<\/script>\n<!-- \/ Yoast SEO plugin. -->","yoast_head_json":{"title":"Scientific Committee - V Blended Conference for Professionals in Bilingual and International Education","robots":{"index":"index","follow":"follow","max-snippet":"max-snippet:-1","max-image-preview":"max-image-preview:large","max-video-preview":"max-video-preview:-1"},"canonical":"https:\/\/educacionbilingue.eu\/comite-cientifico-2019\/","og_locale":"en_US","og_type":"article","og_title":"Scientific Committee - V Blended Conference for Professionals in Bilingual and International Education","og_description":"[vc_row css_animation=&#8221;&#8221; row_type=&#8221;row&#8221; use_row_as_full_screen_section=&#8221;no&#8221; type=&#8221;full_width&#8221; angled_section=&#8221;no&#8221; text_align=&#8221;left&#8221; background_image_as_pattern=&#8221;without_pattern&#8221; el_class=&#8221;fondo-imagen&#8221; css=&#8221;.vc_custom_1490634583598{padding-top: 75px !important;}&#8221;][vc_column][vc_column_text css=&#8221;.vc_custom_1554120631345{padding-bottom: 50px !important;}&#8221;] Scientific Committee [\/vc_column_text][vc_row_inner row_type=&#8221;row&#8221; type=&#8221;full_width&#8221; text_align=&#8221;left&#8221; css_animation=&#8221;&#8221; css=&#8221;.vc_custom_1490634685590{margin-right: 15% !important;margin-left: 15% !important;padding-top: 50px !important;}&#8221;][vc_column_inner width=&#8221;1\/3&#8243;][vc_single_image image=&#8221;2092&#8243; img_size=&#8221;full&#8221; alignment=&#8221;center&#8221; onclick=&#8221;custom_link&#8221; qode_css_animation=&#8221;&#8221; css=&#8221;.vc_custom_1554111011029{padding-bottom: 35px !important;}&#8221; link=&#8221;https:\/\/educacionbilingue.eu\/dr-laura-carrasco-2019\/&#8221;][vc_column_text] Dr. Laura Carrasco International Leadership of...","og_url":"https:\/\/educacionbilingue.eu\/comite-cientifico-2019\/","og_site_name":"V Blended Conference for Professionals in Bilingual and International Education","article_modified_time":"2021-08-24T13:55:40+00:00","og_image":[{"width":512,"height":512,"url":"https:\/\/educacionbilingue.eu\/wp-content\/uploads\/2017\/04\/cropped-logo-web.png","type":"image\/png"}],"twitter_card":"summary_large_image","twitter_misc":{"Est. reading time":"4 minutes"},"schema":{"@context":"https:\/\/schema.org","@graph":[{"@type":"WebPage","@id":"https:\/\/educacionbilingue.eu\/comite-cientifico-2019\/","url":"https:\/\/educacionbilingue.eu\/comite-cientifico-2019\/","name":"Scientific Committee - V Blended Conference for Professionals in Bilingual and International Education","isPartOf":{"@id":"https:\/\/educacionbilingue.eu\/#website"},"datePublished":"2021-08-24T13:54:54+00:00","dateModified":"2021-08-24T13:55:40+00:00","breadcrumb":{"@id":"https:\/\/educacionbilingue.eu\/comite-cientifico-2019\/#breadcrumb"},"inLanguage":"en-EN","potentialAction":[{"@type":"ReadAction","target":["https:\/\/educacionbilingue.eu\/comite-cientifico-2019\/"]}]},{"@type":"BreadcrumbList","@id":"https:\/\/educacionbilingue.eu\/comite-cientifico-2019\/#breadcrumb","itemListElement":[{"@type":"ListItem","position":1,"name":"V Congreso Semipresencial para Profesionales de la Educaci\u00f3n Biling\u00fce e Internacional","item":"https:\/\/educacionbilingue.eu\/"},{"@type":"ListItem","position":2,"name":"Comit\u00e9 Cient\u00edfico &#8211; 2019"}]},{"@type":"WebSite","@id":"https:\/\/educacionbilingue.eu\/#website","url":"https:\/\/educacionbilingue.eu\/","name":"V Blended Conference for Professionals in Bilingual and International Education","description":"","publisher":{"@id":"https:\/\/educacionbilingue.eu\/#organization"},"potentialAction":[{"@type":"SearchAction","target":{"@type":"EntryPoint","urlTemplate":"https:\/\/educacionbilingue.eu\/?s={search_term_string}"},"query-input":"required name=search_term_string"}],"inLanguage":"en-EN"},{"@type":"Organization","@id":"https:\/\/educacionbilingue.eu\/#organization","name":"Congreso de Educaci\u00f3n Biling\u00fce","url":"https:\/\/educacionbilingue.eu\/","logo":{"@type":"ImageObject","inLanguage":"en-EN","@id":"https:\/\/educacionbilingue.eu\/#\/schema\/logo\/image\/","url":"https:\/\/educacionbilingue.eu\/wp-content\/uploads\/2018\/03\/400dpiLogoCropped.png","contentUrl":"https:\/\/educacionbilingue.eu\/wp-content\/uploads\/2018\/03\/400dpiLogoCropped.png","width":800,"height":1167,"caption":"Congreso de Educaci\u00f3n Biling\u00fce"},"image":{"@id":"https:\/\/educacionbilingue.eu\/#\/schema\/logo\/image\/"}}]}},"_links":{"self":[{"href":"https:\/\/educacionbilingue.eu\/en\/wp-json\/wp\/v2\/pages\/3222","targetHints":{"allow":["GET"]}}],"collection":[{"href":"https:\/\/educacionbilingue.eu\/en\/wp-json\/wp\/v2\/pages"}],"about":[{"href":"https:\/\/educacionbilingue.eu\/en\/wp-json\/wp\/v2\/types\/page"}],"author":[{"embeddable":true,"href":"https:\/\/educacionbilingue.eu\/en\/wp-json\/wp\/v2\/users\/2"}],"replies":[{"embeddable":true,"href":"https:\/\/educacionbilingue.eu\/en\/wp-json\/wp\/v2\/comments?post=3222"}],"version-history":[{"count":1,"href":"https:\/\/educacionbilingue.eu\/en\/wp-json\/wp\/v2\/pages\/3222\/revisions"}],"predecessor-version":[{"id":3589,"href":"https:\/\/educacionbilingue.eu\/en\/wp-json\/wp\/v2\/pages\/3222\/revisions\/3589"}],"wp:attachment":[{"href":"https:\/\/educacionbilingue.eu\/en\/wp-json\/wp\/v2\/media?parent=3222"}],"curies":[{"name":"wp","href":"https:\/\/api.w.org\/{rel}","templated":true}]}}