{"id":3257,"date":"2021-07-27T09:20:25","date_gmt":"2021-07-27T09:20:25","guid":{"rendered":"https:\/\/educacionbilingue.eu\/?page_id=3257"},"modified":"2021-09-06T10:11:13","modified_gmt":"2021-09-06T10:11:13","slug":"dr-maria-luisa-garcia-2021","status":"publish","type":"page","link":"https:\/\/educacionbilingue.eu\/en\/dr-maria-luisa-garcia-2021\/","title":{"rendered":"2021 &#8211; Dr. Mar\u00eda Luisa Garc\u00eda Bermejo"},"content":{"rendered":"<p>[vc_row css_animation=&#8221;&#8221; row_type=&#8221;row&#8221; use_row_as_full_screen_section=&#8221;no&#8221; type=&#8221;full_width&#8221; angled_section=&#8221;no&#8221; text_align=&#8221;left&#8221; background_image_as_pattern=&#8221;without_pattern&#8221; el_class=&#8221;fondo-teja&#8221; css=&#8221;.vc_custom_1490630823443{margin-right: 5% !important;margin-left: 5% !important;padding-top: 75px !important;}&#8221;][vc_column][vc_column_text css=&#8221;.vc_custom_1630673807818{padding-bottom: 50px !important;}&#8221;][\/vc_column_text][vc_single_image image=&#8221;3259&#8243; img_size=&#8221;full&#8221; alignment=&#8221;center&#8221; qode_css_animation=&#8221;&#8221; css=&#8221;.vc_custom_1627378225511{padding-bottom: 50px !important;}&#8221;][vc_column_text css=&#8221;.vc_custom_1628159673080{padding-bottom: 50px !important;}&#8221;]<\/p>\n<p style=\"text-align: center;\"><span style=\"font-size: 32pt; color: #808080;\">PhD. Mar\u00eda Luisa Garc\u00eda Bermejo<\/span><\/p>\n<p>[\/vc_column_text][vc_column_text]<\/p>\n<p style=\"text-align: center;\"><span style=\"color: #a71f00;\">A brief CV<\/span><\/p>\n<p style=\"text-align: justify;\"><span style=\"font-weight: 400;\">Dr. M. Luisa Garc\u00eda Bermejo<\/span><span style=\"font-weight: 400;\"> has been a Tenured\u00a0 Professor at the School of Education, Universidad Complutense de Madrid (UCM) for more than three decades. She was Head of the Department of \u201cDid\u00e1ctica de la Lengua y la Literatura (Espa\u00f1ol, Franc\u00e9s e Ingl\u00e9s)\u201d from 2013 to 2017. She holds a PhD in English (UCM), an MA and M.Ed. in TESOL from Teachers College, Columbia University and an MA in Spanish from the University of Delaware. She has taught English and Spanish, Didactics and the Teaching of Literature. Her research focuses on SLA, ICT and language and literature teaching, and teaching English to young learners. <\/span><\/p>\n<p>&nbsp;<\/p>\n<p style=\"text-align: center;\"><a href=\"\/programa-24-sep\/\"><span style=\"color: #a71f00;\">Crafting puppets for storytelling<\/span><\/a><\/p>\n<p>&nbsp;<\/p>\n<p><span style=\"font-weight: 400;\">Within the techniques for teaching English as an additional language, there is a significant absence at all educational levels of strategies to develop students&#8217; oral communication skills. Normally, it is reading and writing that occupy a leading role in educational programs.<\/span><\/p>\n<p><span style=\"font-weight: 400;\">After a quick reflection on the importance of teaching students to listen and speak to construct meaning, the grammar of languages, social competences and also reading and writing, the presentation goes on to describe a multimodal project on the creation of stories and puppets carried out with teaching students. The talk will end with a reflection on the findings of this pedagogical experience that indicate that these multimodal techniques are effective not only to boost the oral skills of students, but also to promote creativity, literacy and social skills.<\/span>[\/vc_column_text][vc_empty_space][\/vc_column][\/vc_row]<\/p>\n","protected":false},"excerpt":{"rendered":"<p>[vc_row css_animation=&#8221;&#8221; row_type=&#8221;row&#8221; use_row_as_full_screen_section=&#8221;no&#8221; type=&#8221;full_width&#8221; angled_section=&#8221;no&#8221; text_align=&#8221;left&#8221; background_image_as_pattern=&#8221;without_pattern&#8221; el_class=&#8221;fondo-teja&#8221; css=&#8221;.vc_custom_1490630823443{margin-right: 5% !important;margin-left: 5% !important;padding-top: 75px !important;}&#8221;][vc_column][vc_column_text css=&#8221;.vc_custom_1630673807818{padding-bottom: 50px !important;}&#8221;][\/vc_column_text][vc_single_image image=&#8221;3259&#8243; img_size=&#8221;full&#8221; alignment=&#8221;center&#8221; qode_css_animation=&#8221;&#8221; css=&#8221;.vc_custom_1627378225511{padding-bottom: 50px !important;}&#8221;][vc_column_text css=&#8221;.vc_custom_1628159673080{padding-bottom: 50px !important;}&#8221;] PhD. Mar\u00eda Luisa Garc\u00eda Bermejo [\/vc_column_text][vc_column_text] A brief CV Dr. M. Luisa Garc\u00eda Bermejo has been&#8230;<\/p>\n","protected":false},"author":2,"featured_media":0,"parent":0,"menu_order":0,"comment_status":"closed","ping_status":"closed","template":"tema-magister-2021.php","meta":{"footnotes":""},"class_list":["post-3257","page","type-page","status-publish","hentry"],"yoast_head":"<!-- This site is optimized with the Yoast SEO plugin v20.1 - https:\/\/yoast.com\/wordpress\/plugins\/seo\/ -->\n<title>2021 - Dr. Mar\u00eda Luisa Garc\u00eda Bermejo - V Blended Conference for Professionals in Bilingual and International Education<\/title>\n<meta name=\"robots\" content=\"index, follow, max-snippet:-1, max-image-preview:large, max-video-preview:-1\" \/>\n<link rel=\"canonical\" href=\"https:\/\/educacionbilingue.eu\/dr-maria-luisa-garcia-2021\/\" \/>\n<meta property=\"og:locale\" content=\"en_US\" \/>\n<meta property=\"og:type\" content=\"article\" \/>\n<meta property=\"og:title\" content=\"2021 - Dr. Mar\u00eda Luisa Garc\u00eda Bermejo - V Blended Conference for Professionals in Bilingual and International Education\" \/>\n<meta property=\"og:description\" content=\"[vc_row css_animation=&#8221;&#8221; row_type=&#8221;row&#8221; use_row_as_full_screen_section=&#8221;no&#8221; type=&#8221;full_width&#8221; angled_section=&#8221;no&#8221; text_align=&#8221;left&#8221; background_image_as_pattern=&#8221;without_pattern&#8221; el_class=&#8221;fondo-teja&#8221; css=&#8221;.vc_custom_1490630823443{margin-right: 5% !important;margin-left: 5% !important;padding-top: 75px !important;}&#8221;][vc_column][vc_column_text css=&#8221;.vc_custom_1630673807818{padding-bottom: 50px !important;}&#8221;][\/vc_column_text][vc_single_image image=&#8221;3259&#8243; img_size=&#8221;full&#8221; alignment=&#8221;center&#8221; qode_css_animation=&#8221;&#8221; css=&#8221;.vc_custom_1627378225511{padding-bottom: 50px !important;}&#8221;][vc_column_text css=&#8221;.vc_custom_1628159673080{padding-bottom: 50px !important;}&#8221;] PhD. Mar\u00eda Luisa Garc\u00eda Bermejo [\/vc_column_text][vc_column_text] A brief CV Dr. M. Luisa Garc\u00eda Bermejo has been...\" \/>\n<meta property=\"og:url\" content=\"https:\/\/educacionbilingue.eu\/dr-maria-luisa-garcia-2021\/\" \/>\n<meta property=\"og:site_name\" content=\"V Blended Conference for Professionals in Bilingual and International Education\" \/>\n<meta property=\"article:modified_time\" content=\"2021-09-06T10:11:13+00:00\" \/>\n<meta property=\"og:image\" content=\"https:\/\/educacionbilingue.eu\/wp-content\/uploads\/2017\/04\/cropped-logo-web.png\" \/>\n\t<meta property=\"og:image:width\" content=\"512\" \/>\n\t<meta property=\"og:image:height\" content=\"512\" \/>\n\t<meta property=\"og:image:type\" content=\"image\/png\" \/>\n<meta name=\"twitter:card\" content=\"summary_large_image\" \/>\n<meta name=\"twitter:label1\" content=\"Est. reading time\" \/>\n\t<meta name=\"twitter:data1\" content=\"2 minutes\" \/>\n<script type=\"application\/ld+json\" class=\"yoast-schema-graph\">{\"@context\":\"https:\/\/schema.org\",\"@graph\":[{\"@type\":\"WebPage\",\"@id\":\"https:\/\/educacionbilingue.eu\/dr-maria-luisa-garcia-2021\/\",\"url\":\"https:\/\/educacionbilingue.eu\/dr-maria-luisa-garcia-2021\/\",\"name\":\"2021 - Dr. Mar\u00eda Luisa Garc\u00eda Bermejo - V Blended Conference for Professionals in Bilingual and International Education\",\"isPartOf\":{\"@id\":\"https:\/\/educacionbilingue.eu\/#website\"},\"datePublished\":\"2021-07-27T09:20:25+00:00\",\"dateModified\":\"2021-09-06T10:11:13+00:00\",\"breadcrumb\":{\"@id\":\"https:\/\/educacionbilingue.eu\/dr-maria-luisa-garcia-2021\/#breadcrumb\"},\"inLanguage\":\"en-EN\",\"potentialAction\":[{\"@type\":\"ReadAction\",\"target\":[\"https:\/\/educacionbilingue.eu\/dr-maria-luisa-garcia-2021\/\"]}]},{\"@type\":\"BreadcrumbList\",\"@id\":\"https:\/\/educacionbilingue.eu\/dr-maria-luisa-garcia-2021\/#breadcrumb\",\"itemListElement\":[{\"@type\":\"ListItem\",\"position\":1,\"name\":\"V Congreso Semipresencial para Profesionales de la Educaci\u00f3n Biling\u00fce e Internacional\",\"item\":\"https:\/\/educacionbilingue.eu\/\"},{\"@type\":\"ListItem\",\"position\":2,\"name\":\"2021 &#8211; Dr. Mar\u00eda Luisa Garc\u00eda Bermejo\"}]},{\"@type\":\"WebSite\",\"@id\":\"https:\/\/educacionbilingue.eu\/#website\",\"url\":\"https:\/\/educacionbilingue.eu\/\",\"name\":\"V Blended Conference for Professionals in Bilingual and International Education\",\"description\":\"\",\"publisher\":{\"@id\":\"https:\/\/educacionbilingue.eu\/#organization\"},\"potentialAction\":[{\"@type\":\"SearchAction\",\"target\":{\"@type\":\"EntryPoint\",\"urlTemplate\":\"https:\/\/educacionbilingue.eu\/?s={search_term_string}\"},\"query-input\":\"required name=search_term_string\"}],\"inLanguage\":\"en-EN\"},{\"@type\":\"Organization\",\"@id\":\"https:\/\/educacionbilingue.eu\/#organization\",\"name\":\"Congreso de Educaci\u00f3n Biling\u00fce\",\"url\":\"https:\/\/educacionbilingue.eu\/\",\"logo\":{\"@type\":\"ImageObject\",\"inLanguage\":\"en-EN\",\"@id\":\"https:\/\/educacionbilingue.eu\/#\/schema\/logo\/image\/\",\"url\":\"https:\/\/educacionbilingue.eu\/wp-content\/uploads\/2018\/03\/400dpiLogoCropped.png\",\"contentUrl\":\"https:\/\/educacionbilingue.eu\/wp-content\/uploads\/2018\/03\/400dpiLogoCropped.png\",\"width\":800,\"height\":1167,\"caption\":\"Congreso de Educaci\u00f3n Biling\u00fce\"},\"image\":{\"@id\":\"https:\/\/educacionbilingue.eu\/#\/schema\/logo\/image\/\"}}]}<\/script>\n<!-- \/ Yoast SEO plugin. -->","yoast_head_json":{"title":"2021 - Dr. Mar\u00eda Luisa Garc\u00eda Bermejo - V Blended Conference for Professionals in Bilingual and International Education","robots":{"index":"index","follow":"follow","max-snippet":"max-snippet:-1","max-image-preview":"max-image-preview:large","max-video-preview":"max-video-preview:-1"},"canonical":"https:\/\/educacionbilingue.eu\/dr-maria-luisa-garcia-2021\/","og_locale":"en_US","og_type":"article","og_title":"2021 - Dr. Mar\u00eda Luisa Garc\u00eda Bermejo - V Blended Conference for Professionals in Bilingual and International Education","og_description":"[vc_row css_animation=&#8221;&#8221; row_type=&#8221;row&#8221; use_row_as_full_screen_section=&#8221;no&#8221; type=&#8221;full_width&#8221; angled_section=&#8221;no&#8221; text_align=&#8221;left&#8221; background_image_as_pattern=&#8221;without_pattern&#8221; el_class=&#8221;fondo-teja&#8221; css=&#8221;.vc_custom_1490630823443{margin-right: 5% !important;margin-left: 5% !important;padding-top: 75px !important;}&#8221;][vc_column][vc_column_text css=&#8221;.vc_custom_1630673807818{padding-bottom: 50px !important;}&#8221;][\/vc_column_text][vc_single_image image=&#8221;3259&#8243; img_size=&#8221;full&#8221; alignment=&#8221;center&#8221; qode_css_animation=&#8221;&#8221; css=&#8221;.vc_custom_1627378225511{padding-bottom: 50px !important;}&#8221;][vc_column_text css=&#8221;.vc_custom_1628159673080{padding-bottom: 50px !important;}&#8221;] PhD. Mar\u00eda Luisa Garc\u00eda Bermejo [\/vc_column_text][vc_column_text] A brief CV Dr. M. Luisa Garc\u00eda Bermejo has been...","og_url":"https:\/\/educacionbilingue.eu\/dr-maria-luisa-garcia-2021\/","og_site_name":"V Blended Conference for Professionals in Bilingual and International Education","article_modified_time":"2021-09-06T10:11:13+00:00","og_image":[{"width":512,"height":512,"url":"https:\/\/educacionbilingue.eu\/wp-content\/uploads\/2017\/04\/cropped-logo-web.png","type":"image\/png"}],"twitter_card":"summary_large_image","twitter_misc":{"Est. reading time":"2 minutes"},"schema":{"@context":"https:\/\/schema.org","@graph":[{"@type":"WebPage","@id":"https:\/\/educacionbilingue.eu\/dr-maria-luisa-garcia-2021\/","url":"https:\/\/educacionbilingue.eu\/dr-maria-luisa-garcia-2021\/","name":"2021 - Dr. Mar\u00eda Luisa Garc\u00eda Bermejo - V Blended Conference for Professionals in Bilingual and International Education","isPartOf":{"@id":"https:\/\/educacionbilingue.eu\/#website"},"datePublished":"2021-07-27T09:20:25+00:00","dateModified":"2021-09-06T10:11:13+00:00","breadcrumb":{"@id":"https:\/\/educacionbilingue.eu\/dr-maria-luisa-garcia-2021\/#breadcrumb"},"inLanguage":"en-EN","potentialAction":[{"@type":"ReadAction","target":["https:\/\/educacionbilingue.eu\/dr-maria-luisa-garcia-2021\/"]}]},{"@type":"BreadcrumbList","@id":"https:\/\/educacionbilingue.eu\/dr-maria-luisa-garcia-2021\/#breadcrumb","itemListElement":[{"@type":"ListItem","position":1,"name":"V Congreso Semipresencial para Profesionales de la Educaci\u00f3n Biling\u00fce e Internacional","item":"https:\/\/educacionbilingue.eu\/"},{"@type":"ListItem","position":2,"name":"2021 &#8211; Dr. Mar\u00eda Luisa Garc\u00eda Bermejo"}]},{"@type":"WebSite","@id":"https:\/\/educacionbilingue.eu\/#website","url":"https:\/\/educacionbilingue.eu\/","name":"V Blended Conference for Professionals in Bilingual and International Education","description":"","publisher":{"@id":"https:\/\/educacionbilingue.eu\/#organization"},"potentialAction":[{"@type":"SearchAction","target":{"@type":"EntryPoint","urlTemplate":"https:\/\/educacionbilingue.eu\/?s={search_term_string}"},"query-input":"required name=search_term_string"}],"inLanguage":"en-EN"},{"@type":"Organization","@id":"https:\/\/educacionbilingue.eu\/#organization","name":"Congreso de Educaci\u00f3n Biling\u00fce","url":"https:\/\/educacionbilingue.eu\/","logo":{"@type":"ImageObject","inLanguage":"en-EN","@id":"https:\/\/educacionbilingue.eu\/#\/schema\/logo\/image\/","url":"https:\/\/educacionbilingue.eu\/wp-content\/uploads\/2018\/03\/400dpiLogoCropped.png","contentUrl":"https:\/\/educacionbilingue.eu\/wp-content\/uploads\/2018\/03\/400dpiLogoCropped.png","width":800,"height":1167,"caption":"Congreso de Educaci\u00f3n Biling\u00fce"},"image":{"@id":"https:\/\/educacionbilingue.eu\/#\/schema\/logo\/image\/"}}]}},"_links":{"self":[{"href":"https:\/\/educacionbilingue.eu\/en\/wp-json\/wp\/v2\/pages\/3257","targetHints":{"allow":["GET"]}}],"collection":[{"href":"https:\/\/educacionbilingue.eu\/en\/wp-json\/wp\/v2\/pages"}],"about":[{"href":"https:\/\/educacionbilingue.eu\/en\/wp-json\/wp\/v2\/types\/page"}],"author":[{"embeddable":true,"href":"https:\/\/educacionbilingue.eu\/en\/wp-json\/wp\/v2\/users\/2"}],"replies":[{"embeddable":true,"href":"https:\/\/educacionbilingue.eu\/en\/wp-json\/wp\/v2\/comments?post=3257"}],"version-history":[{"count":13,"href":"https:\/\/educacionbilingue.eu\/en\/wp-json\/wp\/v2\/pages\/3257\/revisions"}],"predecessor-version":[{"id":3877,"href":"https:\/\/educacionbilingue.eu\/en\/wp-json\/wp\/v2\/pages\/3257\/revisions\/3877"}],"wp:attachment":[{"href":"https:\/\/educacionbilingue.eu\/en\/wp-json\/wp\/v2\/media?parent=3257"}],"curies":[{"name":"wp","href":"https:\/\/api.w.org\/{rel}","templated":true}]}}