{"id":474,"date":"2017-03-27T19:06:31","date_gmt":"2017-03-27T19:06:31","guid":{"rendered":"https:\/\/educacionbilingue.eu\/?page_id=474"},"modified":"2018-03-13T15:44:30","modified_gmt":"2018-03-13T15:44:30","slug":"da-beatriz-lopez-medina","status":"publish","type":"page","link":"https:\/\/educacionbilingue.eu\/en\/da-beatriz-lopez-medina\/","title":{"rendered":"Dr. Beatriz L\u00f3pez Medina"},"content":{"rendered":"<p>[vc_row css_animation=&#8221;&#8221; row_type=&#8221;row&#8221; use_row_as_full_screen_section=&#8221;no&#8221; type=&#8221;full_width&#8221; angled_section=&#8221;no&#8221; text_align=&#8221;left&#8221; background_image_as_pattern=&#8221;without_pattern&#8221; el_class=&#8221;fondo-teja&#8221; css=&#8221;.vc_custom_1490630823443{margin-right: 5% !important;margin-left: 5% !important;padding-top: 75px !important;}&#8221;][vc_column][vc_single_image image=&#8221;475&#8243; img_size=&#8221;full&#8221; alignment=&#8221;center&#8221; qode_css_animation=&#8221;&#8221; css=&#8221;.vc_custom_1490641590298{padding-bottom: 50px !important;}&#8221;][vc_column_text css=&#8221;.vc_custom_1490891981994{padding-bottom: 50px !important;}&#8221;]<\/p>\n<p style=\"text-align: center;\"><span style=\"font-size: 32pt; color: #808080;\">Dr. Beatriz L\u00f3pez Medina<\/span><\/p>\n<p>[\/vc_column_text][vc_column_text]<\/p>\n<p style=\"text-align: center;\"><span style=\"color: #a71f00;\">Biodata<\/span><\/p>\n<p>&nbsp;<\/p>\n<p style=\"text-align: justify;\">She holds degrees in English and German Philologies, and a Ph.D. in English Linguistics (UCM). She is currently the director of the Master in Bilingual Education at Universidad Antonio de Nebrija where she teaches Psycholinguists and Interlanguage and CLIL Materials Development. She is also the Quality Coordinator of the Faculty of Arts and Humanities at the same university. Teaches at graduate and postgraduate levels subjects related to Didactics and Acquisition of Languages and directs postgraduate projects on these areas. Civil servant \u2013currently on leave- of the Ministry of Education (Official School of Languages, Consejer\u00eda de Educaci\u00f3n, Comunidad Aut\u00f3noma de Madrid). She obtained the national award 2\u00ba Premio Nacional de Investigacio\u0301n Educativa with a project on a longitudinal study of a group on gifted children. Her main interests in research are CLIL, Bilingualism and Second Language Learning \/ Acquisition.\u00a0 (<a href=\"mailto:blopezm@nebrija.es\">blopezm@nebrija.es<\/a>)<\/p>\n<p>[\/vc_column_text][vc_empty_space][\/vc_column][\/vc_row]<\/p>\n","protected":false},"excerpt":{"rendered":"<p>[vc_row css_animation=&#8221;&#8221; row_type=&#8221;row&#8221; use_row_as_full_screen_section=&#8221;no&#8221; type=&#8221;full_width&#8221; angled_section=&#8221;no&#8221; text_align=&#8221;left&#8221; background_image_as_pattern=&#8221;without_pattern&#8221; el_class=&#8221;fondo-teja&#8221; css=&#8221;.vc_custom_1490630823443{margin-right: 5% !important;margin-left: 5% !important;padding-top: 75px !important;}&#8221;][vc_column][vc_single_image image=&#8221;475&#8243; img_size=&#8221;full&#8221; alignment=&#8221;center&#8221; qode_css_animation=&#8221;&#8221; css=&#8221;.vc_custom_1490641590298{padding-bottom: 50px !important;}&#8221;][vc_column_text css=&#8221;.vc_custom_1490891981994{padding-bottom: 50px !important;}&#8221;] Dr. Beatriz L\u00f3pez Medina [\/vc_column_text][vc_column_text] Biodata &nbsp; She holds degrees in English and German Philologies, and a Ph.D. in&#8230;<\/p>\n","protected":false},"author":2,"featured_media":0,"parent":0,"menu_order":0,"comment_status":"closed","ping_status":"closed","template":"tema-magister.php","meta":{"footnotes":""},"class_list":["post-474","page","type-page","status-publish","hentry"],"yoast_head":"<!-- This site is optimized with the Yoast SEO plugin v20.1 - https:\/\/yoast.com\/wordpress\/plugins\/seo\/ -->\n<title>Dr. Beatriz L\u00f3pez Medina - V Blended Conference for Professionals in Bilingual and International Education<\/title>\n<meta name=\"robots\" content=\"index, follow, max-snippet:-1, max-image-preview:large, max-video-preview:-1\" \/>\n<link rel=\"canonical\" href=\"https:\/\/educacionbilingue.eu\/da-beatriz-lopez-medina\/\" \/>\n<meta property=\"og:locale\" content=\"en_US\" \/>\n<meta property=\"og:type\" content=\"article\" \/>\n<meta property=\"og:title\" content=\"Dr. Beatriz L\u00f3pez Medina - V Blended Conference for Professionals in Bilingual and International Education\" \/>\n<meta property=\"og:description\" content=\"[vc_row css_animation=&#8221;&#8221; row_type=&#8221;row&#8221; use_row_as_full_screen_section=&#8221;no&#8221; type=&#8221;full_width&#8221; angled_section=&#8221;no&#8221; text_align=&#8221;left&#8221; background_image_as_pattern=&#8221;without_pattern&#8221; el_class=&#8221;fondo-teja&#8221; css=&#8221;.vc_custom_1490630823443{margin-right: 5% !important;margin-left: 5% !important;padding-top: 75px !important;}&#8221;][vc_column][vc_single_image image=&#8221;475&#8243; img_size=&#8221;full&#8221; alignment=&#8221;center&#8221; qode_css_animation=&#8221;&#8221; css=&#8221;.vc_custom_1490641590298{padding-bottom: 50px !important;}&#8221;][vc_column_text css=&#8221;.vc_custom_1490891981994{padding-bottom: 50px !important;}&#8221;] Dr. Beatriz L\u00f3pez Medina [\/vc_column_text][vc_column_text] Biodata &nbsp; She holds degrees in English and German Philologies, and a Ph.D. in...\" \/>\n<meta property=\"og:url\" content=\"https:\/\/educacionbilingue.eu\/da-beatriz-lopez-medina\/\" \/>\n<meta property=\"og:site_name\" content=\"V Blended Conference for Professionals in Bilingual and International Education\" \/>\n<meta property=\"article:modified_time\" content=\"2018-03-13T15:44:30+00:00\" \/>\n<meta property=\"og:image\" content=\"https:\/\/educacionbilingue.eu\/wp-content\/uploads\/2017\/04\/cropped-logo-web.png\" \/>\n\t<meta property=\"og:image:width\" content=\"512\" \/>\n\t<meta property=\"og:image:height\" content=\"512\" \/>\n\t<meta property=\"og:image:type\" content=\"image\/png\" \/>\n<meta name=\"twitter:card\" content=\"summary_large_image\" \/>\n<meta name=\"twitter:label1\" content=\"Est. reading time\" \/>\n\t<meta name=\"twitter:data1\" content=\"1 minute\" \/>\n<script type=\"application\/ld+json\" class=\"yoast-schema-graph\">{\"@context\":\"https:\/\/schema.org\",\"@graph\":[{\"@type\":\"WebPage\",\"@id\":\"https:\/\/educacionbilingue.eu\/da-beatriz-lopez-medina\/\",\"url\":\"https:\/\/educacionbilingue.eu\/da-beatriz-lopez-medina\/\",\"name\":\"Dr. Beatriz L\u00f3pez Medina - V Blended Conference for Professionals in Bilingual and International Education\",\"isPartOf\":{\"@id\":\"https:\/\/educacionbilingue.eu\/#website\"},\"datePublished\":\"2017-03-27T19:06:31+00:00\",\"dateModified\":\"2018-03-13T15:44:30+00:00\",\"breadcrumb\":{\"@id\":\"https:\/\/educacionbilingue.eu\/da-beatriz-lopez-medina\/#breadcrumb\"},\"inLanguage\":\"en-EN\",\"potentialAction\":[{\"@type\":\"ReadAction\",\"target\":[\"https:\/\/educacionbilingue.eu\/da-beatriz-lopez-medina\/\"]}]},{\"@type\":\"BreadcrumbList\",\"@id\":\"https:\/\/educacionbilingue.eu\/da-beatriz-lopez-medina\/#breadcrumb\",\"itemListElement\":[{\"@type\":\"ListItem\",\"position\":1,\"name\":\"V Congreso Semipresencial para Profesionales de la Educaci\u00f3n Biling\u00fce e Internacional\",\"item\":\"https:\/\/educacionbilingue.eu\/\"},{\"@type\":\"ListItem\",\"position\":2,\"name\":\"Dr. Beatriz L\u00f3pez Medina\"}]},{\"@type\":\"WebSite\",\"@id\":\"https:\/\/educacionbilingue.eu\/#website\",\"url\":\"https:\/\/educacionbilingue.eu\/\",\"name\":\"V Blended Conference for Professionals in Bilingual and International Education\",\"description\":\"\",\"publisher\":{\"@id\":\"https:\/\/educacionbilingue.eu\/#organization\"},\"potentialAction\":[{\"@type\":\"SearchAction\",\"target\":{\"@type\":\"EntryPoint\",\"urlTemplate\":\"https:\/\/educacionbilingue.eu\/?s={search_term_string}\"},\"query-input\":\"required name=search_term_string\"}],\"inLanguage\":\"en-EN\"},{\"@type\":\"Organization\",\"@id\":\"https:\/\/educacionbilingue.eu\/#organization\",\"name\":\"Congreso de Educaci\u00f3n Biling\u00fce\",\"url\":\"https:\/\/educacionbilingue.eu\/\",\"logo\":{\"@type\":\"ImageObject\",\"inLanguage\":\"en-EN\",\"@id\":\"https:\/\/educacionbilingue.eu\/#\/schema\/logo\/image\/\",\"url\":\"https:\/\/educacionbilingue.eu\/wp-content\/uploads\/2018\/03\/400dpiLogoCropped.png\",\"contentUrl\":\"https:\/\/educacionbilingue.eu\/wp-content\/uploads\/2018\/03\/400dpiLogoCropped.png\",\"width\":800,\"height\":1167,\"caption\":\"Congreso de Educaci\u00f3n Biling\u00fce\"},\"image\":{\"@id\":\"https:\/\/educacionbilingue.eu\/#\/schema\/logo\/image\/\"}}]}<\/script>\n<!-- \/ Yoast SEO plugin. -->","yoast_head_json":{"title":"Dr. Beatriz L\u00f3pez Medina - V Blended Conference for Professionals in Bilingual and International Education","robots":{"index":"index","follow":"follow","max-snippet":"max-snippet:-1","max-image-preview":"max-image-preview:large","max-video-preview":"max-video-preview:-1"},"canonical":"https:\/\/educacionbilingue.eu\/da-beatriz-lopez-medina\/","og_locale":"en_US","og_type":"article","og_title":"Dr. Beatriz L\u00f3pez Medina - V Blended Conference for Professionals in Bilingual and International Education","og_description":"[vc_row css_animation=&#8221;&#8221; row_type=&#8221;row&#8221; use_row_as_full_screen_section=&#8221;no&#8221; type=&#8221;full_width&#8221; angled_section=&#8221;no&#8221; text_align=&#8221;left&#8221; background_image_as_pattern=&#8221;without_pattern&#8221; el_class=&#8221;fondo-teja&#8221; css=&#8221;.vc_custom_1490630823443{margin-right: 5% !important;margin-left: 5% !important;padding-top: 75px !important;}&#8221;][vc_column][vc_single_image image=&#8221;475&#8243; img_size=&#8221;full&#8221; alignment=&#8221;center&#8221; qode_css_animation=&#8221;&#8221; css=&#8221;.vc_custom_1490641590298{padding-bottom: 50px !important;}&#8221;][vc_column_text css=&#8221;.vc_custom_1490891981994{padding-bottom: 50px !important;}&#8221;] Dr. Beatriz L\u00f3pez Medina [\/vc_column_text][vc_column_text] Biodata &nbsp; She holds degrees in English and German Philologies, and a Ph.D. in...","og_url":"https:\/\/educacionbilingue.eu\/da-beatriz-lopez-medina\/","og_site_name":"V Blended Conference for Professionals in Bilingual and International Education","article_modified_time":"2018-03-13T15:44:30+00:00","og_image":[{"width":512,"height":512,"url":"https:\/\/educacionbilingue.eu\/wp-content\/uploads\/2017\/04\/cropped-logo-web.png","type":"image\/png"}],"twitter_card":"summary_large_image","twitter_misc":{"Est. reading time":"1 minute"},"schema":{"@context":"https:\/\/schema.org","@graph":[{"@type":"WebPage","@id":"https:\/\/educacionbilingue.eu\/da-beatriz-lopez-medina\/","url":"https:\/\/educacionbilingue.eu\/da-beatriz-lopez-medina\/","name":"Dr. Beatriz L\u00f3pez Medina - V Blended Conference for Professionals in Bilingual and International Education","isPartOf":{"@id":"https:\/\/educacionbilingue.eu\/#website"},"datePublished":"2017-03-27T19:06:31+00:00","dateModified":"2018-03-13T15:44:30+00:00","breadcrumb":{"@id":"https:\/\/educacionbilingue.eu\/da-beatriz-lopez-medina\/#breadcrumb"},"inLanguage":"en-EN","potentialAction":[{"@type":"ReadAction","target":["https:\/\/educacionbilingue.eu\/da-beatriz-lopez-medina\/"]}]},{"@type":"BreadcrumbList","@id":"https:\/\/educacionbilingue.eu\/da-beatriz-lopez-medina\/#breadcrumb","itemListElement":[{"@type":"ListItem","position":1,"name":"V Congreso Semipresencial para Profesionales de la Educaci\u00f3n Biling\u00fce e Internacional","item":"https:\/\/educacionbilingue.eu\/"},{"@type":"ListItem","position":2,"name":"Dr. Beatriz L\u00f3pez Medina"}]},{"@type":"WebSite","@id":"https:\/\/educacionbilingue.eu\/#website","url":"https:\/\/educacionbilingue.eu\/","name":"V Blended Conference for Professionals in Bilingual and International Education","description":"","publisher":{"@id":"https:\/\/educacionbilingue.eu\/#organization"},"potentialAction":[{"@type":"SearchAction","target":{"@type":"EntryPoint","urlTemplate":"https:\/\/educacionbilingue.eu\/?s={search_term_string}"},"query-input":"required name=search_term_string"}],"inLanguage":"en-EN"},{"@type":"Organization","@id":"https:\/\/educacionbilingue.eu\/#organization","name":"Congreso de Educaci\u00f3n Biling\u00fce","url":"https:\/\/educacionbilingue.eu\/","logo":{"@type":"ImageObject","inLanguage":"en-EN","@id":"https:\/\/educacionbilingue.eu\/#\/schema\/logo\/image\/","url":"https:\/\/educacionbilingue.eu\/wp-content\/uploads\/2018\/03\/400dpiLogoCropped.png","contentUrl":"https:\/\/educacionbilingue.eu\/wp-content\/uploads\/2018\/03\/400dpiLogoCropped.png","width":800,"height":1167,"caption":"Congreso de Educaci\u00f3n Biling\u00fce"},"image":{"@id":"https:\/\/educacionbilingue.eu\/#\/schema\/logo\/image\/"}}]}},"_links":{"self":[{"href":"https:\/\/educacionbilingue.eu\/en\/wp-json\/wp\/v2\/pages\/474","targetHints":{"allow":["GET"]}}],"collection":[{"href":"https:\/\/educacionbilingue.eu\/en\/wp-json\/wp\/v2\/pages"}],"about":[{"href":"https:\/\/educacionbilingue.eu\/en\/wp-json\/wp\/v2\/types\/page"}],"author":[{"embeddable":true,"href":"https:\/\/educacionbilingue.eu\/en\/wp-json\/wp\/v2\/users\/2"}],"replies":[{"embeddable":true,"href":"https:\/\/educacionbilingue.eu\/en\/wp-json\/wp\/v2\/comments?post=474"}],"version-history":[{"count":16,"href":"https:\/\/educacionbilingue.eu\/en\/wp-json\/wp\/v2\/pages\/474\/revisions"}],"predecessor-version":[{"id":1783,"href":"https:\/\/educacionbilingue.eu\/en\/wp-json\/wp\/v2\/pages\/474\/revisions\/1783"}],"wp:attachment":[{"href":"https:\/\/educacionbilingue.eu\/en\/wp-json\/wp\/v2\/media?parent=474"}],"curies":[{"name":"wp","href":"https:\/\/api.w.org\/{rel}","templated":true}]}}