{"id":478,"date":"2017-03-27T19:15:44","date_gmt":"2017-03-27T19:15:44","guid":{"rendered":"https:\/\/educacionbilingue.eu\/?page_id=478"},"modified":"2017-05-03T10:41:17","modified_gmt":"2017-05-03T10:41:17","slug":"da-lucia-abalos-alvarez","status":"publish","type":"page","link":"https:\/\/educacionbilingue.eu\/en\/da-lucia-abalos-alvarez\/","title":{"rendered":"Ms. Luc\u00eda \u00c1balos \u00c1lvarez"},"content":{"rendered":"<p>[vc_row css_animation=&#8221;&#8221; row_type=&#8221;row&#8221; use_row_as_full_screen_section=&#8221;no&#8221; type=&#8221;full_width&#8221; angled_section=&#8221;no&#8221; text_align=&#8221;left&#8221; background_image_as_pattern=&#8221;without_pattern&#8221; el_class=&#8221;fondo-teja&#8221; css=&#8221;.vc_custom_1490630823443{margin-right: 5% !important;margin-left: 5% !important;padding-top: 75px !important;}&#8221;][vc_column][vc_column_text css=&#8221;.vc_custom_1493296705116{padding-bottom: 50px !important;}&#8221;]<\/p>\n<h1 style=\"text-align: center;\">Principals and coordinators group<\/h1>\n<p>[\/vc_column_text][vc_single_image image=&#8221;479&#8243; img_size=&#8221;full&#8221; alignment=&#8221;center&#8221; qode_css_animation=&#8221;&#8221; css=&#8221;.vc_custom_1490642050634{padding-bottom: 50px !important;}&#8221;][vc_column_text css=&#8221;.vc_custom_1493290897682{padding-bottom: 50px !important;}&#8221;]<\/p>\n<p style=\"text-align: center;\"><span style=\"font-size: 32pt; color: #808080;\">Ms. Luc\u00eda \u00c1balos \u00c1lvarez<\/span><\/p>\n<p>[\/vc_column_text][vc_column_text]<\/p>\n<p style=\"text-align: center;\"><span style=\"color: #a71f00;\">Biodata<\/span><\/p>\n<p>&nbsp;<\/p>\n<p style=\"text-align: justify;\">Mrs. Luc\u00eda \u00c1balos \u00c1lvarez is a Deputy Head teacher at a bilingual primary state school in Madrid and has been a bilingual programme coordinator for more than seven years. She is also a university professor at the UCJC (English Teacher Training Degree) and at the UFV (Bilingual Education Master).<\/p>\n<p style=\"text-align: justify;\">She studied at an Italian bilingual school in Madrid, and graduated with degrees in English Teacher Training and Educational Psychology.<\/p>\n<p style=\"text-align: justify;\">She has thirteen years of teaching and coordinating experience in bilingual primary schools both in the UK and in Spain and has attended numerous events based on bilingual school management, such as Primary Languages Show (UK); bilingual endorsement at the Institute for Innovation in Second Language Education (Canada); leading research-based bilingual programmes, at George Mason University (USA)\u2026<\/p>\n<p style=\"text-align: justify;\">She has taught\/presented a wide range of international courses about leading bilingual programmes: FLT methodology in schools (UK), teaching approaches for MFL (UK), one-week residential course for British bilingual teachers (Tordesillas), learning rhythms in a bilingual classroom (CTIF Madrid), new perspectives in foreign languages (UCM Madrid), get in touch with a twin school through ICT, (CRIF Madrid), science in bilingual classrooms (CTIF Madrid), leadership course for bilingual programme coordinators (CRIF Madrid)\u2026<\/p>\n<p>[\/vc_column_text][vc_empty_space][vc_column_text]<\/p>\n<p style=\"text-align: center;\"><span style=\"color: #a71f00;\">Leading Bilingual Programmes<\/span><\/p>\n<p>&nbsp;<\/p>\n<p style=\"text-align: justify;\">How can we lead bilingual programmes? How can I improve as a teacher leader? In what ways does your teacher leadership foster growth and empowerment in others?<br \/>\nThese are the main questions that we will explore during our conference about bilingual programme leadership.<br \/>\nThe following are key aspects of bilingual school programmes we will be talking about and analysing in a very practical way, so you can all hopefully go back to your schools and put everything into practice:<br \/>\n&#8211; Bilingual team meeting planning,<br \/>\n&#8211; Expectations, duties and linguistic contributions of language assistants,<br \/>\n&#8211; Families, students and colleagues motivation,- Language-cognition connection,<br \/>\n&#8211; Action plans or action research plans to help my school improve.<\/p>\n<p>[\/vc_column_text][vc_empty_space][\/vc_column][\/vc_row]<\/p>\n","protected":false},"excerpt":{"rendered":"<p>[vc_row css_animation=&#8221;&#8221; row_type=&#8221;row&#8221; use_row_as_full_screen_section=&#8221;no&#8221; type=&#8221;full_width&#8221; angled_section=&#8221;no&#8221; text_align=&#8221;left&#8221; background_image_as_pattern=&#8221;without_pattern&#8221; el_class=&#8221;fondo-teja&#8221; css=&#8221;.vc_custom_1490630823443{margin-right: 5% !important;margin-left: 5% !important;padding-top: 75px !important;}&#8221;][vc_column][vc_column_text css=&#8221;.vc_custom_1493296705116{padding-bottom: 50px !important;}&#8221;] Principals and coordinators group [\/vc_column_text][vc_single_image image=&#8221;479&#8243; img_size=&#8221;full&#8221; alignment=&#8221;center&#8221; qode_css_animation=&#8221;&#8221; css=&#8221;.vc_custom_1490642050634{padding-bottom: 50px !important;}&#8221;][vc_column_text css=&#8221;.vc_custom_1493290897682{padding-bottom: 50px !important;}&#8221;] Ms. Luc\u00eda \u00c1balos \u00c1lvarez [\/vc_column_text][vc_column_text] Biodata &nbsp; Mrs. Luc\u00eda \u00c1balos \u00c1lvarez&#8230;<\/p>\n","protected":false},"author":2,"featured_media":0,"parent":0,"menu_order":0,"comment_status":"closed","ping_status":"closed","template":"tema-magister.php","meta":{"footnotes":""},"class_list":["post-478","page","type-page","status-publish","hentry"],"yoast_head":"<!-- This site is optimized with the Yoast SEO plugin v20.1 - https:\/\/yoast.com\/wordpress\/plugins\/seo\/ -->\n<title>Ms. Luc\u00eda \u00c1balos \u00c1lvarez - V Blended Conference for Professionals in Bilingual and International Education<\/title>\n<meta name=\"robots\" content=\"index, follow, max-snippet:-1, max-image-preview:large, max-video-preview:-1\" \/>\n<link rel=\"canonical\" href=\"https:\/\/educacionbilingue.eu\/da-lucia-abalos-alvarez\/\" \/>\n<meta property=\"og:locale\" content=\"en_US\" \/>\n<meta property=\"og:type\" content=\"article\" \/>\n<meta property=\"og:title\" content=\"Ms. Luc\u00eda \u00c1balos \u00c1lvarez - V Blended Conference for Professionals in Bilingual and International Education\" \/>\n<meta property=\"og:description\" content=\"[vc_row css_animation=&#8221;&#8221; row_type=&#8221;row&#8221; use_row_as_full_screen_section=&#8221;no&#8221; type=&#8221;full_width&#8221; angled_section=&#8221;no&#8221; text_align=&#8221;left&#8221; background_image_as_pattern=&#8221;without_pattern&#8221; el_class=&#8221;fondo-teja&#8221; css=&#8221;.vc_custom_1490630823443{margin-right: 5% !important;margin-left: 5% !important;padding-top: 75px !important;}&#8221;][vc_column][vc_column_text css=&#8221;.vc_custom_1493296705116{padding-bottom: 50px !important;}&#8221;] Principals and coordinators group [\/vc_column_text][vc_single_image image=&#8221;479&#8243; img_size=&#8221;full&#8221; alignment=&#8221;center&#8221; qode_css_animation=&#8221;&#8221; css=&#8221;.vc_custom_1490642050634{padding-bottom: 50px !important;}&#8221;][vc_column_text css=&#8221;.vc_custom_1493290897682{padding-bottom: 50px !important;}&#8221;] Ms. Luc\u00eda \u00c1balos \u00c1lvarez [\/vc_column_text][vc_column_text] Biodata &nbsp; Mrs. Luc\u00eda \u00c1balos \u00c1lvarez...\" \/>\n<meta property=\"og:url\" content=\"https:\/\/educacionbilingue.eu\/da-lucia-abalos-alvarez\/\" \/>\n<meta property=\"og:site_name\" content=\"V Blended Conference for Professionals in Bilingual and International Education\" \/>\n<meta property=\"article:modified_time\" content=\"2017-05-03T10:41:17+00:00\" \/>\n<meta property=\"og:image\" content=\"https:\/\/educacionbilingue.eu\/wp-content\/uploads\/2017\/04\/cropped-logo-web.png\" \/>\n\t<meta property=\"og:image:width\" content=\"512\" \/>\n\t<meta property=\"og:image:height\" content=\"512\" \/>\n\t<meta property=\"og:image:type\" content=\"image\/png\" \/>\n<meta name=\"twitter:card\" content=\"summary_large_image\" \/>\n<meta name=\"twitter:label1\" content=\"Est. reading time\" \/>\n\t<meta name=\"twitter:data1\" content=\"2 minutes\" \/>\n<script type=\"application\/ld+json\" class=\"yoast-schema-graph\">{\"@context\":\"https:\/\/schema.org\",\"@graph\":[{\"@type\":\"WebPage\",\"@id\":\"https:\/\/educacionbilingue.eu\/da-lucia-abalos-alvarez\/\",\"url\":\"https:\/\/educacionbilingue.eu\/da-lucia-abalos-alvarez\/\",\"name\":\"Ms. Luc\u00eda \u00c1balos \u00c1lvarez - V Blended Conference for Professionals in Bilingual and International Education\",\"isPartOf\":{\"@id\":\"https:\/\/educacionbilingue.eu\/#website\"},\"datePublished\":\"2017-03-27T19:15:44+00:00\",\"dateModified\":\"2017-05-03T10:41:17+00:00\",\"breadcrumb\":{\"@id\":\"https:\/\/educacionbilingue.eu\/da-lucia-abalos-alvarez\/#breadcrumb\"},\"inLanguage\":\"en-EN\",\"potentialAction\":[{\"@type\":\"ReadAction\",\"target\":[\"https:\/\/educacionbilingue.eu\/da-lucia-abalos-alvarez\/\"]}]},{\"@type\":\"BreadcrumbList\",\"@id\":\"https:\/\/educacionbilingue.eu\/da-lucia-abalos-alvarez\/#breadcrumb\",\"itemListElement\":[{\"@type\":\"ListItem\",\"position\":1,\"name\":\"V Congreso Semipresencial para Profesionales de la Educaci\u00f3n Biling\u00fce e Internacional\",\"item\":\"https:\/\/educacionbilingue.eu\/\"},{\"@type\":\"ListItem\",\"position\":2,\"name\":\"D\u00aa. Luc\u00eda \u00c1balos \u00c1lvarez\"}]},{\"@type\":\"WebSite\",\"@id\":\"https:\/\/educacionbilingue.eu\/#website\",\"url\":\"https:\/\/educacionbilingue.eu\/\",\"name\":\"V Blended Conference for Professionals in Bilingual and International Education\",\"description\":\"\",\"publisher\":{\"@id\":\"https:\/\/educacionbilingue.eu\/#organization\"},\"potentialAction\":[{\"@type\":\"SearchAction\",\"target\":{\"@type\":\"EntryPoint\",\"urlTemplate\":\"https:\/\/educacionbilingue.eu\/?s={search_term_string}\"},\"query-input\":\"required name=search_term_string\"}],\"inLanguage\":\"en-EN\"},{\"@type\":\"Organization\",\"@id\":\"https:\/\/educacionbilingue.eu\/#organization\",\"name\":\"Congreso de Educaci\u00f3n Biling\u00fce\",\"url\":\"https:\/\/educacionbilingue.eu\/\",\"logo\":{\"@type\":\"ImageObject\",\"inLanguage\":\"en-EN\",\"@id\":\"https:\/\/educacionbilingue.eu\/#\/schema\/logo\/image\/\",\"url\":\"https:\/\/educacionbilingue.eu\/wp-content\/uploads\/2018\/03\/400dpiLogoCropped.png\",\"contentUrl\":\"https:\/\/educacionbilingue.eu\/wp-content\/uploads\/2018\/03\/400dpiLogoCropped.png\",\"width\":800,\"height\":1167,\"caption\":\"Congreso de Educaci\u00f3n Biling\u00fce\"},\"image\":{\"@id\":\"https:\/\/educacionbilingue.eu\/#\/schema\/logo\/image\/\"}}]}<\/script>\n<!-- \/ Yoast SEO plugin. -->","yoast_head_json":{"title":"Ms. Luc\u00eda \u00c1balos \u00c1lvarez - V Blended Conference for Professionals in Bilingual and International Education","robots":{"index":"index","follow":"follow","max-snippet":"max-snippet:-1","max-image-preview":"max-image-preview:large","max-video-preview":"max-video-preview:-1"},"canonical":"https:\/\/educacionbilingue.eu\/da-lucia-abalos-alvarez\/","og_locale":"en_US","og_type":"article","og_title":"Ms. Luc\u00eda \u00c1balos \u00c1lvarez - V Blended Conference for Professionals in Bilingual and International Education","og_description":"[vc_row css_animation=&#8221;&#8221; row_type=&#8221;row&#8221; use_row_as_full_screen_section=&#8221;no&#8221; type=&#8221;full_width&#8221; angled_section=&#8221;no&#8221; text_align=&#8221;left&#8221; background_image_as_pattern=&#8221;without_pattern&#8221; el_class=&#8221;fondo-teja&#8221; css=&#8221;.vc_custom_1490630823443{margin-right: 5% !important;margin-left: 5% !important;padding-top: 75px !important;}&#8221;][vc_column][vc_column_text css=&#8221;.vc_custom_1493296705116{padding-bottom: 50px !important;}&#8221;] Principals and coordinators group [\/vc_column_text][vc_single_image image=&#8221;479&#8243; img_size=&#8221;full&#8221; alignment=&#8221;center&#8221; qode_css_animation=&#8221;&#8221; css=&#8221;.vc_custom_1490642050634{padding-bottom: 50px !important;}&#8221;][vc_column_text css=&#8221;.vc_custom_1493290897682{padding-bottom: 50px !important;}&#8221;] Ms. Luc\u00eda \u00c1balos \u00c1lvarez [\/vc_column_text][vc_column_text] Biodata &nbsp; Mrs. Luc\u00eda \u00c1balos \u00c1lvarez...","og_url":"https:\/\/educacionbilingue.eu\/da-lucia-abalos-alvarez\/","og_site_name":"V Blended Conference for Professionals in Bilingual and International Education","article_modified_time":"2017-05-03T10:41:17+00:00","og_image":[{"width":512,"height":512,"url":"https:\/\/educacionbilingue.eu\/wp-content\/uploads\/2017\/04\/cropped-logo-web.png","type":"image\/png"}],"twitter_card":"summary_large_image","twitter_misc":{"Est. reading time":"2 minutes"},"schema":{"@context":"https:\/\/schema.org","@graph":[{"@type":"WebPage","@id":"https:\/\/educacionbilingue.eu\/da-lucia-abalos-alvarez\/","url":"https:\/\/educacionbilingue.eu\/da-lucia-abalos-alvarez\/","name":"Ms. Luc\u00eda \u00c1balos \u00c1lvarez - V Blended Conference for Professionals in Bilingual and International Education","isPartOf":{"@id":"https:\/\/educacionbilingue.eu\/#website"},"datePublished":"2017-03-27T19:15:44+00:00","dateModified":"2017-05-03T10:41:17+00:00","breadcrumb":{"@id":"https:\/\/educacionbilingue.eu\/da-lucia-abalos-alvarez\/#breadcrumb"},"inLanguage":"en-EN","potentialAction":[{"@type":"ReadAction","target":["https:\/\/educacionbilingue.eu\/da-lucia-abalos-alvarez\/"]}]},{"@type":"BreadcrumbList","@id":"https:\/\/educacionbilingue.eu\/da-lucia-abalos-alvarez\/#breadcrumb","itemListElement":[{"@type":"ListItem","position":1,"name":"V Congreso Semipresencial para Profesionales de la Educaci\u00f3n Biling\u00fce e Internacional","item":"https:\/\/educacionbilingue.eu\/"},{"@type":"ListItem","position":2,"name":"D\u00aa. Luc\u00eda \u00c1balos \u00c1lvarez"}]},{"@type":"WebSite","@id":"https:\/\/educacionbilingue.eu\/#website","url":"https:\/\/educacionbilingue.eu\/","name":"V Blended Conference for Professionals in Bilingual and International Education","description":"","publisher":{"@id":"https:\/\/educacionbilingue.eu\/#organization"},"potentialAction":[{"@type":"SearchAction","target":{"@type":"EntryPoint","urlTemplate":"https:\/\/educacionbilingue.eu\/?s={search_term_string}"},"query-input":"required name=search_term_string"}],"inLanguage":"en-EN"},{"@type":"Organization","@id":"https:\/\/educacionbilingue.eu\/#organization","name":"Congreso de Educaci\u00f3n Biling\u00fce","url":"https:\/\/educacionbilingue.eu\/","logo":{"@type":"ImageObject","inLanguage":"en-EN","@id":"https:\/\/educacionbilingue.eu\/#\/schema\/logo\/image\/","url":"https:\/\/educacionbilingue.eu\/wp-content\/uploads\/2018\/03\/400dpiLogoCropped.png","contentUrl":"https:\/\/educacionbilingue.eu\/wp-content\/uploads\/2018\/03\/400dpiLogoCropped.png","width":800,"height":1167,"caption":"Congreso de Educaci\u00f3n Biling\u00fce"},"image":{"@id":"https:\/\/educacionbilingue.eu\/#\/schema\/logo\/image\/"}}]}},"_links":{"self":[{"href":"https:\/\/educacionbilingue.eu\/en\/wp-json\/wp\/v2\/pages\/478","targetHints":{"allow":["GET"]}}],"collection":[{"href":"https:\/\/educacionbilingue.eu\/en\/wp-json\/wp\/v2\/pages"}],"about":[{"href":"https:\/\/educacionbilingue.eu\/en\/wp-json\/wp\/v2\/types\/page"}],"author":[{"embeddable":true,"href":"https:\/\/educacionbilingue.eu\/en\/wp-json\/wp\/v2\/users\/2"}],"replies":[{"embeddable":true,"href":"https:\/\/educacionbilingue.eu\/en\/wp-json\/wp\/v2\/comments?post=478"}],"version-history":[{"count":15,"href":"https:\/\/educacionbilingue.eu\/en\/wp-json\/wp\/v2\/pages\/478\/revisions"}],"predecessor-version":[{"id":1317,"href":"https:\/\/educacionbilingue.eu\/en\/wp-json\/wp\/v2\/pages\/478\/revisions\/1317"}],"wp:attachment":[{"href":"https:\/\/educacionbilingue.eu\/en\/wp-json\/wp\/v2\/media?parent=478"}],"curies":[{"name":"wp","href":"https:\/\/api.w.org\/{rel}","templated":true}]}}