{"id":5195,"date":"2022-08-05T08:08:38","date_gmt":"2022-08-05T08:08:38","guid":{"rendered":"https:\/\/educacionbilingue.eu\/?page_id=5195"},"modified":"2022-08-19T07:51:15","modified_gmt":"2022-08-19T07:51:15","slug":"2022-jose-ignacio-perez-betancur","status":"publish","type":"page","link":"https:\/\/educacionbilingue.eu\/en\/2022-jose-ignacio-perez-betancur\/","title":{"rendered":"2022 &#8211; Jos\u00e9 Ignacio P\u00e9rez Betancur"},"content":{"rendered":"<p>[vc_row css_animation=&#8221;&#8221; row_type=&#8221;row&#8221; use_row_as_full_screen_section=&#8221;no&#8221; type=&#8221;full_width&#8221; angled_section=&#8221;no&#8221; text_align=&#8221;left&#8221; background_image_as_pattern=&#8221;without_pattern&#8221; el_class=&#8221;fondo-teja&#8221; css=&#8221;.vc_custom_1490630823443{margin-right: 5% !important;margin-left: 5% !important;padding-top: 75px !important;}&#8221;][vc_column][vc_single_image image=&#8221;5197&#8243; img_size=&#8221;medium&#8221; alignment=&#8221;center&#8221; qode_css_animation=&#8221;&#8221; css=&#8221;.vc_custom_1659687125014{padding-bottom: 50px !important;}&#8221;][vc_column_text css=&#8221;.vc_custom_1659687219811{padding-bottom: 50px !important;}&#8221;]<\/p>\n<p style=\"text-align: center;\"><span style=\"font-size: 32pt; color: #808080;\">Mr. Jos\u00e9 Ignacio P\u00e9rez Betancur<\/span><\/p>\n<p>[\/vc_column_text][vc_column_text]<\/p>\n<p style=\"text-align: center;\"><span style=\"color: #a71f00;\">A brief CV<\/span><\/p>\n<p>&nbsp;<\/p>\n<p style=\"text-align: left;\"><span style=\"font-weight: 400;\">Mr. Jos\u00e9 Ignacio P\u00e9rez Betancur holds a Major in Finances and Projects. Additionally, a Degree in International Business Manager and he is currently the International Affairs Leader of Escuela Superior Tecnol\u00f3gica de Artes D\u00e9bora Arango in Medellin \u2013 Colombia, where he has had an important experience about international cooperation, mobility and internationalization of the curriculum.<\/span><\/p>\n<p><span style=\"font-weight: 400;\">Jose has participated in many international conferences and events about multicultural cooperation and the education process and he has also organized international events about research in arts.<\/span><\/p>\n<p>&nbsp;<\/p>\n<p style=\"text-align: center;\"><strong>D\u00e9bora Arango: The impact to research and international influence in the artistic education<\/strong><\/p>\n<p><span style=\"font-weight: 400;\">The Escuela Superior Tecnol\u00f3gica de Artes D\u00e9bora Arango Instituci\u00f3n Redefinida is a public institution of higher education of the Municipal order, with educational presence in the municipality of Envigado (near Medell\u00edn &#8211; Colombia).<\/span><\/p>\n<p><span style=\"font-weight: 400;\">D\u00e9bora Arango has an academic offer on of training in higher education training in fifteen academic programs with qualified registration, articulated by propaedeutic cycles at the professional, technical and technological levels. Those programs are offered\u00a0 in the following contexts: artistic, creative and cultural practices.<\/span><\/p>\n<p><span style=\"font-weight: 400;\">The school implements every semester a different type of project where the students generate several artistic products as a result of a research process and they invite many international experts who contribute to the research students\u00b4 processes.<\/span>[\/vc_column_text][vc_empty_space height=&#8221;62px&#8221;][\/vc_column][\/vc_row]<\/p>\n","protected":false},"excerpt":{"rendered":"<p>[vc_row css_animation=&#8221;&#8221; row_type=&#8221;row&#8221; use_row_as_full_screen_section=&#8221;no&#8221; type=&#8221;full_width&#8221; angled_section=&#8221;no&#8221; text_align=&#8221;left&#8221; background_image_as_pattern=&#8221;without_pattern&#8221; el_class=&#8221;fondo-teja&#8221; css=&#8221;.vc_custom_1490630823443{margin-right: 5% !important;margin-left: 5% !important;padding-top: 75px !important;}&#8221;][vc_column][vc_single_image image=&#8221;5197&#8243; img_size=&#8221;medium&#8221; alignment=&#8221;center&#8221; qode_css_animation=&#8221;&#8221; css=&#8221;.vc_custom_1659687125014{padding-bottom: 50px !important;}&#8221;][vc_column_text css=&#8221;.vc_custom_1659687219811{padding-bottom: 50px !important;}&#8221;] Mr. Jos\u00e9 Ignacio P\u00e9rez Betancur [\/vc_column_text][vc_column_text] A brief CV &nbsp; Mr. Jos\u00e9 Ignacio P\u00e9rez Betancur holds a Major in&#8230;<\/p>\n","protected":false},"author":2,"featured_media":0,"parent":0,"menu_order":0,"comment_status":"closed","ping_status":"closed","template":"tema-magister-2022.php","meta":{"footnotes":""},"class_list":["post-5195","page","type-page","status-publish","hentry"],"yoast_head":"<!-- This site is optimized with the Yoast SEO plugin v20.1 - https:\/\/yoast.com\/wordpress\/plugins\/seo\/ -->\n<title>2022 - Jos\u00e9 Ignacio P\u00e9rez Betancur - V Blended Conference for Professionals in Bilingual and International Education<\/title>\n<meta name=\"robots\" content=\"index, follow, max-snippet:-1, max-image-preview:large, max-video-preview:-1\" \/>\n<link rel=\"canonical\" href=\"https:\/\/educacionbilingue.eu\/2022-jose-ignacio-perez-betancur\/\" \/>\n<meta property=\"og:locale\" content=\"en_US\" \/>\n<meta property=\"og:type\" content=\"article\" \/>\n<meta property=\"og:title\" content=\"2022 - Jos\u00e9 Ignacio P\u00e9rez Betancur - V Blended Conference for Professionals in Bilingual and International Education\" \/>\n<meta property=\"og:description\" content=\"[vc_row css_animation=&#8221;&#8221; row_type=&#8221;row&#8221; use_row_as_full_screen_section=&#8221;no&#8221; type=&#8221;full_width&#8221; angled_section=&#8221;no&#8221; text_align=&#8221;left&#8221; background_image_as_pattern=&#8221;without_pattern&#8221; el_class=&#8221;fondo-teja&#8221; css=&#8221;.vc_custom_1490630823443{margin-right: 5% !important;margin-left: 5% !important;padding-top: 75px !important;}&#8221;][vc_column][vc_single_image image=&#8221;5197&#8243; img_size=&#8221;medium&#8221; alignment=&#8221;center&#8221; qode_css_animation=&#8221;&#8221; css=&#8221;.vc_custom_1659687125014{padding-bottom: 50px !important;}&#8221;][vc_column_text css=&#8221;.vc_custom_1659687219811{padding-bottom: 50px !important;}&#8221;] Mr. Jos\u00e9 Ignacio P\u00e9rez Betancur [\/vc_column_text][vc_column_text] A brief CV &nbsp; Mr. Jos\u00e9 Ignacio P\u00e9rez Betancur holds a Major in...\" \/>\n<meta property=\"og:url\" content=\"https:\/\/educacionbilingue.eu\/2022-jose-ignacio-perez-betancur\/\" \/>\n<meta property=\"og:site_name\" content=\"V Blended Conference for Professionals in Bilingual and International Education\" \/>\n<meta property=\"article:modified_time\" content=\"2022-08-19T07:51:15+00:00\" \/>\n<meta property=\"og:image\" content=\"https:\/\/educacionbilingue.eu\/wp-content\/uploads\/2017\/04\/cropped-logo-web.png\" \/>\n\t<meta property=\"og:image:width\" content=\"512\" \/>\n\t<meta property=\"og:image:height\" content=\"512\" \/>\n\t<meta property=\"og:image:type\" content=\"image\/png\" \/>\n<meta name=\"twitter:card\" content=\"summary_large_image\" \/>\n<meta name=\"twitter:label1\" content=\"Est. reading time\" \/>\n\t<meta name=\"twitter:data1\" content=\"2 minutes\" \/>\n<script type=\"application\/ld+json\" class=\"yoast-schema-graph\">{\"@context\":\"https:\/\/schema.org\",\"@graph\":[{\"@type\":\"WebPage\",\"@id\":\"https:\/\/educacionbilingue.eu\/2022-jose-ignacio-perez-betancur\/\",\"url\":\"https:\/\/educacionbilingue.eu\/2022-jose-ignacio-perez-betancur\/\",\"name\":\"2022 - Jos\u00e9 Ignacio P\u00e9rez Betancur - V Blended Conference for Professionals in Bilingual and International Education\",\"isPartOf\":{\"@id\":\"https:\/\/educacionbilingue.eu\/#website\"},\"datePublished\":\"2022-08-05T08:08:38+00:00\",\"dateModified\":\"2022-08-19T07:51:15+00:00\",\"breadcrumb\":{\"@id\":\"https:\/\/educacionbilingue.eu\/2022-jose-ignacio-perez-betancur\/#breadcrumb\"},\"inLanguage\":\"en-EN\",\"potentialAction\":[{\"@type\":\"ReadAction\",\"target\":[\"https:\/\/educacionbilingue.eu\/2022-jose-ignacio-perez-betancur\/\"]}]},{\"@type\":\"BreadcrumbList\",\"@id\":\"https:\/\/educacionbilingue.eu\/2022-jose-ignacio-perez-betancur\/#breadcrumb\",\"itemListElement\":[{\"@type\":\"ListItem\",\"position\":1,\"name\":\"V Congreso Semipresencial para Profesionales de la Educaci\u00f3n Biling\u00fce e Internacional\",\"item\":\"https:\/\/educacionbilingue.eu\/\"},{\"@type\":\"ListItem\",\"position\":2,\"name\":\"2022 &#8211; Jos\u00e9 Ignacio P\u00e9rez Betancur\"}]},{\"@type\":\"WebSite\",\"@id\":\"https:\/\/educacionbilingue.eu\/#website\",\"url\":\"https:\/\/educacionbilingue.eu\/\",\"name\":\"V Blended Conference for Professionals in Bilingual and International Education\",\"description\":\"\",\"publisher\":{\"@id\":\"https:\/\/educacionbilingue.eu\/#organization\"},\"potentialAction\":[{\"@type\":\"SearchAction\",\"target\":{\"@type\":\"EntryPoint\",\"urlTemplate\":\"https:\/\/educacionbilingue.eu\/?s={search_term_string}\"},\"query-input\":\"required name=search_term_string\"}],\"inLanguage\":\"en-EN\"},{\"@type\":\"Organization\",\"@id\":\"https:\/\/educacionbilingue.eu\/#organization\",\"name\":\"Congreso de Educaci\u00f3n Biling\u00fce\",\"url\":\"https:\/\/educacionbilingue.eu\/\",\"logo\":{\"@type\":\"ImageObject\",\"inLanguage\":\"en-EN\",\"@id\":\"https:\/\/educacionbilingue.eu\/#\/schema\/logo\/image\/\",\"url\":\"https:\/\/educacionbilingue.eu\/wp-content\/uploads\/2018\/03\/400dpiLogoCropped.png\",\"contentUrl\":\"https:\/\/educacionbilingue.eu\/wp-content\/uploads\/2018\/03\/400dpiLogoCropped.png\",\"width\":800,\"height\":1167,\"caption\":\"Congreso de Educaci\u00f3n Biling\u00fce\"},\"image\":{\"@id\":\"https:\/\/educacionbilingue.eu\/#\/schema\/logo\/image\/\"}}]}<\/script>\n<!-- \/ Yoast SEO plugin. -->","yoast_head_json":{"title":"2022 - Jos\u00e9 Ignacio P\u00e9rez Betancur - V Blended Conference for Professionals in Bilingual and International Education","robots":{"index":"index","follow":"follow","max-snippet":"max-snippet:-1","max-image-preview":"max-image-preview:large","max-video-preview":"max-video-preview:-1"},"canonical":"https:\/\/educacionbilingue.eu\/2022-jose-ignacio-perez-betancur\/","og_locale":"en_US","og_type":"article","og_title":"2022 - Jos\u00e9 Ignacio P\u00e9rez Betancur - V Blended Conference for Professionals in Bilingual and International Education","og_description":"[vc_row css_animation=&#8221;&#8221; row_type=&#8221;row&#8221; use_row_as_full_screen_section=&#8221;no&#8221; type=&#8221;full_width&#8221; angled_section=&#8221;no&#8221; text_align=&#8221;left&#8221; background_image_as_pattern=&#8221;without_pattern&#8221; el_class=&#8221;fondo-teja&#8221; css=&#8221;.vc_custom_1490630823443{margin-right: 5% !important;margin-left: 5% !important;padding-top: 75px !important;}&#8221;][vc_column][vc_single_image image=&#8221;5197&#8243; img_size=&#8221;medium&#8221; alignment=&#8221;center&#8221; qode_css_animation=&#8221;&#8221; css=&#8221;.vc_custom_1659687125014{padding-bottom: 50px !important;}&#8221;][vc_column_text css=&#8221;.vc_custom_1659687219811{padding-bottom: 50px !important;}&#8221;] Mr. Jos\u00e9 Ignacio P\u00e9rez Betancur [\/vc_column_text][vc_column_text] A brief CV &nbsp; Mr. Jos\u00e9 Ignacio P\u00e9rez Betancur holds a Major in...","og_url":"https:\/\/educacionbilingue.eu\/2022-jose-ignacio-perez-betancur\/","og_site_name":"V Blended Conference for Professionals in Bilingual and International Education","article_modified_time":"2022-08-19T07:51:15+00:00","og_image":[{"width":512,"height":512,"url":"https:\/\/educacionbilingue.eu\/wp-content\/uploads\/2017\/04\/cropped-logo-web.png","type":"image\/png"}],"twitter_card":"summary_large_image","twitter_misc":{"Est. reading time":"2 minutes"},"schema":{"@context":"https:\/\/schema.org","@graph":[{"@type":"WebPage","@id":"https:\/\/educacionbilingue.eu\/2022-jose-ignacio-perez-betancur\/","url":"https:\/\/educacionbilingue.eu\/2022-jose-ignacio-perez-betancur\/","name":"2022 - Jos\u00e9 Ignacio P\u00e9rez Betancur - V Blended Conference for Professionals in Bilingual and International Education","isPartOf":{"@id":"https:\/\/educacionbilingue.eu\/#website"},"datePublished":"2022-08-05T08:08:38+00:00","dateModified":"2022-08-19T07:51:15+00:00","breadcrumb":{"@id":"https:\/\/educacionbilingue.eu\/2022-jose-ignacio-perez-betancur\/#breadcrumb"},"inLanguage":"en-EN","potentialAction":[{"@type":"ReadAction","target":["https:\/\/educacionbilingue.eu\/2022-jose-ignacio-perez-betancur\/"]}]},{"@type":"BreadcrumbList","@id":"https:\/\/educacionbilingue.eu\/2022-jose-ignacio-perez-betancur\/#breadcrumb","itemListElement":[{"@type":"ListItem","position":1,"name":"V Congreso Semipresencial para Profesionales de la Educaci\u00f3n Biling\u00fce e Internacional","item":"https:\/\/educacionbilingue.eu\/"},{"@type":"ListItem","position":2,"name":"2022 &#8211; Jos\u00e9 Ignacio P\u00e9rez Betancur"}]},{"@type":"WebSite","@id":"https:\/\/educacionbilingue.eu\/#website","url":"https:\/\/educacionbilingue.eu\/","name":"V Blended Conference for Professionals in Bilingual and International Education","description":"","publisher":{"@id":"https:\/\/educacionbilingue.eu\/#organization"},"potentialAction":[{"@type":"SearchAction","target":{"@type":"EntryPoint","urlTemplate":"https:\/\/educacionbilingue.eu\/?s={search_term_string}"},"query-input":"required name=search_term_string"}],"inLanguage":"en-EN"},{"@type":"Organization","@id":"https:\/\/educacionbilingue.eu\/#organization","name":"Congreso de Educaci\u00f3n Biling\u00fce","url":"https:\/\/educacionbilingue.eu\/","logo":{"@type":"ImageObject","inLanguage":"en-EN","@id":"https:\/\/educacionbilingue.eu\/#\/schema\/logo\/image\/","url":"https:\/\/educacionbilingue.eu\/wp-content\/uploads\/2018\/03\/400dpiLogoCropped.png","contentUrl":"https:\/\/educacionbilingue.eu\/wp-content\/uploads\/2018\/03\/400dpiLogoCropped.png","width":800,"height":1167,"caption":"Congreso de Educaci\u00f3n Biling\u00fce"},"image":{"@id":"https:\/\/educacionbilingue.eu\/#\/schema\/logo\/image\/"}}]}},"_links":{"self":[{"href":"https:\/\/educacionbilingue.eu\/en\/wp-json\/wp\/v2\/pages\/5195","targetHints":{"allow":["GET"]}}],"collection":[{"href":"https:\/\/educacionbilingue.eu\/en\/wp-json\/wp\/v2\/pages"}],"about":[{"href":"https:\/\/educacionbilingue.eu\/en\/wp-json\/wp\/v2\/types\/page"}],"author":[{"embeddable":true,"href":"https:\/\/educacionbilingue.eu\/en\/wp-json\/wp\/v2\/users\/2"}],"replies":[{"embeddable":true,"href":"https:\/\/educacionbilingue.eu\/en\/wp-json\/wp\/v2\/comments?post=5195"}],"version-history":[{"count":6,"href":"https:\/\/educacionbilingue.eu\/en\/wp-json\/wp\/v2\/pages\/5195\/revisions"}],"predecessor-version":[{"id":5457,"href":"https:\/\/educacionbilingue.eu\/en\/wp-json\/wp\/v2\/pages\/5195\/revisions\/5457"}],"wp:attachment":[{"href":"https:\/\/educacionbilingue.eu\/en\/wp-json\/wp\/v2\/media?parent=5195"}],"curies":[{"name":"wp","href":"https:\/\/api.w.org\/{rel}","templated":true}]}}